{"id":5014,"date":"2022-11-02T16:53:13","date_gmt":"2022-11-02T15:53:13","guid":{"rendered":"https:\/\/jednostki.uksw.edu.pl\/mcb\/projekty\/budowa-demonstratora-platformy-cyfrowej-nauki\/"},"modified":"2022-11-08T20:10:40","modified_gmt":"2022-11-08T19:10:40","slug":"budowa-demonstratora-platformy-cyfrowej-nauki","status":"publish","type":"page","link":"https:\/\/mcb.uksw.edu.pl\/projekty\/budowa-demonstratora-platformy-cyfrowej-nauki\/","title":{"rendered":"Budowa demonstratora Platformy Cyfrowej Nauki"},"content":{"rendered":"\n<h2 class=\"wp-block-heading\">DOFINANSOWANIE<\/h2>\n\n\n\n<p><strong>Kwota dofinansowania:<\/strong>&nbsp;510 000,00 z\u0142<\/p>\n\n\n\n<p><strong>\u0179r\u00f3d\u0142o finansowania:<\/strong>&nbsp;zwi\u0119kszenie subwencji \u2013 Minister Edukacji i&nbsp;Nauki, decyzja nr&nbsp;112\/WFSN\/2020<\/p>\n\n\n\n<h2 class=\"wp-block-heading\">CZAS TRWANIA PROJEKTU<\/h2>\n\n\n\n<p><strong>Okres realizacji projektu:<\/strong>&nbsp;6 miesi\u0119cy (stycze\u0144-czerwiec 2021)<\/p>\n\n\n\n<h2 class=\"wp-block-heading\">STRONA Z&nbsp;WYNIKAMI PROJEKTU<\/h2>\n\n\n\n<p><a href=\"https:\/\/pcn.cnt.edu.pl\"><strong>https:\/\/pcn.cnt.edu.pl<\/strong><\/a><\/p>\n\n\n\n<h2 class=\"wp-block-heading\">OPIS PROJEKTU<\/h2>\n\n\n\n<p>Centrum Cyfrowej Nauki i&nbsp;Technologii rozpocz\u0105\u0142 realizacj\u0119 projektu budowy demonstratora Platformy Cyfrowej Nauki wychodz\u0105c naprzeciw potrzebom wynikaj\u0105cym z&nbsp;intensyfikacji nauki zdalnej w&nbsp;uczelniach wy\u017cszych. W&nbsp;obliczu nowych, pandemicznych warunk\u00f3w pracy student\u00f3w, pilne sta\u0142o si\u0119 przygotowanie odpowiedniej jako\u015bci oraz&nbsp;w&nbsp;powszechnym dost\u0119pie materia\u0142\u00f3w edukacyjnych.<\/p>\n\n\n\n<p>Materia\u0142y te przygotowane zostan\u0105 w&nbsp;modelach 3D, tak&nbsp;aby odzwierciedla\u0142y 1:1 preparaty dost\u0119pne dotychczas tylko&nbsp;w&nbsp;salach wyk\u0142adowych. Unikalnymi, najcenniejszymi spo\u015br\u00f3d nich s\u0105 preparaty osteologiczne, s\u0142u\u017c\u0105ce studentom kierunk\u00f3w medycznych i&nbsp;paramedycznych nie&nbsp;tylko&nbsp;opanowaniu budowy ludzkiego ko\u015b\u0107ca, przebiegu nerw\u00f3w i&nbsp;naczy\u0144 krwiono\u015bnych, ale&nbsp;przede wszystkim stworzeniu solidnych podwalin wiedzy medycznej, do&nbsp;kt\u00f3rej&nbsp;nawi\u0105zywa\u0107 b\u0119d\u0105 w&nbsp;ci\u0105gu dalszego kszta\u0142cenia i&nbsp;pracy zawodowej, na&nbsp;ka\u017cdym z&nbsp;ich etap\u00f3w.<\/p>\n\n\n\n<p>Prace badawcze w&nbsp;Projekcie skoncentruj\u0105 si\u0119 na&nbsp;wyselekcjonowaniu odpowiedniego materia\u0142u do&nbsp;digitalizacji i&nbsp;opracowaniu komputerowych modeli 3D, odzwierciedlaj\u0105cych 1:1 preparaty rzeczywiste, opracowaniu repozytorium danych surowych, przeprowadzeniu prac rozwojowych w&nbsp;zakresie&nbsp;<a href=\"https:\/\/visnow.icm.edu.pl\/\" target=\"_blank\" rel=\"noreferrer noopener\">platformy VisNow<\/a>&nbsp;dla zastosowa\u0144 wizualizacji i&nbsp;analityki wizualnej, udost\u0119pnieniu materia\u0142u edukacyjnego na&nbsp;platformie wirtualnej bez&nbsp;ograniczenia dost\u0119pu, z&nbsp;mo\u017cliwo\u015bci\u0105 pobrania ka\u017cdego modelu ka\u017cdego eksponatu za&nbsp;pomoc\u0105 przegl\u0105darki internetowej lub aplikacji na&nbsp;telefon. W&nbsp;tym etapie naszym za\u0142o\u017ceniem jest opracowanie ok. 412 modeli (szkielet doros\u0142ego cz\u0142owieka).<\/p>\n\n\n\n<p>Centrum Cyfrowej Nauki i&nbsp;Technologii UKSW posiada wysokie kompetencje i&nbsp;do\u015bwiadczenie w&nbsp;realizacji projekt\u00f3w z&nbsp;obszaru technologii cyfrowych, skaningu 3D, druku 3D, wirtualnej rzeczywisto\u015bci, wizualizacji i&nbsp;analityki wizualnej. Projekt b\u0119dzie realizowany w&nbsp;oparciu o&nbsp;posiadan\u0105 infrastruktur\u0119 badawcz\u0105 i&nbsp;obliczeniow\u0105 w&nbsp;funkcjonuj\u0105cych laboratoriach i&nbsp;w&nbsp;oparciu o&nbsp;funkcjonuj\u0105ce zespo\u0142y badawcze.<\/p>\n\n\n\n<figure class=\"wp-block-image size-large is-resized\"><img decoding=\"async\" src=\"https:\/\/mcb.uksw.edu.pl\/wp-content\/uploads\/sites\/21\/2022\/11\/1-scaled-1-684x1024.jpg\" alt=\"\" class=\"wp-image-5022\" width=\"342\" height=\"512\" srcset=\"https:\/\/mcb.uksw.edu.pl\/wp-content\/uploads\/sites\/21\/2022\/11\/1-scaled-1-684x1024.jpg 684w, https:\/\/mcb.uksw.edu.pl\/wp-content\/uploads\/sites\/21\/2022\/11\/1-scaled-1-200x300.jpg 200w, https:\/\/mcb.uksw.edu.pl\/wp-content\/uploads\/sites\/21\/2022\/11\/1-scaled-1-768x1150.jpg 768w, https:\/\/mcb.uksw.edu.pl\/wp-content\/uploads\/sites\/21\/2022\/11\/1-scaled-1-1025x1536.jpg 1025w, https:\/\/mcb.uksw.edu.pl\/wp-content\/uploads\/sites\/21\/2022\/11\/1-scaled-1-1367x2048.jpg 1367w, https:\/\/mcb.uksw.edu.pl\/wp-content\/uploads\/sites\/21\/2022\/11\/1-scaled-1.jpg 1709w\" sizes=\"(max-width: 342px) 100vw, 342px\" \/><figcaption class=\"wp-element-caption\">Dr hab. Jacek Tomczyk prof. UKSW prezentuje cz\u0119\u015bci szkieletu wybranego do skanowania na potrzeby demonstratora.<\/figcaption><\/figure>\n\n\n\n<figure class=\"wp-block-image size-large is-resized\"><img decoding=\"async\" src=\"https:\/\/mcb.uksw.edu.pl\/wp-content\/uploads\/sites\/21\/2022\/11\/3-scaled-1-1024x684.jpg\" alt=\"\" class=\"wp-image-5023\" width=\"512\" height=\"342\" srcset=\"https:\/\/mcb.uksw.edu.pl\/wp-content\/uploads\/sites\/21\/2022\/11\/3-scaled-1-1024x684.jpg 1024w, https:\/\/mcb.uksw.edu.pl\/wp-content\/uploads\/sites\/21\/2022\/11\/3-scaled-1-300x200.jpg 300w, https:\/\/mcb.uksw.edu.pl\/wp-content\/uploads\/sites\/21\/2022\/11\/3-scaled-1-768x513.jpg 768w, https:\/\/mcb.uksw.edu.pl\/wp-content\/uploads\/sites\/21\/2022\/11\/3-scaled-1-1536x1025.jpg 1536w, https:\/\/mcb.uksw.edu.pl\/wp-content\/uploads\/sites\/21\/2022\/11\/3-scaled-1-2048x1367.jpg 2048w, https:\/\/mcb.uksw.edu.pl\/wp-content\/uploads\/sites\/21\/2022\/11\/3-scaled-1-251x168.jpg 251w, https:\/\/mcb.uksw.edu.pl\/wp-content\/uploads\/sites\/21\/2022\/11\/3-scaled-1-343x229.jpg 343w, https:\/\/mcb.uksw.edu.pl\/wp-content\/uploads\/sites\/21\/2022\/11\/3-scaled-1-526x351.jpg 526w, https:\/\/mcb.uksw.edu.pl\/wp-content\/uploads\/sites\/21\/2022\/11\/3-scaled-1-423x283.jpg 423w, https:\/\/mcb.uksw.edu.pl\/wp-content\/uploads\/sites\/21\/2022\/11\/3-scaled-1-848x567.jpg 848w\" sizes=\"(max-width: 512px) 100vw, 512px\" \/><figcaption class=\"wp-element-caption\">Czaszka to jedna z kluczowych cz\u0119\u015bci uk\u0142adu szkieletowego, kt\u00f3ra stanowi naturaln\u0105 os\u0142on\u0119 m\u00f3zgu cz\u0142owieka.<\/figcaption><\/figure>\n\n\n\n<figure class=\"wp-block-image size-large is-resized\"><img decoding=\"async\" src=\"https:\/\/mcb.uksw.edu.pl\/wp-content\/uploads\/sites\/21\/2022\/11\/4-scaled-1-888x1024.jpg\" alt=\"\" class=\"wp-image-5024\" width=\"444\" height=\"512\" srcset=\"https:\/\/mcb.uksw.edu.pl\/wp-content\/uploads\/sites\/21\/2022\/11\/4-scaled-1-888x1024.jpg 888w, https:\/\/mcb.uksw.edu.pl\/wp-content\/uploads\/sites\/21\/2022\/11\/4-scaled-1-260x300.jpg 260w, https:\/\/mcb.uksw.edu.pl\/wp-content\/uploads\/sites\/21\/2022\/11\/4-scaled-1-768x885.jpg 768w, https:\/\/mcb.uksw.edu.pl\/wp-content\/uploads\/sites\/21\/2022\/11\/4-scaled-1-1333x1536.jpg 1333w, https:\/\/mcb.uksw.edu.pl\/wp-content\/uploads\/sites\/21\/2022\/11\/4-scaled-1-1777x2048.jpg 1777w\" sizes=\"(max-width: 444px) 100vw, 444px\" \/><figcaption class=\"wp-element-caption\">Skonstruowanie tr\u00f3jwymiarowych modeli uk\u0142adu kostnego cz\u0142owieka o wysokiej dok\u0142adno\u015bci odwzorowania stanowi nie lada wyzwanie.<\/figcaption><\/figure>\n","protected":false},"excerpt":{"rendered":"<p>DOFINANSOWANIE Kwota dofinansowania:&nbsp;510 000,00 z\u0142 \u0179r\u00f3d\u0142o finansowania:&nbsp;zwi\u0119kszenie subwencji \u2013 Minister Edukacji i&nbsp;Nauki, decyzja nr&nbsp;112\/WFSN\/2020 CZAS TRWANIA PROJEKTU Okres realizacji projektu:&nbsp;6 miesi\u0119cy (stycze\u0144-czerwiec 2021) STRONA Z&nbsp;WYNIKAMI PROJEKTU https:\/\/pcn.cnt.edu.pl OPIS PROJEKTU Centrum Cyfrowej Nauki i&nbsp;Technologii rozpocz\u0105\u0142 realizacj\u0119 projektu budowy demonstratora Platformy Cyfrowej Nauki wychodz\u0105c naprzeciw potrzebom wynikaj\u0105cym z&nbsp;intensyfikacji nauki zdalnej w&nbsp;uczelniach wy\u017cszych. W&nbsp;obliczu nowych, pandemicznych warunk\u00f3w pracy [&hellip;]<\/p>\n","protected":false},"author":1,"featured_media":17826,"parent":3714,"menu_order":28,"comment_status":"closed","ping_status":"closed","template":"page-templates\/template-sub-page.php","meta":{"_acf_changed":false,"inline_featured_image":false,"footnotes":"","_links_to":"","_links_to_target":""},"class_list":["post-5014","page","type-page","status-publish","has-post-thumbnail","hentry"],"acf":[],"_links":{"self":[{"href":"https:\/\/mcb.uksw.edu.pl\/pl\/wp-json\/wp\/v2\/pages\/5014","targetHints":{"allow":["GET"]}}],"collection":[{"href":"https:\/\/mcb.uksw.edu.pl\/pl\/wp-json\/wp\/v2\/pages"}],"about":[{"href":"https:\/\/mcb.uksw.edu.pl\/pl\/wp-json\/wp\/v2\/types\/page"}],"author":[{"embeddable":true,"href":"https:\/\/mcb.uksw.edu.pl\/pl\/wp-json\/wp\/v2\/users\/1"}],"replies":[{"embeddable":true,"href":"https:\/\/mcb.uksw.edu.pl\/pl\/wp-json\/wp\/v2\/comments?post=5014"}],"version-history":[{"count":7,"href":"https:\/\/mcb.uksw.edu.pl\/pl\/wp-json\/wp\/v2\/pages\/5014\/revisions"}],"predecessor-version":[{"id":17827,"href":"https:\/\/mcb.uksw.edu.pl\/pl\/wp-json\/wp\/v2\/pages\/5014\/revisions\/17827"}],"up":[{"embeddable":true,"href":"https:\/\/mcb.uksw.edu.pl\/pl\/wp-json\/wp\/v2\/pages\/3714"}],"wp:featuredmedia":[{"embeddable":true,"href":"https:\/\/mcb.uksw.edu.pl\/pl\/wp-json\/wp\/v2\/media\/17826"}],"wp:attachment":[{"href":"https:\/\/mcb.uksw.edu.pl\/pl\/wp-json\/wp\/v2\/media?parent=5014"}],"curies":[{"name":"wp","href":"https:\/\/api.w.org\/{rel}","templated":true}]}}