{"id":5012,"date":"2022-11-02T16:53:12","date_gmt":"2022-11-02T15:53:12","guid":{"rendered":"https:\/\/jednostki.uksw.edu.pl\/mcb\/projekty\/sprezyscie-izotropowe-i-metastabilne-stopy-tytanu-o-strukturze-regularnej-przestrzennie-centrowanej\/"},"modified":"2022-11-08T20:07:06","modified_gmt":"2022-11-08T19:07:06","slug":"sprezyscie-izotropowe-i-metastabilne-stopy-tytanu-o-strukturze-regularnej-przestrzennie-centrowanej","status":"publish","type":"page","link":"https:\/\/mcb.uksw.edu.pl\/projekty\/sprezyscie-izotropowe-i-metastabilne-stopy-tytanu-o-strukturze-regularnej-przestrzennie-centrowanej\/","title":{"rendered":"Spr\u0119\u017cy\u015bcie izotropowe i metastabilne stopy tytanu o strukturze regularnej przestrzennie centrowanej"},"content":{"rendered":"\n<h2 class=\"wp-block-heading\">OPIS PROJEKTU<\/h2>\n\n\n\n<p><strong>Typ projektu:<\/strong>&nbsp;prace badawcze<\/p>\n\n\n\n<p><strong>Autor projektu kieruj\u0105cy badaniami:<\/strong>&nbsp;dr&nbsp;in\u017c.&nbsp;Piotr Kwa\u015bniak<\/p>\n\n\n\n<p><strong>Warto\u015b\u0107 projektu:<\/strong>&nbsp;848&nbsp;400,00 z\u0142<\/p>\n\n\n\n<p><strong>Partnerzy bada\u0144:<\/strong><\/p>\n\n\n\n<ul class=\"wp-block-list\">\n<li>Lider \u2013 Uniwersytet Kardyna\u0142a Stefana Wyszy\u0144skiego<\/li>\n\n\n\n<li>Politechnika Warszawska<\/li>\n<\/ul>\n\n\n\n<p><strong>Okres realizacji:<\/strong>&nbsp;36 miesi\u0119cy \u2013 od&nbsp;listopada 2020<\/p>\n\n\n\n<p><strong>Projekt realizowany w&nbsp;ramach:<\/strong><\/p>\n\n\n\n<p><em>NCN SONATA \u2013 15 jest to&nbsp;<\/em><em>projekt badawczy, realizowany&nbsp; przez&nbsp;osob\u0119 posiadaj\u0105c\u0105 stopie\u0144 naukowy doktora, uzyskany w&nbsp;okresie od&nbsp;2 do&nbsp;7 lat przed&nbsp;wyst\u0105pieniem z&nbsp;wnioskiem.<\/em><\/p>\n\n\n\n<h2 class=\"wp-block-heading\">CEL PROJEKTU<\/h2>\n\n\n\n<p>Celem projektu jest wyznaczenie wp\u0142ywu unikalnej izotropii spr\u0119\u017cysto\u015bci wyst\u0119puj\u0105cej w&nbsp;nowej grupie stop\u00f3w tytanu na&nbsp;w\u0142a\u015bciwo\u015bci mechaniczne zwi\u0105zane z&nbsp;odkszta\u0142ceniem spr\u0119\u017cystym (np.&nbsp;odporno\u015b\u0107 zm\u0119czeniowa) jak i&nbsp;plastycznym (granica plastyczno\u015bci, wytrzyma\u0142o\u015b\u0107 na&nbsp;rozci\u0105ganie, umocnienie odkszta\u0142ceniowe, wyd\u0142u\u017cenie do&nbsp;zerwania). Spodziewane, atrakcyjne w\u0142a\u015bciwo\u015bci tych materia\u0142\u00f3w s\u0105 po\u017c\u0105dane szczeg\u00f3lnie w&nbsp;aplikacjach gdzie wysoki stosunek wytrzyma\u0142o\u015bci do&nbsp;g\u0119sto\u015bci ma kluczowe znaczenie. Niewielka wiedza na&nbsp;temat badanych stop\u00f3w generuje jednak wiele pyta\u0144 zwi\u0105zanych z&nbsp;podstawowymi mechanizmami zachodz\u0105cymi w&nbsp;skali atomowej, kt\u00f3re wymagaj\u0105 wyja\u015bnienia. Zagadnienia te s\u0105 obecnie intensywnie badane przy u\u017cyciu metod modelowania z&nbsp;zakresu mechaniki kwantowej [5\u201312]. Podej\u015bcie to&nbsp;jest wykorzystane tak\u017ce w&nbsp;niniejszym projekcie, tzn. wyznaczenie sk\u0142adu chemicznego nowych izotropowych spr\u0119\u017cy\u015bcie stop\u00f3w Ti na&nbsp;drodze oblicze\u0144 ab initio, badania zjawiska izotropowo\u015bci spr\u0119\u017cysto\u015bci\/plastyczno\u015bci oraz&nbsp;prace eksperymentalne&nbsp; ukierunkowane na&nbsp;analiz\u0119 struktury i&nbsp;w\u0142a\u015bciwo\u015bci mechanicznych opracowanych materia\u0142\u00f3w. Zgromadzona wiedza b\u0119dzie wysoce przydatna dla dalszego rozwoju i&nbsp;\u015bwiadomego projektowania stop\u00f3w Ti o&nbsp;przyst\u0119pnej cenie i&nbsp;korzystnych w\u0142a\u015bciwo\u015bciach.<\/p>\n\n\n\n<h2 class=\"wp-block-heading\">PRACA<\/h2>\n\n\n\n<p><strong>Nazwa stanowiska:&nbsp;<\/strong>Stypendysta\/Student\/Doktorant<\/p>\n\n\n\n<p><strong>Wymagania:&nbsp;<\/strong>Tytu\u0142 magistra w&nbsp;dziedzinie fizyki (fizyka cia\u0142a sta\u0142ego, fizyka teoretyczna, itp.) lub in\u017cynierii materia\u0142owej. Znajomo\u015b\u0107 zagadnie\u0144 z&nbsp;zakresu defekt\u00f3w sieci krystalicznej, teorii pasmowej cia\u0142 sta\u0142ych, przemian fazowych i&nbsp;odkszta\u0142cenia plastycznego lub spr\u0119\u017cystego (szczeg\u00f3lnie w&nbsp;stopach tytanu), do\u015bwiadczenie w&nbsp;prowadzeniu oblicze\u0144 ab initio.<\/p>\n\n\n\n<p><strong>Opis zada\u0144:&nbsp;<\/strong>Obliczenia sta\u0142ych spr\u0119\u017cysto\u015bci oraz&nbsp;uog\u00f3lnionej energii b\u0142\u0119du u\u0142o\u017cenia dwu- i&nbsp;wielosk\u0142adnikowych kryszta\u0142\u00f3w o&nbsp;strukturze regularnej przestrzennie centrowanej. Obliczenia podatno\u015bci do&nbsp;bli\u017aniakowania stop\u00f3w metali przej\u015bciowych i&nbsp;prostych. Wyznaczanie struktury atomowej i&nbsp;elektronowej (meta-)stabilnych konfiguracji b\u0142\u0119d\u00f3w u\u0142o\u017cenia w&nbsp;wybranych systemach po\u015blizgu. Przygotowanie publikacji naukowych.<\/p>\n\n\n\n<p><strong>Typ konkursu NCN:<\/strong>&nbsp;SONATA \u2013 ST<\/p>\n\n\n\n<p><strong>Termin sk\u0142adania ofert:<\/strong>&nbsp;25 pa\u017adziernika 2021, 23:59<\/p>\n\n\n\n<p><strong>Forma sk\u0142adania ofert:<\/strong>&nbsp;email<\/p>\n\n\n\n<p><strong>Warunki zatrudnienia:<\/strong>&nbsp;Stypendium naukowe w&nbsp;wysoko\u015bci 5000 z\u0142\/mies. w&nbsp;okresie 30 miesi\u0119cy.<\/p>\n\n\n\n<p><strong>Dodatkowe informacje:<\/strong><\/p>\n\n\n\n<p>Zg\u0142oszenia zawieraj\u0105ce:<\/p>\n\n\n\n<ul class=\"wp-block-list\">\n<li>CV z&nbsp;informacj\u0105 o&nbsp;posiadanym do\u015bwiadczeniu i&nbsp;osi\u0105gni\u0119ciach kandydata (publikacje, nagrody, stypendia, udzia\u0142 w&nbsp;projektach badawczych).<\/li>\n\n\n\n<li>List motywacyjny<\/li>\n\n\n\n<li>Zgod\u0119 na&nbsp;przetwarzanie danych osobowych w&nbsp;celu rekrutacji zgodnie z&nbsp;art. 6 ust. 1 lit. a&nbsp;Rozporz\u0105dzenia Parlamentu Europejskiego i&nbsp;Rady (UE) 2016\/679 z&nbsp;dnia 27 kwietnia 2016 r. w&nbsp;sprawie ochrony os\u00f3b fizycznych w&nbsp;zwi\u0105zku z&nbsp;przetwarzaniem danych osobowych i&nbsp;w&nbsp;sprawie swobodnego przep\u0142ywu takich danych oraz&nbsp;uchylenia dyrektywy 95\/46\/WE<\/li>\n<\/ul>\n\n\n\n<p>prosz\u0119 przesy\u0142a\u0107 na&nbsp;adres email: <a href=\"mailto:p.kwasniak@uksw.edu.pl\">p.kwasniak@uksw.edu.pl<\/a><\/p>\n\n\n\n<p>Kandydaci b\u0119d\u0105 oceniani zgodnie z&nbsp;regulaminem przyznawania stypendi\u00f3w w&nbsp;projektach NCN przez&nbsp;komisj\u0119 konkursow\u0105.<\/p>\n","protected":false},"excerpt":{"rendered":"<p>OPIS PROJEKTU Typ projektu:&nbsp;prace badawcze Autor projektu kieruj\u0105cy badaniami:&nbsp;dr&nbsp;in\u017c.&nbsp;Piotr Kwa\u015bniak Warto\u015b\u0107 projektu:&nbsp;848&nbsp;400,00 z\u0142 Partnerzy bada\u0144: Okres realizacji:&nbsp;36 miesi\u0119cy \u2013 od&nbsp;listopada 2020 Projekt realizowany w&nbsp;ramach: NCN SONATA \u2013 15 jest to&nbsp;projekt badawczy, realizowany&nbsp; przez&nbsp;osob\u0119 posiadaj\u0105c\u0105 stopie\u0144 naukowy doktora, uzyskany w&nbsp;okresie od&nbsp;2 do&nbsp;7 lat przed&nbsp;wyst\u0105pieniem z&nbsp;wnioskiem. CEL PROJEKTU Celem projektu jest wyznaczenie wp\u0142ywu unikalnej izotropii spr\u0119\u017cysto\u015bci wyst\u0119puj\u0105cej [&hellip;]<\/p>\n","protected":false},"author":1,"featured_media":17818,"parent":3714,"menu_order":26,"comment_status":"closed","ping_status":"closed","template":"page-templates\/template-sub-page.php","meta":{"_acf_changed":false,"inline_featured_image":false,"footnotes":"","_links_to":"","_links_to_target":""},"class_list":["post-5012","page","type-page","status-publish","has-post-thumbnail","hentry"],"acf":[],"_links":{"self":[{"href":"https:\/\/mcb.uksw.edu.pl\/pl\/wp-json\/wp\/v2\/pages\/5012","targetHints":{"allow":["GET"]}}],"collection":[{"href":"https:\/\/mcb.uksw.edu.pl\/pl\/wp-json\/wp\/v2\/pages"}],"about":[{"href":"https:\/\/mcb.uksw.edu.pl\/pl\/wp-json\/wp\/v2\/types\/page"}],"author":[{"embeddable":true,"href":"https:\/\/mcb.uksw.edu.pl\/pl\/wp-json\/wp\/v2\/users\/1"}],"replies":[{"embeddable":true,"href":"https:\/\/mcb.uksw.edu.pl\/pl\/wp-json\/wp\/v2\/comments?post=5012"}],"version-history":[{"count":4,"href":"https:\/\/mcb.uksw.edu.pl\/pl\/wp-json\/wp\/v2\/pages\/5012\/revisions"}],"predecessor-version":[{"id":17820,"href":"https:\/\/mcb.uksw.edu.pl\/pl\/wp-json\/wp\/v2\/pages\/5012\/revisions\/17820"}],"up":[{"embeddable":true,"href":"https:\/\/mcb.uksw.edu.pl\/pl\/wp-json\/wp\/v2\/pages\/3714"}],"wp:featuredmedia":[{"embeddable":true,"href":"https:\/\/mcb.uksw.edu.pl\/pl\/wp-json\/wp\/v2\/media\/17818"}],"wp:attachment":[{"href":"https:\/\/mcb.uksw.edu.pl\/pl\/wp-json\/wp\/v2\/media?parent=5012"}],"curies":[{"name":"wp","href":"https:\/\/api.w.org\/{rel}","templated":true}]}}