{"id":4807,"date":"2022-11-02T15:06:03","date_gmt":"2022-11-02T14:06:03","guid":{"rendered":"https:\/\/jednostki.uksw.edu.pl\/mcb\/oferta\/branze\/medycyna\/"},"modified":"2022-11-08T20:53:21","modified_gmt":"2022-11-08T19:53:21","slug":"medycyna","status":"publish","type":"page","link":"https:\/\/mcb.uksw.edu.pl\/oferta\/branze\/medycyna\/","title":{"rendered":"Medycyna"},"content":{"rendered":"   <div class=\"\">\n\n\n<div class=\"news_page\">\n                <div class=\"container\"> \n                        <div class=\"row\">\n                                <div class=\"col-xl-10 col-lg-10 col-md-9 col-sm-12\">\n                                        <div class=\"heading_bg_in1\">\n                                        <div class=\"headingh2\"><\/div>\n                                        <\/div>\n                                <\/div>\n                                <div class=\"col-xl-2 col-lg-2 col-md-3 col-sm-12\">\n                                                                    <\/div>\n                        <\/div>\n\n                        <div class=\"row\">\n                                                 \n\n                                    \n\n                       <div class=\"col-xxl-4 col-xl-6 col-lg-6 col-md-12 col-sm-12 project\">\n                          <a href=\"https:\/\/mcb.uksw.edu.pl\/?post_type=post&#038;p=17536\">\n                                <div class=\"image_container project_box\">\n                                    <img decoding=\"async\" src=\"https:\/\/mcb.uksw.edu.pl\/wp-content\/themes\/uksw\/images\/news_nophoto.png\" class=\"image_inner\" alt=\"\">\n                                        <div class=\"overlay\">\n                                            <div class=\"text\">\n                                                <div class=\"text1\">US\u0141UGI OBLICZENIOWE NA SYSTEMIE CATO \u2013 ZU\u017bYCIE MOCY&#8230;<\/div>\n                                                <div class=\"text2\">System CATO jest sp\u00f3jnym systemem obejmuj\u0105cym swoim zakresem zar\u00f3wno podsystem&#8230;<\/div>\n                                            <\/div>\n                                        <\/div>\n                                <\/div>\n                                <\/a>\n                          <\/div>\n\n                                       \n\n                                        \n\n                       <div class=\"col-xxl-4 col-xl-6 col-lg-6 col-md-12 col-sm-12 project\">\n                          <a href=\"https:\/\/mcb.uksw.edu.pl\/?post_type=post&#038;p=17534\">\n                                <div class=\"image_container project_box\">\n                                    <img decoding=\"async\" src=\"https:\/\/mcb.uksw.edu.pl\/wp-content\/themes\/uksw\/images\/news_nophoto.png\" class=\"image_inner\" alt=\"\">\n                                        <div class=\"overlay\">\n                                            <div class=\"text\">\n                                                <div class=\"text1\">KONSULTACJA US\u0141UG OBLICZENIOWYCH I PRZECHOWYWANIA&#8230;<\/div>\n                                                <div class=\"text2\">System CATO jest sp\u00f3jnym systemem obejmuj\u0105cym swoim zakresem zar\u00f3wno podsystem&#8230;<\/div>\n                                            <\/div>\n                                        <\/div>\n                                <\/div>\n                                <\/a>\n                          <\/div>\n\n                                       \n\n                                        \n\n                       <div class=\"col-xxl-4 col-xl-6 col-lg-6 col-md-12 col-sm-12 project\">\n                          <a href=\"https:\/\/mcb.uksw.edu.pl\/?post_type=post&#038;p=17529\">\n                                <div class=\"image_container project_box\">\n                                    <img decoding=\"async\" src=\"https:\/\/mcb.uksw.edu.pl\/wp-content\/themes\/uksw\/images\/news_nophoto.png\" class=\"image_inner\" alt=\"\">\n                                        <div class=\"overlay\">\n                                            <div class=\"text\">\n                                                <div class=\"text1\">INDYWIDUALNE SZKOLENIA Z ZAKRESU KOMPUTEROWEGO WSPOMAGANIA&#8230;<\/div>\n                                                <div class=\"text2\">System CATO jest sp\u00f3jnym systemem obejmuj\u0105cym swoim zakresem zar\u00f3wno podsystem&#8230;<\/div>\n                                            <\/div>\n                                        <\/div>\n                                <\/div>\n                                <\/a>\n                          <\/div>\n\n                                       \n\n                                        \n\n                       <div class=\"col-xxl-4 col-xl-6 col-lg-6 col-md-12 col-sm-12 project\">\n                          <a href=\"https:\/\/mcb.uksw.edu.pl\/?post_type=post&#038;p=17522\">\n                                <div class=\"image_container project_box\">\n                                    <img decoding=\"async\" src=\"https:\/\/mcb.uksw.edu.pl\/wp-content\/uploads\/sites\/21\/2022\/11\/dsc9846-scaled-1-507x388.jpg\" class=\"image_inner\" alt=\"\">\n                                        <div class=\"overlay\">\n                                            <div class=\"text\">\n                                                <div class=\"text1\">WYTWARZANIE PRZYROSTOWE W KOLORZE Z PROSZKU GIPSOWEGO&#8230;<\/div>\n                                                <div class=\"text2\">Wytwarzanie przyrostowe w&nbsp;kolorze z&nbsp;proszku gipsowego (ang. Color&#8230;<\/div>\n                                            <\/div>\n                                        <\/div>\n                                <\/div>\n                                <\/a>\n                          <\/div>\n\n                                       \n\n                                        \n\n                       <div class=\"col-xxl-4 col-xl-6 col-lg-6 col-md-12 col-sm-12 project\">\n                          <a href=\"https:\/\/mcb.uksw.edu.pl\/?post_type=post&#038;p=17508\">\n                                <div class=\"image_container project_box\">\n                                    <img decoding=\"async\" src=\"https:\/\/mcb.uksw.edu.pl\/wp-content\/uploads\/sites\/21\/2022\/11\/dsc9825-1024x684-1-507x388.jpg\" class=\"image_inner\" alt=\"\">\n                                        <div class=\"overlay\">\n                                            <div class=\"text\">\n                                                <div class=\"text1\">WYTWARZANIE PRZYROSTOWE Z \u017bYWIC FOTOUTWARDZALNYCH \u2013&#8230;<\/div>\n                                                <div class=\"text2\">Wytwarzanie przyrostowe z&nbsp;\u017cywic fotoutwardzalnych (ang. Stereolitography&#8230;<\/div>\n                                            <\/div>\n                                        <\/div>\n                                <\/div>\n                                <\/a>\n                          <\/div>\n\n                                       \n\n                                        \n                                        <div class=\"col-xl-12\">\n                                                                                                                            <\/div>\n                            \n                        <\/div>\n\n\n                <\/div>\n        <\/div>\n\n\n<\/div>\n","protected":false},"excerpt":{"rendered":"","protected":false},"author":1,"featured_media":17857,"parent":4801,"menu_order":23,"comment_status":"closed","ping_status":"closed","template":"page-templates\/template-sub-page.php","meta":{"_acf_changed":false,"inline_featured_image":false,"footnotes":"","_links_to":"","_links_to_target":""},"class_list":["post-4807","page","type-page","status-publish","has-post-thumbnail","hentry"],"acf":[],"_links":{"self":[{"href":"https:\/\/mcb.uksw.edu.pl\/pl\/wp-json\/wp\/v2\/pages\/4807","targetHints":{"allow":["GET"]}}],"collection":[{"href":"https:\/\/mcb.uksw.edu.pl\/pl\/wp-json\/wp\/v2\/pages"}],"about":[{"href":"https:\/\/mcb.uksw.edu.pl\/pl\/wp-json\/wp\/v2\/types\/page"}],"author":[{"embeddable":true,"href":"https:\/\/mcb.uksw.edu.pl\/pl\/wp-json\/wp\/v2\/users\/1"}],"replies":[{"embeddable":true,"href":"https:\/\/mcb.uksw.edu.pl\/pl\/wp-json\/wp\/v2\/comments?post=4807"}],"version-history":[{"count":6,"href":"https:\/\/mcb.uksw.edu.pl\/pl\/wp-json\/wp\/v2\/pages\/4807\/revisions"}],"predecessor-version":[{"id":17858,"href":"https:\/\/mcb.uksw.edu.pl\/pl\/wp-json\/wp\/v2\/pages\/4807\/revisions\/17858"}],"up":[{"embeddable":true,"href":"https:\/\/mcb.uksw.edu.pl\/pl\/wp-json\/wp\/v2\/pages\/4801"}],"wp:featuredmedia":[{"embeddable":true,"href":"https:\/\/mcb.uksw.edu.pl\/pl\/wp-json\/wp\/v2\/media\/17857"}],"wp:attachment":[{"href":"https:\/\/mcb.uksw.edu.pl\/pl\/wp-json\/wp\/v2\/media?parent=4807"}],"curies":[{"name":"wp","href":"https:\/\/api.w.org\/{rel}","templated":true}]}}