{"id":4804,"date":"2022-11-02T15:06:02","date_gmt":"2022-11-02T14:06:02","guid":{"rendered":"https:\/\/jednostki.uksw.edu.pl\/mcb\/oferta\/sektory\/dla-sektora-publicznego\/"},"modified":"2022-11-08T20:22:31","modified_gmt":"2022-11-08T19:22:31","slug":"dla-sektora-publicznego","status":"publish","type":"page","link":"https:\/\/mcb.uksw.edu.pl\/oferta\/sektory\/dla-sektora-publicznego\/","title":{"rendered":"Dla sektora publicznego"},"content":{"rendered":"   <div class=\"\">\n\n\n<div class=\"news_page\">\n                <div class=\"container\"> \n                        <div class=\"row\">\n                                <div class=\"col-xl-10 col-lg-10 col-md-9 col-sm-12\">\n                                        <div class=\"heading_bg_in1\">\n                                        <div class=\"headingh2\"><\/div>\n                                        <\/div>\n                                <\/div>\n                                <div class=\"col-xl-2 col-lg-2 col-md-3 col-sm-12\">\n                                                                    <\/div>\n                        <\/div>\n\n                        <div class=\"row\">\n                                                 \n\n                                    \n\n                       <div class=\"col-xxl-4 col-xl-6 col-lg-6 col-md-12 col-sm-12 project\">\n                          <a href=\"https:\/\/mcb.uksw.edu.pl\/?post_type=post&#038;p=18375\">\n                                <div class=\"image_container project_box\">\n                                    <img decoding=\"async\" src=\"https:\/\/mcb.uksw.edu.pl\/wp-content\/uploads\/sites\/21\/2023\/12\/pobrane-507x388.jpg\" class=\"image_inner\" alt=\"\">\n                                        <div class=\"overlay\">\n                                            <div class=\"text\">\n                                                <div class=\"text1\">KONFERENCJA KIERUNEK INNOWACJE<\/div>\n                                                <div class=\"text2\">Konferencja Kierunek Innowacje W dniu 13 grudnia 2023 roku w naszej siedzibie&#8230;<\/div>\n                                            <\/div>\n                                        <\/div>\n                                <\/div>\n                                <\/a>\n                          <\/div>\n\n                                       \n\n                                        \n\n                       <div class=\"col-xxl-4 col-xl-6 col-lg-6 col-md-12 col-sm-12 project\">\n                          <a href=\"https:\/\/mcb.uksw.edu.pl\/?post_type=post&#038;p=17536\">\n                                <div class=\"image_container project_box\">\n                                    <img decoding=\"async\" src=\"https:\/\/mcb.uksw.edu.pl\/wp-content\/themes\/uksw\/images\/news_nophoto.png\" class=\"image_inner\" alt=\"\">\n                                        <div class=\"overlay\">\n                                            <div class=\"text\">\n                                                <div class=\"text1\">US\u0141UGI OBLICZENIOWE NA SYSTEMIE CATO \u2013 ZU\u017bYCIE MOCY&#8230;<\/div>\n                                                <div class=\"text2\">System CATO jest sp\u00f3jnym systemem obejmuj\u0105cym swoim zakresem zar\u00f3wno podsystem&#8230;<\/div>\n                                            <\/div>\n                                        <\/div>\n                                <\/div>\n                                <\/a>\n                          <\/div>\n\n                                       \n\n                                        \n\n                       <div class=\"col-xxl-4 col-xl-6 col-lg-6 col-md-12 col-sm-12 project\">\n                          <a href=\"https:\/\/mcb.uksw.edu.pl\/?post_type=post&#038;p=17534\">\n                                <div class=\"image_container project_box\">\n                                    <img decoding=\"async\" src=\"https:\/\/mcb.uksw.edu.pl\/wp-content\/themes\/uksw\/images\/news_nophoto.png\" class=\"image_inner\" alt=\"\">\n                                        <div class=\"overlay\">\n                                            <div class=\"text\">\n                                                <div class=\"text1\">KONSULTACJA US\u0141UG OBLICZENIOWYCH I PRZECHOWYWANIA&#8230;<\/div>\n                                                <div class=\"text2\">System CATO jest sp\u00f3jnym systemem obejmuj\u0105cym swoim zakresem zar\u00f3wno podsystem&#8230;<\/div>\n                                            <\/div>\n                                        <\/div>\n                                <\/div>\n                                <\/a>\n                          <\/div>\n\n                                       \n\n                                        \n\n                       <div class=\"col-xxl-4 col-xl-6 col-lg-6 col-md-12 col-sm-12 project\">\n                          <a href=\"https:\/\/mcb.uksw.edu.pl\/?post_type=post&#038;p=17529\">\n                                <div class=\"image_container project_box\">\n                                    <img decoding=\"async\" src=\"https:\/\/mcb.uksw.edu.pl\/wp-content\/themes\/uksw\/images\/news_nophoto.png\" class=\"image_inner\" alt=\"\">\n                                        <div class=\"overlay\">\n                                            <div class=\"text\">\n                                                <div class=\"text1\">INDYWIDUALNE SZKOLENIA Z ZAKRESU KOMPUTEROWEGO WSPOMAGANIA&#8230;<\/div>\n                                                <div class=\"text2\">System CATO jest sp\u00f3jnym systemem obejmuj\u0105cym swoim zakresem zar\u00f3wno podsystem&#8230;<\/div>\n                                            <\/div>\n                                        <\/div>\n                                <\/div>\n                                <\/a>\n                          <\/div>\n\n                                       \n\n                                        \n\n                       <div class=\"col-xxl-4 col-xl-6 col-lg-6 col-md-12 col-sm-12 project\">\n                          <a href=\"https:\/\/mcb.uksw.edu.pl\/?post_type=post&#038;p=17522\">\n                                <div class=\"image_container project_box\">\n                                    <img decoding=\"async\" src=\"https:\/\/mcb.uksw.edu.pl\/wp-content\/uploads\/sites\/21\/2022\/11\/dsc9846-scaled-1-507x388.jpg\" class=\"image_inner\" alt=\"\">\n                                        <div class=\"overlay\">\n                                            <div class=\"text\">\n                                                <div class=\"text1\">WYTWARZANIE PRZYROSTOWE W KOLORZE Z PROSZKU GIPSOWEGO&#8230;<\/div>\n                                                <div class=\"text2\">Wytwarzanie przyrostowe w&nbsp;kolorze z&nbsp;proszku gipsowego (ang. Color&#8230;<\/div>\n                                            <\/div>\n                                        <\/div>\n                                <\/div>\n                                <\/a>\n                          <\/div>\n\n                                       \n\n                                        \n\n                       <div class=\"col-xxl-4 col-xl-6 col-lg-6 col-md-12 col-sm-12 project\">\n                          <a href=\"https:\/\/mcb.uksw.edu.pl\/?post_type=post&#038;p=17508\">\n                                <div class=\"image_container project_box\">\n                                    <img decoding=\"async\" src=\"https:\/\/mcb.uksw.edu.pl\/wp-content\/uploads\/sites\/21\/2022\/11\/dsc9825-1024x684-1-507x388.jpg\" class=\"image_inner\" alt=\"\">\n                                        <div class=\"overlay\">\n                                            <div class=\"text\">\n                                                <div class=\"text1\">WYTWARZANIE PRZYROSTOWE Z \u017bYWIC FOTOUTWARDZALNYCH \u2013&#8230;<\/div>\n                                                <div class=\"text2\">Wytwarzanie przyrostowe z&nbsp;\u017cywic fotoutwardzalnych (ang. Stereolitography&#8230;<\/div>\n                                            <\/div>\n                                        <\/div>\n                                <\/div>\n                                <\/a>\n                          <\/div>\n\n                                       \n\n                                        \n                                        <div class=\"col-xl-12\">\n                                                                                  <div class=\"pages\"><nav aria-label=\"Nawigacja stron\">\r\n\t\t\t\r\n\t\t\t<ul class=\"pagination \"><li class=\"page-item\"><a class=\"page-link\" href=\"#\" aria-label=\"Poprzednia strona \">\r\n       <span aria-hidden=\"true\"><img decoding=\"async\" src=\"https:\/\/mcb.uksw.edu.pl\/wp-content\/themes\/uksw\/images\/grey_page_arrow.svg\" alt=\"\"> <\/span><\/a><\/li><li class=\"page-item\"><span aria-current=\"page\" class=\"page-link  current\">1<\/span><\/li><li class=\"page-item\"><a class=\"page-link\" aria-label=\"2. strona \" href=\"https:\/\/mcb.uksw.edu.pl\/pl\/wp-json\/wp\/v2\/pages\/4804\/page\/2\/\">2<\/a><\/li><li class=\"page-item\"><a class=\"page-link\" aria-label=\"3. strona \" href=\"https:\/\/mcb.uksw.edu.pl\/pl\/wp-json\/wp\/v2\/pages\/4804\/page\/3\/\">3<\/a><\/li><li class=\"page-item\"><a class=\"page-link next but_next\" aria-label=\"Nast\u0119pna strona \" href=\"https:\/\/mcb.uksw.edu.pl\/pl\/wp-json\/wp\/v2\/pages\/4804\/page\/2\/\"><img decoding=\"async\" src=\"https:\/\/mcb.uksw.edu.pl\/wp-content\/themes\/uksw\/images\/blue_page_arrow.svg\" alt=\"Nast\u0119pna\"><\/a><\/li><\/ul>\r\n\r\n\t\t<\/nav><\/div>                                          <\/div>\n                            \n                        <\/div>\n\n\n                <\/div>\n        <\/div>\n\n\n<\/div>\n","protected":false},"excerpt":{"rendered":"","protected":false},"author":1,"featured_media":17842,"parent":4800,"menu_order":20,"comment_status":"closed","ping_status":"closed","template":"page-templates\/template-sub-page.php","meta":{"_acf_changed":false,"inline_featured_image":false,"footnotes":"","_links_to":"","_links_to_target":""},"class_list":["post-4804","page","type-page","status-publish","has-post-thumbnail","hentry"],"acf":[],"_links":{"self":[{"href":"https:\/\/mcb.uksw.edu.pl\/pl\/wp-json\/wp\/v2\/pages\/4804","targetHints":{"allow":["GET"]}}],"collection":[{"href":"https:\/\/mcb.uksw.edu.pl\/pl\/wp-json\/wp\/v2\/pages"}],"about":[{"href":"https:\/\/mcb.uksw.edu.pl\/pl\/wp-json\/wp\/v2\/types\/page"}],"author":[{"embeddable":true,"href":"https:\/\/mcb.uksw.edu.pl\/pl\/wp-json\/wp\/v2\/users\/1"}],"replies":[{"embeddable":true,"href":"https:\/\/mcb.uksw.edu.pl\/pl\/wp-json\/wp\/v2\/comments?post=4804"}],"version-history":[{"count":5,"href":"https:\/\/mcb.uksw.edu.pl\/pl\/wp-json\/wp\/v2\/pages\/4804\/revisions"}],"predecessor-version":[{"id":17843,"href":"https:\/\/mcb.uksw.edu.pl\/pl\/wp-json\/wp\/v2\/pages\/4804\/revisions\/17843"}],"up":[{"embeddable":true,"href":"https:\/\/mcb.uksw.edu.pl\/pl\/wp-json\/wp\/v2\/pages\/4800"}],"wp:featuredmedia":[{"embeddable":true,"href":"https:\/\/mcb.uksw.edu.pl\/pl\/wp-json\/wp\/v2\/media\/17842"}],"wp:attachment":[{"href":"https:\/\/mcb.uksw.edu.pl\/pl\/wp-json\/wp\/v2\/media?parent=4804"}],"curies":[{"name":"wp","href":"https:\/\/api.w.org\/{rel}","templated":true}]}}