{"id":4797,"date":"2022-11-02T15:05:58","date_gmt":"2022-11-02T14:05:58","guid":{"rendered":"https:\/\/jednostki.uksw.edu.pl\/mcb\/projekty\/multidyscyplinarne-centrum-badawcze\/"},"modified":"2023-03-21T13:14:42","modified_gmt":"2023-03-21T12:14:42","slug":"multidyscyplinarne-centrum-badawcze","status":"publish","type":"page","link":"https:\/\/mcb.uksw.edu.pl\/projekty\/multidyscyplinarne-centrum-badawcze\/","title":{"rendered":"Multidyscyplinarne Centrum Badawcze"},"content":{"rendered":"\n<figure class=\"wp-block-image size-full\"><img decoding=\"async\" width=\"1015\" height=\"98\" src=\"https:\/\/mcb.uksw.edu.pl\/wp-content\/uploads\/sites\/21\/2023\/03\/Projet_logotypy.png\" alt=\"\" class=\"wp-image-18287\" srcset=\"https:\/\/mcb.uksw.edu.pl\/wp-content\/uploads\/sites\/21\/2023\/03\/Projet_logotypy.png 1015w, https:\/\/mcb.uksw.edu.pl\/wp-content\/uploads\/sites\/21\/2023\/03\/Projet_logotypy-300x29.png 300w, https:\/\/mcb.uksw.edu.pl\/wp-content\/uploads\/sites\/21\/2023\/03\/Projet_logotypy-768x74.png 768w\" sizes=\"(max-width: 1015px) 100vw, 1015px\" \/><\/figure>\n\n\n\n<h2 class=\"wp-block-heading\">DOFINANSOWANIE<\/h2>\n\n\n\n<p>O\u015b priorytetowa I&nbsp;Wykorzystanie dzia\u0142alno\u015bci badawczo-rozwojowej w&nbsp;gospodarce<br>Dzia\u0142anie 1.1 Dzia\u0142alno\u015b\u0107 badawczo \u2013 rozwojowa jednostek naukowych<\/p>\n\n\n\n<p><strong>Typ projektu:<\/strong><br>Wsparcie infrastruktury badawczo \u2013 rozwojowej jednostek naukowych<br>Regionalny Program Operacyjny Wojew\u00f3dztwa Mazowieckiego 2014-2020<\/p>\n\n\n\n<p><strong>Dokumentacja konkursowa:<\/strong><br><a href=\"https:\/\/www.funduszedlamazowsza.eu\/nabory-wnioskow\/1-1-dzialalnosc-badawczo-rozwojowa-jednostek-naukowych-typ-projektow-wsparcie-infrastruktury-badawczo-rozwojowej-jednostek-naukowych\/\" target=\"_blank\" rel=\"noreferrer noopener\">Dzia\u0142alno\u015b\u0107 badawczo-rozwojowa jednostek naukowych<\/a><\/p>\n\n\n\n<h2 class=\"wp-block-heading\">CZAS TRWANIA I&nbsp;WARTO\u015a\u0106 PROJEKTU<\/h2>\n\n\n\n<ul class=\"wp-block-list\">\n<li><strong>Okres realizacji projektu:<\/strong>&nbsp;01.07.2017 \u2013 30.04.2024 r.<\/li>\n\n\n\n<li><strong>Warto\u015b\u0107 projektu:<\/strong>&nbsp;89 107 212,16 z\u0142<\/li>\n\n\n\n<li><strong>Kwota dofinansowania:<\/strong>&nbsp;55 046 989,21 z\u0142<\/li>\n<\/ul>\n\n\n\n<h2 class=\"wp-block-heading\">OPIS PROJEKTU<\/h2>\n\n\n\n<p>Projekt polega na&nbsp;utworzeniu&nbsp;<strong>Multidyscyplinarnego Centrum Badawczego (MCB)<\/strong>. Jego g\u0142\u00f3wnym elementem jest budowa unikalnego o\u015brodka badawczego w&nbsp;dziedzinie nauk cyfrowych. Celem o\u015brodka b\u0119dzie tworzenie i&nbsp;wprowadzenie nowatorskich rozwi\u0105za\u0144 technologii cyfrowych w&nbsp;gospodarce i&nbsp;realizacji, na&nbsp;r\u00f3\u017cnych poziomach, zada\u0144 pa\u0144stwa, zwi\u0105zanych z&nbsp;transformacj\u0105 cyfrow\u0105.<\/p>\n\n\n\n<p>R\u00f3wnocze\u015bnie, Centrum b\u0119dzie skupia\u0107 zespo\u0142y rozwojowe stowarzyszonych firm innowacyjnych, blisko wsp\u00f3\u0142pracuj\u0105cych z&nbsp;jego zespo\u0142ami naukowymi.<\/p>\n\n\n\n<p>Zar\u00f3wno sama struktura Centrum jak i&nbsp;zakres jego dzia\u0142alno\u015bci zak\u0142adaj\u0105 zorientowany na&nbsp;problemy aplikacyjne charakter tej&nbsp;plac\u00f3wki. W&nbsp;za\u0142o\u017ceniu, nowoczesna infrastruktura, dopasowana do&nbsp;potrzeb zaawansowanej technologii, pozwala na&nbsp;prowadzenie nowatorskich bada\u0144, prac naukowych i&nbsp;rozwojowych na&nbsp;konkurencyjnym mi\u0119dzynarodowym poziomie. Zasadno\u015b\u0107 utworzenia takiego centrum wynika z&nbsp;rosn\u0105cego zapotrzebowania na&nbsp;wykorzystywanie technologii informatycznych i&nbsp;komunikacyjnych w&nbsp;ka\u017cdym obszarze bada\u0144, r\u00f3wnie\u017c nauk humanistycznych i&nbsp;nauk spo\u0142ecznych. Jest to&nbsp;odpowied\u017a na&nbsp;wsp\u00f3\u0142czesne potrzeby i&nbsp;wymagania \u015brodowiska naukowego i&nbsp;biznesowego.<\/p>\n\n\n\n<p>W&nbsp;Polsce brakowa\u0142o o\u015brodka, kt\u00f3ry&nbsp;w&nbsp;jednym miejscu gromadzi\u0142by specjalist\u00f3w z&nbsp;zakresu Data Science, sztucznej inteligencji, uczenia maszynowego, cyberbezpiecze\u0144stwa, nauk medycznych, technicznych, przyrodniczych, humanistycznych i&nbsp;spo\u0142ecznych. Stworzenie Centrum, poza aspektem czysto badawczym, umo\u017cliwi wykorzystanie bada\u0144 w praktyce, w tym przedstawienie biznesowi multidyscyplinarnej oferty MCB.<\/p>\n\n\n\n<h2 class=\"wp-block-heading\">EFEKTY PROJEKTU<\/h2>\n\n\n\n<p>W&nbsp;ramach projektu powstaj\u0105 w&nbsp;Dziekanowie Le\u015bnym na&nbsp;obszarze 1,2 ha dwa budynki o&nbsp;\u0142\u0105cznej powierzchni u\u017cytkowej 5190 m<sup>2<\/sup>, w&nbsp;kt\u00f3rych&nbsp;prowadzone b\u0119d\u0105 prace badawcze w&nbsp;ramach nast\u0119puj\u0105cych laboratori\u00f3w:<\/p>\n\n\n\n<ul class=\"wp-block-list\">\n<li><strong><a href=\"https:\/\/mcb.uksw.edu.pl\/o-nas\/laboratoria\/laboratorium-wielkoskalowego-przetwarzania-danych\/\" data-type=\"page\" data-id=\"18005\">Laboratorium Wielkoskalowego Przetwarzania Danych<\/a><\/strong><\/li>\n\n\n\n<li><strong><a href=\"https:\/\/mcb.uksw.edu.pl\/o-nas\/laboratoria\/laboratorium-metod-numerycznych-i-analiz\/\" data-type=\"page\" data-id=\"18007\">Laboratorium Metod Numerycznych i&nbsp;Analiz<\/a><\/strong><\/li>\n\n\n\n<li><strong><a href=\"https:\/\/mcb.uksw.edu.pl\/o-nas\/laboratoria\/laboratorium-cyberbezpieczenstwa\/\" data-type=\"page\" data-id=\"18008\">Laboratorium Cyberbezpiecze\u0144stwa<\/a><\/strong><\/li>\n\n\n\n<li><strong><a href=\"https:\/\/mcb.uksw.edu.pl\/o-nas\/laboratoria\/laboratorium-przetwarzania-czasowo-krytycznego\/\" data-type=\"page\" data-id=\"18009\">Laboratorium Przetwarzania Czasowo Krytycznego<\/a><\/strong><\/li>\n\n\n\n<li><strong><a href=\"https:\/\/mcb.uksw.edu.pl\/o-nas\/laboratoria\/laboratorium-badan-geoinformacyjnych\/\" data-type=\"page\" data-id=\"18010\">Laboratorium Bada\u0144 Geoinformacyjnych<\/a><\/strong><\/li>\n\n\n\n<li><strong><a href=\"https:\/\/mcb.uksw.edu.pl\/o-nas\/laboratoria\/laboratorium-bezpiecznego-przechowywania-i-przetwarzania-danych\/\" data-type=\"page\" data-id=\"18011\">Laboratorium Bezpiecznego Przechowywania i&nbsp;Przetwarzania Danych<\/a><\/strong><\/li>\n\n\n\n<li><strong><a href=\"https:\/\/mcb.uksw.edu.pl\/o-nas\/laboratoria\/laboratorium-przestrzen-kreatywna\/\" data-type=\"page\" data-id=\"18012\">Laboratorium Przestrze\u0144 Kreatywna<\/a><\/strong><\/li>\n\n\n\n<li><strong><a href=\"https:\/\/mcb.uksw.edu.pl\/o-nas\/laboratoria\/laboratorium-vr\/\" data-type=\"page\" data-id=\"18022\">Laboratorium VR<\/a><\/strong><\/li>\n\n\n\n<li><strong><a href=\"https:\/\/mcb.uksw.edu.pl\/o-nas\/laboratoria\/laboratorium-symulatora-sferycznego-i-symulacji-wizualnej\/\" data-type=\"page\" data-id=\"18023\">Laboratorium Symulatora Sferycznego i&nbsp;Symulacji Wizualnej<\/a><\/strong><\/li>\n\n\n\n<li><strong><a href=\"https:\/\/mcb.uksw.edu.pl\/o-nas\/laboratoria\/laboratorium-druku-3d\/\" data-type=\"page\" data-id=\"18024\">Laboratorium Druku 3D<\/a><\/strong><\/li>\n\n\n\n<li><strong><a href=\"https:\/\/mcb.uksw.edu.pl\/o-nas\/laboratoria\/laboratorium-badawcze-pomiarowo-srodowiskowe\/\" data-type=\"page\" data-id=\"18030\">Laboratorium Badawcze Pomiarowo-\u015arodowiskowe<\/a><\/strong> (Laboratorium Monitoringu \u015arodowiska, laboratorium Bada\u0144 Termowizyjnych i&nbsp;Fizyki Budowlanej, Laboratorium Geodezyjno-Pomiarowe)<\/li>\n\n\n\n<li>Laboratorium System\u00f3w \u0141\u0105czno\u015bci<\/li>\n\n\n\n<li><strong><a href=\"https:\/\/mcb.uksw.edu.pl\/o-nas\/laboratoria\/laboratorium-rtv-i-badan-medioznawczych\/\" data-type=\"page\" data-id=\"18031\">Laboratorium RTV i&nbsp;Bada\u0144 Medioznawczych<\/a><\/strong><\/li>\n<\/ul>\n\n\n\n<p>Pozosta\u0142e lokalizacje infrastruktury badawczej projektu:<\/p>\n\n\n\n<ul class=\"wp-block-list\">\n<li><a href=\"https:\/\/mcb.uksw.edu.pl\/o-nas\/laboratoria\/laboratorium-zlokalizowane-w-wojskowym-instytucie-medycyny-lotniczej\/\" data-type=\"page\" data-id=\"18107\"><strong>Laboratorium zlokalizowane w&nbsp;Wojskowym Instytucie Medycyny Lotniczej<\/strong><\/a><\/li>\n\n\n\n<li><a href=\"https:\/\/mcb.uksw.edu.pl\/o-nas\/laboratoria\/laboratorium-w-osrodku-przetwarzania-informacji-panstwowym-instytucie-badawczym\/\" data-type=\"page\" data-id=\"18108\"><strong>Laboratorium zlokalizowane w&nbsp;O\u015brodku Przetwarzania Informacji \u2013 Pa\u0144stwowym Instytucie Badawczym<\/strong><\/a><\/li>\n<\/ul>\n\n\n\n<h2 class=\"wp-block-heading\">PROCES BUDOWY<\/h2>\n\n\n    \r\n\r\n    <h2>Nic nie znaleziono<\/h2>\r\n    \r\n    \n\n\n<p><\/p>\n\n\n\n<h2 class=\"wp-block-heading\">INFRASTRUKTURA BADAWCZA<\/h2>\n\n\n\n<p>Infrastruktura badawcza powsta\u0142a w&nbsp;ramach projektu MCB dost\u0119pna jest dla podmiot\u00f3w spoza konsorcjum na&nbsp;zasadach okre\u015blonych w&nbsp;poni\u017cszych dokumentach:<\/p>\n\n\n\n<ul class=\"wp-block-list\">\n<li><a href=\"https:\/\/mcb.uksw.edu.pl\/wp-content\/uploads\/sites\/21\/2022\/11\/2020-08-28-Decyzja-4-Dyrektora-CNT-wprowadzenie-regulaminu-i-zalaczniki.pdf\" data-type=\"URL\" data-id=\"https:\/\/mcb.uksw.edu.pl\/wp-content\/uploads\/sites\/21\/2022\/11\/2020-08-28-Decyzja-4-Dyrektora-CNT-wprowadzenie-regulaminu-i-zalaczniki.pdf\">regulamin udost\u0119pniania infrastruktury \u2013 Decyzja nr&nbsp;4\/2020 Dyrektora CNT<\/a><\/li>\n\n\n\n<li><a href=\"https:\/\/mcb.uksw.edu.pl\/wp-content\/uploads\/sites\/21\/2022\/11\/2020-04-29-Decyzja-Dyrektora-CNT-wprowadzenie-cennika-i-zalaczniki.pdf\" data-type=\"URL\" data-id=\"https:\/\/mcb.uksw.edu.pl\/wp-content\/uploads\/sites\/21\/2022\/11\/2020-04-29-Decyzja-Dyrektora-CNT-wprowadzenie-cennika-i-zalaczniki.pdf\">cennik \u2013 Decyzja nr&nbsp;3\/2020 Dyrektora CNT<\/a><\/li>\n<\/ul>\n\n\n\n<h2 class=\"wp-block-heading\">LOKALIZACJA INWESTYCJI<\/h2>\n\n\n\n<p>Multidyscyplinarne Centrum Badawcze UKSW znajduje si\u0119 ok. 350 m od&nbsp;trasy S7 oraz&nbsp;17 km od&nbsp;centrum Warszawy.<\/p>\n\n\n\n<iframe src=\"https:\/\/www.google.com\/maps\/embed?pb=!1m18!1m12!1m3!1d2437.328206814881!2d20.85346511634371!3d52.34633235683681!2m3!1f0!2f0!3f0!3m2!1i1024!2i768!4f13.1!3m3!1m2!1s0x471eb7d28d004965%3A0x75e48166eb929bad!2sMultidyscyplinarne%20Centrum%20Badawcze%20Uniwersytetu%20Kardyna%C5%82a%20Stefana%20Wyszy%C5%84skiego%20w%20Warszawie!5e0!3m2!1spl!2spl!4v1678797079558!5m2!1spl!2spl\" style=\"border:0;\" allowfullscreen=\"\" loading=\"lazy\" referrerpolicy=\"no-referrer-when-downgrade\" width=\"100%\" height=\"450\"><\/iframe>\n\n\n\n<div style=\"height:20px\" aria-hidden=\"true\" class=\"wp-block-spacer\"><\/div>\n\n\n\r\n<div class=\"\">\r\n\r\n<div class=\"row\">\r\n\r\n  \r\n\r\n\r\n     <div class=\"col-xl-12 col-lg-6 col-md-12 col-sm-12 project\">\r\n\t\t\t<div class=\"contact_box project_box\">\r\n\t\t\t<div class=\"headingh2\">Multidyscyplinarne Centrum Badawcze<\/div>\r\n\t\t\t<div class=\"headingh3\">Uniwersytet Kardyna\u0142a Stefana Wyszy\u0144skiego w Warszawie<\/div><br>\r\n\r\n\r\n\t\t\t<p>&nbsp;<\/p>\n<p>ul. Marii Konopnickiej 1,<br \/>\n05-092 Dziekan\u00f3w Le\u015bny<\/p>\n<p>tel.: <a href=\"tel:+48 22 380 43 25\">+48 22 380 43 25<\/a><br \/>\nmail: <a href=\"mailto:mcb@uksw.edu.pl\">mcb@uksw.edu.pl<\/a><\/p>\n\t\t\t<\/div>\r\n    <\/div>\r\n\r\n\t\r\n\t \r\n\r\n\r\n<\/div>\r\n  \r\n<\/div>\r\n\n\n\r\n<div class=\"\">\r\n\r\n<div class=\"row\">\r\n\r\n  \r\n\r\n\r\n     <div class=\"col-xl-6 col-lg-6 col-md-12 col-sm-12 project\">\r\n\t\t\t<div class=\"contact_box project_box\">\r\n\t\t\t<div class=\"headingh2\">S\u0142awomir Wi\u015bniewski<\/div>\r\n\t\t\t<div class=\"headingh3\">kierownik projektu<\/div><br>\r\n\r\n\r\n\t\t\t<p>tel. +48 22 380 96 17<br \/>\ne-mail: <a href=\"mailto:s.wisniewski@uksw.edu.pl\">s.wisniewski@uksw.edu.pl<\/a><\/p>\n\t\t\t<\/div>\r\n    <\/div>\r\n\r\n\t\r\n\t \r\n\r\n\r\n<\/div>\r\n  \r\n<\/div>\r\n\n\n   <div class=\"\">\n\n\n<div class=\"news_page\">\n                <div class=\"container\"> \n                        <div class=\"row\">\n                                <div class=\"col-xl-10 col-lg-10 col-md-9 col-sm-12\">\n                                        <div class=\"heading_bg\">\n                                        <div class=\"headingh2\">Aktualno\u015bci<\/div>\n                                        <\/div>\n                                <\/div>\n                                <div class=\"col-xl-2 col-lg-2 col-md-3 col-sm-12\">\n                                                                    <\/div>\n                        <\/div>\n\n                        <div class=\"row\">\n                                                 \n\n                                    \n\n                       <div class=\"col-xxl-4 col-xl-6 col-lg-6 col-md-12 col-sm-12 project\">\n                          <a href=\"https:\/\/mcb.uksw.edu.pl\/?post_type=post&#038;p=18695\">\n                                <div class=\"image_container project_box\">\n                                    <img decoding=\"async\" src=\"https:\/\/mcb.uksw.edu.pl\/wp-content\/themes\/uksw\/images\/news_nophoto.png\" class=\"image_inner\" alt=\"\">\n                                        <div class=\"overlay\">\n                                            <div class=\"text\">\n                                                <div class=\"text1\">INFORMACJA KOMISJI STYPENDIALNEJ PROJEKTU NCN SONATA&#8230;<\/div>\n                                                <div class=\"text2\">\n\n<\/div>\n                                            <\/div>\n                                        <\/div>\n                                <\/div>\n                                <\/a>\n                          <\/div>\n\n                                       \n\n                                        \n\n                       <div class=\"col-xxl-4 col-xl-6 col-lg-6 col-md-12 col-sm-12 project\">\n                          <a href=\"https:\/\/mcb.uksw.edu.pl\/?post_type=post&#038;p=18690\">\n                                <div class=\"image_container project_box\">\n                                    <img decoding=\"async\" src=\"https:\/\/mcb.uksw.edu.pl\/wp-content\/themes\/uksw\/images\/news_nophoto.png\" class=\"image_inner\" alt=\"\">\n                                        <div class=\"overlay\">\n                                            <div class=\"text\">\n                                                <div class=\"text1\">Rekrutacja na stanowisko Stypendysty w projekcie NCN&#8230;<\/div>\n                                                <div class=\"text2\">Multidyscyplinarne Centrum Badawcze Uniwersytetu Kardyna\u0142a Stefana Wyszy\u0144skiego&#8230;<\/div>\n                                            <\/div>\n                                        <\/div>\n                                <\/div>\n                                <\/a>\n                          <\/div>\n\n                                       \n\n                                        \n\n                       <div class=\"col-xxl-4 col-xl-6 col-lg-6 col-md-12 col-sm-12 project\">\n                          <a href=\"https:\/\/mcb.uksw.edu.pl\/?post_type=post&#038;p=18685\">\n                                <div class=\"image_container project_box\">\n                                    <img decoding=\"async\" src=\"https:\/\/mcb.uksw.edu.pl\/wp-content\/themes\/uksw\/images\/news_nophoto.png\" class=\"image_inner\" alt=\"\">\n                                        <div class=\"overlay\">\n                                            <div class=\"text\">\n                                                <div class=\"text1\">INFORMACJA KOMISJI REKRUTACYJNEJ PROJEKTU NCN SONATA&#8230;<\/div>\n                                                <div class=\"text2\">\n\n<\/div>\n                                            <\/div>\n                                        <\/div>\n                                <\/div>\n                                <\/a>\n                          <\/div>\n\n                                       \n\n                                        \n\n                       <div class=\"col-xxl-4 col-xl-6 col-lg-6 col-md-12 col-sm-12 project\">\n                          <a href=\"https:\/\/mcb.uksw.edu.pl\/?post_type=post&#038;p=18680\">\n                                <div class=\"image_container project_box\">\n                                    <img decoding=\"async\" src=\"https:\/\/mcb.uksw.edu.pl\/wp-content\/themes\/uksw\/images\/news_nophoto.png\" class=\"image_inner\" alt=\"\">\n                                        <div class=\"overlay\">\n                                            <div class=\"text\">\n                                                <div class=\"text1\">Konkurs na stanowisko Post-doc w Multidyscyplinarnym&#8230;<\/div>\n                                                <div class=\"text2\">Multidyscyplinarne Centrum Badawcze&nbsp;Uniwersytetu Kardyna\u0142a Stefana Wyszy\u0144skiego&#8230;<\/div>\n                                            <\/div>\n                                        <\/div>\n                                <\/div>\n                                <\/a>\n                          <\/div>\n\n                                       \n\n                                        \n\n                       <div class=\"col-xxl-4 col-xl-6 col-lg-6 col-md-12 col-sm-12 project\">\n                          <a href=\"https:\/\/mcb.uksw.edu.pl\/?post_type=post&#038;p=18677\">\n                                <div class=\"image_container project_box\">\n                                    <img decoding=\"async\" src=\"https:\/\/mcb.uksw.edu.pl\/wp-content\/themes\/uksw\/images\/news_nophoto.png\" class=\"image_inner\" alt=\"\">\n                                        <div class=\"overlay\">\n                                            <div class=\"text\">\n                                                <div class=\"text1\">INFORMACJA KOMISJI STYPENDIALNEJ PROJEKTU NCN SONATA&#8230;<\/div>\n                                                <div class=\"text2\">\n\n<\/div>\n                                            <\/div>\n                                        <\/div>\n                                <\/div>\n                                <\/a>\n                          <\/div>\n\n                                       \n\n                                        \n\n                       <div class=\"col-xxl-4 col-xl-6 col-lg-6 col-md-12 col-sm-12 project\">\n                          <a href=\"https:\/\/mcb.uksw.edu.pl\/?post_type=post&#038;p=18653\">\n                                <div class=\"image_container project_box\">\n                                    <img decoding=\"async\" src=\"https:\/\/mcb.uksw.edu.pl\/wp-content\/uploads\/sites\/21\/2025\/07\/mcbiamg2-507x388.png\" class=\"image_inner\" alt=\"\">\n                                        <div class=\"overlay\">\n                                            <div class=\"text\">\n                                                <div class=\"text1\">Wsp\u00f3\u0142praca MCB UKSW i IAMG<\/div>\n                                                <div class=\"text2\">Dnia 26 czerwca 2025 r. Multidyscyplinarne Centrum Badawcze UKSW, reprezentowane&#8230;<\/div>\n                                            <\/div>\n                                        <\/div>\n                                <\/div>\n                                <\/a>\n                          <\/div>\n\n                                       \n\n                                        \n                                        <div class=\"col-xl-12\">\n                                                                                  <div class=\"pages\"><nav aria-label=\"Nawigacja stron\">\r\n\t\t\t\r\n\t\t\t<ul class=\"pagination \"><li class=\"page-item\"><a class=\"page-link\" href=\"#\" aria-label=\"Poprzednia strona \">\r\n       <span aria-hidden=\"true\"><img decoding=\"async\" src=\"https:\/\/mcb.uksw.edu.pl\/wp-content\/themes\/uksw\/images\/grey_page_arrow.svg\" alt=\"\"> <\/span><\/a><\/li><li class=\"page-item\"><span aria-current=\"page\" class=\"page-link  current\">1<\/span><\/li><li class=\"page-item\"><a class=\"page-link\" aria-label=\"2. strona \" href=\"https:\/\/mcb.uksw.edu.pl\/pl\/wp-json\/wp\/v2\/pages\/4797\/page\/2\/\">2<\/a><\/li><li class=\"page-item\"><span class=\"page-link dots\">&hellip;<\/span><\/li><li class=\"page-item\"><a class=\"page-link\" aria-label=\"21. strona \" href=\"https:\/\/mcb.uksw.edu.pl\/pl\/wp-json\/wp\/v2\/pages\/4797\/page\/21\/\">21<\/a><\/li><li class=\"page-item\"><a class=\"page-link next but_next\" aria-label=\"Nast\u0119pna strona \" href=\"https:\/\/mcb.uksw.edu.pl\/pl\/wp-json\/wp\/v2\/pages\/4797\/page\/2\/\"><img decoding=\"async\" src=\"https:\/\/mcb.uksw.edu.pl\/wp-content\/themes\/uksw\/images\/blue_page_arrow.svg\" alt=\"Nast\u0119pna\"><\/a><\/li><\/ul>\r\n\r\n\t\t<\/nav><\/div>                                          <\/div>\n                            \n                        <\/div>\n\n\n                <\/div>\n        <\/div>\n\n\n<\/div>\n\n\n\n<figure class=\"wp-block-image size-full\"><img decoding=\"async\" width=\"1015\" height=\"98\" src=\"https:\/\/mcb.uksw.edu.pl\/wp-content\/uploads\/sites\/21\/2023\/03\/Projet_logotypy.png\" alt=\"\" class=\"wp-image-18287\" srcset=\"https:\/\/mcb.uksw.edu.pl\/wp-content\/uploads\/sites\/21\/2023\/03\/Projet_logotypy.png 1015w, https:\/\/mcb.uksw.edu.pl\/wp-content\/uploads\/sites\/21\/2023\/03\/Projet_logotypy-300x29.png 300w, https:\/\/mcb.uksw.edu.pl\/wp-content\/uploads\/sites\/21\/2023\/03\/Projet_logotypy-768x74.png 768w\" sizes=\"(max-width: 1015px) 100vw, 1015px\" \/><\/figure>\n","protected":false},"excerpt":{"rendered":"<p>DOFINANSOWANIE O\u015b priorytetowa I&nbsp;Wykorzystanie dzia\u0142alno\u015bci badawczo-rozwojowej w&nbsp;gospodarceDzia\u0142anie 1.1 Dzia\u0142alno\u015b\u0107 badawczo \u2013 rozwojowa jednostek naukowych Typ projektu:Wsparcie infrastruktury badawczo \u2013 rozwojowej jednostek naukowychRegionalny Program Operacyjny Wojew\u00f3dztwa Mazowieckiego 2014-2020 Dokumentacja konkursowa:Dzia\u0142alno\u015b\u0107 badawczo-rozwojowa jednostek naukowych CZAS TRWANIA I&nbsp;WARTO\u015a\u0106 PROJEKTU OPIS PROJEKTU Projekt polega na&nbsp;utworzeniu&nbsp;Multidyscyplinarnego Centrum Badawczego (MCB). Jego g\u0142\u00f3wnym elementem jest budowa unikalnego o\u015brodka badawczego w&nbsp;dziedzinie nauk cyfrowych. [&hellip;]<\/p>\n","protected":false},"author":1,"featured_media":17810,"parent":3714,"menu_order":13,"comment_status":"closed","ping_status":"closed","template":"page-templates\/template-sub-page.php","meta":{"_acf_changed":false,"inline_featured_image":false,"footnotes":"","_links_to":"","_links_to_target":""},"class_list":["post-4797","page","type-page","status-publish","has-post-thumbnail","hentry"],"acf":[],"_links":{"self":[{"href":"https:\/\/mcb.uksw.edu.pl\/pl\/wp-json\/wp\/v2\/pages\/4797","targetHints":{"allow":["GET"]}}],"collection":[{"href":"https:\/\/mcb.uksw.edu.pl\/pl\/wp-json\/wp\/v2\/pages"}],"about":[{"href":"https:\/\/mcb.uksw.edu.pl\/pl\/wp-json\/wp\/v2\/types\/page"}],"author":[{"embeddable":true,"href":"https:\/\/mcb.uksw.edu.pl\/pl\/wp-json\/wp\/v2\/users\/1"}],"replies":[{"embeddable":true,"href":"https:\/\/mcb.uksw.edu.pl\/pl\/wp-json\/wp\/v2\/comments?post=4797"}],"version-history":[{"count":59,"href":"https:\/\/mcb.uksw.edu.pl\/pl\/wp-json\/wp\/v2\/pages\/4797\/revisions"}],"predecessor-version":[{"id":18288,"href":"https:\/\/mcb.uksw.edu.pl\/pl\/wp-json\/wp\/v2\/pages\/4797\/revisions\/18288"}],"up":[{"embeddable":true,"href":"https:\/\/mcb.uksw.edu.pl\/pl\/wp-json\/wp\/v2\/pages\/3714"}],"wp:featuredmedia":[{"embeddable":true,"href":"https:\/\/mcb.uksw.edu.pl\/pl\/wp-json\/wp\/v2\/media\/17810"}],"wp:attachment":[{"href":"https:\/\/mcb.uksw.edu.pl\/pl\/wp-json\/wp\/v2\/media?parent=4797"}],"curies":[{"name":"wp","href":"https:\/\/api.w.org\/{rel}","templated":true}]}}