{"id":4792,"date":"2022-11-02T15:05:56","date_gmt":"2022-11-02T14:05:56","guid":{"rendered":"https:\/\/jednostki.uksw.edu.pl\/mcb\/o-nas\/osrodki\/geomatyki\/"},"modified":"2022-11-08T19:43:19","modified_gmt":"2022-11-08T18:43:19","slug":"geomatyki","status":"publish","type":"page","link":"https:\/\/mcb.uksw.edu.pl\/o-nas\/osrodki\/geomatyki\/","title":{"rendered":"Geomatyki"},"content":{"rendered":"\n<h2 class=\"wp-block-heading\">CHARAKTERYSTYKA O\u015aRODKA<\/h2>\n\n\n\n<p>Zakres dzia\u0142alno\u015bci badawczej o\u015brodka obejmuje wykorzystanie cyfrowych technik pomiarowych w&nbsp;procesie tr\u00f3jwymiarowej inwentaryzacji obiekt\u00f3w w&nbsp;przestrzeni og\u00f3lnogeograficznej. O\u015brodek skupia kompetencje z&nbsp;zakresu fotogrametrii, teledetekcji oraz&nbsp;geomatyki, w&nbsp;trzech obszarach: digitalizacja i&nbsp;mapowanie 3d, geomatyka i&nbsp;nawigacja oraz druk 3d.<\/p>\n\n\n\n<h3 class=\"wp-block-heading\">Digitalizacja i&nbsp;mapowanie 3D<\/h3>\n\n\n\n<p>O\u015brodek dysponuje skanerami 3D pracuj\u0105cymi w&nbsp;oparciu o&nbsp;\u015bwiat\u0142o lasera TLS (Terrestial Laser Scanner) oraz&nbsp;SfM (Structure from Motion). Skanery wykorzystuj\u0105ce technologi\u0119 \u015bwiat\u0142a strukturalnego, pozwalaj\u0105 odwzorowa\u0107 kszta\u0142t oraz&nbsp;wymiary skanowanych obiekt\u00f3w o&nbsp;ma\u0142ych gabarytach z&nbsp;dok\u0142adno\u015bci\u0105 pomiaru si\u0119gaj\u0105c\u0105 0,03 mm. Wykorzystanie technologii skanowania laserowego umo\u017cliwia natomiast zebranie tych informacji z&nbsp;dok\u0142adno\u015bci\u0105 do&nbsp;0,8mm na&nbsp;odleg\u0142o\u015bci do&nbsp;10m. Pozwala to na dok\u0142adne odwzorowanie obiekt\u00f3w o&nbsp;wi\u0119kszej kubaturze. Uzupe\u0142nieniem zasob\u00f3w sprz\u0119towych o\u015brodka jest specjalistyczne oprogramowanie umo\u017cliwiaj\u0105ce wielowariantowe przetwarzanie i&nbsp;analizy pozyskiwanych danych.<\/p>\n\n\n\n<h3 class=\"wp-block-heading\">Geomatyka i&nbsp;nawigacja<\/h3>\n\n\n\n<p>O\u015brodek prowadzi badania nad&nbsp;praktycznym zastosowaniem techniki GNSS \u2013 Globalnego Systemu Nawigacji Satelitarnej. Wykorzystanie dost\u0119pnych metod zbierania i&nbsp;przetwarzania sygna\u0142\u00f3w nawigacyjnych (DGNSS \u2013 Differential GPS, A-GNSS \u2013 Asisted GNSS) pochodz\u0105cych z&nbsp;r\u00f3\u017cnych system\u00f3w (GPS, GLONASS, GALILEO, BEIDOU), pozwala nie&nbsp;tylko&nbsp;na&nbsp;precyzyjne wyznaczenie pozycji w&nbsp;dowolnym miejscu na&nbsp;Ziemi, ale&nbsp;r\u00f3wnie\u017c dystrybucj\u0119 jednolitej skali czasu, teledetekcj\u0119 czy&nbsp;badania atmosfery (tomografia atmosfery). Cz\u0119\u015b\u0107 sprz\u0119towa laboratorium obejmuje sie\u0107 odbiornik\u00f3w GNSS, umo\u017cliwiaj\u0105cych realizacj\u0119 pomiar\u00f3w w&nbsp;trybie DGNSS i&nbsp;AGNSS w&nbsp;czasie rzeczywistym. O\u015brodek dysponuje ponadto specjalistycznym oprogramowaniem umo\u017cliwiaj\u0105cym analiz\u0119 i&nbsp;przetwarzanie danych geoprzestrzennych \u2013 GIS (Sstem Informacji Geograficznej).<\/p>\n\n\n\n<h3 class=\"wp-block-heading\">Druk 3D<\/h3>\n\n\n\n<p>Zasoby sprz\u0119towe O\u015brodka pozwalaj\u0105 na wykonywanie druku 3D obiekt\u00f3w z&nbsp;proszku gipsowego w&nbsp;pe\u0142nym kolorze, druk obiekt\u00f3w metod\u0105 utwardzania \u017cywicy polimerowej oraz&nbsp;druk obiekt\u00f3w z&nbsp;tworzywa sztucznego metod\u0105 kszta\u0142towania roztopionej mieszanki. Mo\u017cliwe jest dopasowanie technologii do&nbsp;potrzeb konkretnych obszar\u00f3w badawczych, ustalenie po\u017c\u0105danej dok\u0142adno\u015bci, wytrzyma\u0142o\u015bci i kosztoch\u0142onno\u015bci. Prace rozwojowe w&nbsp;tym obszarze obejmuj\u0105 przygotowanie i&nbsp;przetwarzanie wirtualnych modeli na&nbsp;potrzeby r\u00f3\u017cnych technik druku 3d.<\/p>\n\n\n\n<h2 class=\"wp-block-heading\">MO\u017bLIWO\u015aCI APLIKACYJNE<\/h2>\n\n\n\n<h3 class=\"wp-block-heading\">Digitalizacja i&nbsp;mapowanie 3D<\/h3>\n\n\n\n<ul class=\"wp-block-list\">\n<li>kontrola jako\u015bci gotowych produkt\u00f3w w&nbsp;zakresie weryfikacji zgodno\u015bci wymiarowej z&nbsp;dokumentacj\u0105 techniczn\u0105.<\/li>\n\n\n\n<li>wspieranie proces\u00f3w medycznych w&nbsp;dziedzinie diagnostyki, obrazowania przedoperacyjnego, przygotowania implant\u00f3w, protez i&nbsp;ortez, weryfikacji zmian zachodz\u0105cych w&nbsp;organizmie, badania sylwetki, dopasowania akcesori\u00f3w dla os\u00f3b niepe\u0142nosprawnych.<\/li>\n\n\n\n<li>zachowanie kszta\u0142tu przedmiot\u00f3w ulotnych, nietrwa\u0142ych w&nbsp;zakresie digitalizacji przedmiot\u00f3w, kt\u00f3rych&nbsp;zabezpieczenie, konserwacja lub inny spos\u00f3b na&nbsp;utrwalenie kszta\u0142tu i&nbsp;wizerunku by\u0142by niemo\u017cliwy lub nieop\u0142acalny.<\/li>\n\n\n\n<li>wsparcie takich dziedzin nauki takich jak archeologia czy&nbsp;antropologia przy tworzeniu dokumentacji cyfrowej\n<ul class=\"wp-block-list\">\n<li><\/li>\n<\/ul>\n<\/li>\n<\/ul>\n\n\n\n<h3 class=\"wp-block-heading\">Geomatyka i&nbsp;nawigacja<\/h3>\n\n\n\n<ul class=\"wp-block-list\">\n<li>transport i&nbsp;logistyka \u2013 precyzyjna lokalizacja na&nbsp;obszarze ca\u0142ego globu z&nbsp;dost\u0119pno\u015bci\u0105 &gt; 95%,<\/li>\n\n\n\n<li>robotyka i&nbsp;urz\u0105dzenia autonomiczne \u2013 nawigacja precyzyjna w&nbsp;czasie rzeczywistym z&nbsp;cz\u0119stotliwo\u015bci\u0105 pozycjonowania do&nbsp;20Hz.<\/li>\n\n\n\n<li>geodezja i&nbsp;geotechnika \u2013 realizacja precyzyjnych pomiar\u00f3w przemieszcze\u0144 konstrukcji i&nbsp;obiekt\u00f3w geotechnicznych,<\/li>\n\n\n\n<li>finanse i&nbsp;bankowo\u015b\u0107 \u2013 globalna dystrybucja precyzyjnej skali czasu<\/li>\n\n\n\n<li>budownictwo i&nbsp;in\u017cynieria \u2013 monitorowanie wp\u0142ywu warunk\u00f3w eksploatacyjnych na&nbsp;stateczno\u015b\u0107 przestrzenn\u0105 konstrukcji<\/li>\n\n\n\n<li>SMART CITY, 4.0 Industry \u2013 ci\u0105g\u0142y strumie\u0144 danych na&nbsp;potrzeby system\u00f3w optymalizacji np.&nbsp;inteligentny transport.<\/li>\n<\/ul>\n\n\n\n<h3 class=\"wp-block-heading\">Druk 3D<\/h3>\n\n\n\n<ul class=\"wp-block-list\">\n<li>szybkie prototypowanie<\/li>\n\n\n\n<li>tworzenie modeli pogl\u0105dowych i&nbsp;wizualizacja projekt\u00f3w tr\u00f3jwymiarowych<\/li>\n\n\n\n<li>odtwarzanie geometrii obiekt\u00f3w zniszczonych lub uszkodzonych<\/li>\n<\/ul>\n\n\n\n<h2 class=\"wp-block-heading\">UNIKATOWO\u015a\u0106 SPRZ\u0118TU<\/h2>\n\n\n\n<p>O\u015brodek dysponuje najnowszym sprz\u0119tem pomiarowym z&nbsp;zakresu skanowania 3D, fotogrametrii i&nbsp;GNSS.<\/p>\n\n\n\n<h2 class=\"wp-block-heading\">POTENCJA\u0141 OSOBOWY<\/h2>\n\n\n\n<p>Zesp\u00f3\u0142 z&nbsp;wieloletnim do\u015bwiadczeniem w&nbsp;dziedzinie skanowania 3D maj\u0105cy w&nbsp;swoim dorobku projekty digitalizacji zabytkowych budynk\u00f3w, szcz\u0105tk\u00f3w ludzkich czy&nbsp;eksponat\u00f3w sztuki wsp\u00f3\u0142czesnej.<\/p>\n\n\n\n<p>O\u015brodek wykorzystuje technik\u0119 GNSS m. in. w geodezyjnym monitorowaniu przemieszcze\u0144, nawigacji precyzyjnej pojazd\u00f3w czy zak\u0142\u00f3caniu sygna\u0142u GNSS.<\/p>\n\n\n\n<h2 class=\"wp-block-heading\">EKSPERT O\u015aRODKA<\/h2>\n\n\n\n<p>Dr in\u017c. Maciej Wrona<\/p>\n","protected":false},"excerpt":{"rendered":"<p>CHARAKTERYSTYKA O\u015aRODKA Zakres dzia\u0142alno\u015bci badawczej o\u015brodka obejmuje wykorzystanie cyfrowych technik pomiarowych w&nbsp;procesie tr\u00f3jwymiarowej inwentaryzacji obiekt\u00f3w w&nbsp;przestrzeni og\u00f3lnogeograficznej. O\u015brodek skupia kompetencje z&nbsp;zakresu fotogrametrii, teledetekcji oraz&nbsp;geomatyki, w&nbsp;trzech obszarach: digitalizacja i&nbsp;mapowanie 3d, geomatyka i&nbsp;nawigacja oraz druk 3d. Digitalizacja i&nbsp;mapowanie 3D O\u015brodek dysponuje skanerami 3D pracuj\u0105cymi w&nbsp;oparciu o&nbsp;\u015bwiat\u0142o lasera TLS (Terrestial Laser Scanner) oraz&nbsp;SfM (Structure from Motion). Skanery wykorzystuj\u0105ce [&hellip;]<\/p>\n","protected":false},"author":1,"featured_media":17783,"parent":4786,"menu_order":8,"comment_status":"closed","ping_status":"closed","template":"page-templates\/template-sub-page.php","meta":{"_acf_changed":false,"inline_featured_image":false,"footnotes":"","_links_to":"","_links_to_target":""},"class_list":["post-4792","page","type-page","status-publish","has-post-thumbnail","hentry"],"acf":[],"_links":{"self":[{"href":"https:\/\/mcb.uksw.edu.pl\/pl\/wp-json\/wp\/v2\/pages\/4792","targetHints":{"allow":["GET"]}}],"collection":[{"href":"https:\/\/mcb.uksw.edu.pl\/pl\/wp-json\/wp\/v2\/pages"}],"about":[{"href":"https:\/\/mcb.uksw.edu.pl\/pl\/wp-json\/wp\/v2\/types\/page"}],"author":[{"embeddable":true,"href":"https:\/\/mcb.uksw.edu.pl\/pl\/wp-json\/wp\/v2\/users\/1"}],"replies":[{"embeddable":true,"href":"https:\/\/mcb.uksw.edu.pl\/pl\/wp-json\/wp\/v2\/comments?post=4792"}],"version-history":[{"count":11,"href":"https:\/\/mcb.uksw.edu.pl\/pl\/wp-json\/wp\/v2\/pages\/4792\/revisions"}],"predecessor-version":[{"id":17785,"href":"https:\/\/mcb.uksw.edu.pl\/pl\/wp-json\/wp\/v2\/pages\/4792\/revisions\/17785"}],"up":[{"embeddable":true,"href":"https:\/\/mcb.uksw.edu.pl\/pl\/wp-json\/wp\/v2\/pages\/4786"}],"wp:featuredmedia":[{"embeddable":true,"href":"https:\/\/mcb.uksw.edu.pl\/pl\/wp-json\/wp\/v2\/media\/17783"}],"wp:attachment":[{"href":"https:\/\/mcb.uksw.edu.pl\/pl\/wp-json\/wp\/v2\/media?parent=4792"}],"curies":[{"name":"wp","href":"https:\/\/api.w.org\/{rel}","templated":true}]}}