{"id":4791,"date":"2022-11-02T15:05:55","date_gmt":"2022-11-02T14:05:55","guid":{"rendered":"https:\/\/jednostki.uksw.edu.pl\/mcb\/o-nas\/osrodki\/technologii-materialowych\/"},"modified":"2022-11-08T19:48:22","modified_gmt":"2022-11-08T18:48:22","slug":"technologii-materialowych","status":"publish","type":"page","link":"https:\/\/mcb.uksw.edu.pl\/o-nas\/osrodki\/technologii-materialowych\/","title":{"rendered":"Technologii Materia\u0142owych"},"content":{"rendered":"\n<h2 class=\"wp-block-heading\">KOMPETENCJE:<\/h2>\n\n\n\n<p>Prowadzone badania materia\u0142owe b\u0119d\u0105 wykorzystywa\u0142y narz\u0119dzia komputerowe do&nbsp;prognozowania ich w\u0142a\u015bciwo\u015bci. Projektowanie proces\u00f3w eksperymentalnych i&nbsp;technologicznych bazuj\u0105c na&nbsp;wynikach obliczeniowych u\u0142atwia ich prowadzenie i&nbsp;przyczynia si\u0119 do&nbsp;przy\u015bpieszenia procesu wdro\u017ceniowego. O\u015brodek b\u0119dzie centrum bada\u0144 teoretycznych i&nbsp;eksperymentalnych, w&nbsp;kt\u00f3rym&nbsp;badania bazuj\u0105ce na&nbsp;modelowaniu komputerowym s\u0105 weryfikowane przez&nbsp;prace eksperymentalne. Taki proces badawczy, przyspieszy technologi\u0119 wytwarzania i&nbsp;wdra\u017cania produkt\u00f3w.<\/p>\n\n\n\n<h2 class=\"wp-block-heading\">OBSZARY BADAWCZE<\/h2>\n\n\n\n<ul class=\"wp-block-list\">\n<li>optymalizacja w\u0142a\u015bciwo\u015bci renu i&nbsp;jego stop\u00f3w w&nbsp;oparciu o&nbsp;modelowanie komputerowe<\/li>\n\n\n\n<li>obliczenia kwantowo-mechaniczne szerokiej gamy wielosk\u0142adnikowych stop\u00f3w renu w&nbsp;celu wyznaczania nowych kierunk\u00f3w zastosowa\u0144 stop\u00f3w na&nbsp;bazie renu<\/li>\n\n\n\n<li>wytwarzanie stop\u00f3w renu, charakteryzacja ich struktury i&nbsp;w\u0142a\u015bciwo\u015bci termo-mechanicznych<\/li>\n\n\n\n<li>wytwarzanie renu i&nbsp;jego stopu w&nbsp;postaci proszku do&nbsp;zastosowania w&nbsp;druku 3D<\/li>\n\n\n\n<li>druk 3D element\u00f3w in\u017cynierskich w&nbsp;oparciu o&nbsp;wytworzony proszek renu i&nbsp;stop\u00f3w<\/li>\n\n\n\n<li>charakteryzacja w\u0142a\u015bciwo\u015bci termo-mechanicznych otrzymanych element\u00f3w<\/li>\n\n\n\n<li>obr\u00f3bka termiczna i&nbsp;mechaniczna element\u00f3w \u2013 dostosowanie do&nbsp;wymaga\u0144 konstrukcyjnych<\/li>\n\n\n\n<li>prowadzenie prac badawczo-rozwojowych nad&nbsp;wykorzystaniem renu i&nbsp;jego stop\u00f3w w&nbsp;przemy\u015ble chemicznym, lotniczym i&nbsp;hutniczym.<\/li>\n<\/ul>\n\n\n\n<h2 class=\"wp-block-heading\">MO\u017bLIWO\u015aCI APLIKACYJNE<\/h2>\n\n\n\n<ul class=\"wp-block-list\">\n<li>dostarczanie kompleksowej wiedzy, potrzebnej do&nbsp;projektowania materia\u0142\u00f3w (stabilno\u015b\u0107 struktur, energetyka defekt\u00f3w, relaksacja sieci krystalicznej), wytwarzanie materia\u0142\u00f3w \u017carowytrzyma\u0142ych o&nbsp;jak najmniejszym stosunku g\u0119sto\u015bci do&nbsp;wytrzyma\u0142o\u015bci, z&nbsp;metali przej\u015bciowych takich jak ren, wolfram i&nbsp;ich stopy<\/li>\n<\/ul>\n\n\n\n<h2 class=\"wp-block-heading\">EKSPERT O\u015aRODKA<\/h2>\n\n\n\r\n<div class=\"\">\r\n\r\n                                    \r\n                            \r\n            <div class=\"col-xl-12 col-lg-12 col-md-12 col-sm-12 text_all\">\r\n\r\n                                    <div class=\"grey_box_logo\"> <\/div>\r\n                                                <div class=\"grey_box blue_bottom\">\r\n                                                        <div class=\"grey_box_img\"><img decoding=\"async\" src=\"https:\/\/mcb.uksw.edu.pl\/wp-content\/uploads\/sites\/21\/2022\/11\/Marek-Muzyk2photoAid-removed-background-288x300.png\" alt=\"\"><\/div>\r\n                            \r\n                            <div class=\"grey_box_text\">\r\n                                <div class=\"title blue_title\">ks. dr in\u017c. Marek Muzyk<\/div>\r\n                                <div class=\"sub_title\"><\/div>\r\n\r\n                                                            <\/div>\r\n\r\n                        <\/div>\r\n\r\n                    \r\n            \r\n                   <div class=\"space_20\"><\/div>\r\n\r\n\r\n            <\/div>\r\n        \r\n<\/div>\r\n ","protected":false},"excerpt":{"rendered":"<p>KOMPETENCJE: Prowadzone badania materia\u0142owe b\u0119d\u0105 wykorzystywa\u0142y narz\u0119dzia komputerowe do&nbsp;prognozowania ich w\u0142a\u015bciwo\u015bci. Projektowanie proces\u00f3w eksperymentalnych i&nbsp;technologicznych bazuj\u0105c na&nbsp;wynikach obliczeniowych u\u0142atwia ich prowadzenie i&nbsp;przyczynia si\u0119 do&nbsp;przy\u015bpieszenia procesu wdro\u017ceniowego. O\u015brodek b\u0119dzie centrum bada\u0144 teoretycznych i&nbsp;eksperymentalnych, w&nbsp;kt\u00f3rym&nbsp;badania bazuj\u0105ce na&nbsp;modelowaniu komputerowym s\u0105 weryfikowane przez&nbsp;prace eksperymentalne. Taki proces badawczy, przyspieszy technologi\u0119 wytwarzania i&nbsp;wdra\u017cania produkt\u00f3w. OBSZARY BADAWCZE MO\u017bLIWO\u015aCI APLIKACYJNE EKSPERT O\u015aRODKA<\/p>\n","protected":false},"author":1,"featured_media":17781,"parent":4786,"menu_order":7,"comment_status":"closed","ping_status":"closed","template":"page-templates\/template-sub-page.php","meta":{"_acf_changed":false,"inline_featured_image":false,"footnotes":"","_links_to":"","_links_to_target":""},"class_list":["post-4791","page","type-page","status-publish","has-post-thumbnail","hentry"],"acf":[],"_links":{"self":[{"href":"https:\/\/mcb.uksw.edu.pl\/pl\/wp-json\/wp\/v2\/pages\/4791","targetHints":{"allow":["GET"]}}],"collection":[{"href":"https:\/\/mcb.uksw.edu.pl\/pl\/wp-json\/wp\/v2\/pages"}],"about":[{"href":"https:\/\/mcb.uksw.edu.pl\/pl\/wp-json\/wp\/v2\/types\/page"}],"author":[{"embeddable":true,"href":"https:\/\/mcb.uksw.edu.pl\/pl\/wp-json\/wp\/v2\/users\/1"}],"replies":[{"embeddable":true,"href":"https:\/\/mcb.uksw.edu.pl\/pl\/wp-json\/wp\/v2\/comments?post=4791"}],"version-history":[{"count":9,"href":"https:\/\/mcb.uksw.edu.pl\/pl\/wp-json\/wp\/v2\/pages\/4791\/revisions"}],"predecessor-version":[{"id":17788,"href":"https:\/\/mcb.uksw.edu.pl\/pl\/wp-json\/wp\/v2\/pages\/4791\/revisions\/17788"}],"up":[{"embeddable":true,"href":"https:\/\/mcb.uksw.edu.pl\/pl\/wp-json\/wp\/v2\/pages\/4786"}],"wp:featuredmedia":[{"embeddable":true,"href":"https:\/\/mcb.uksw.edu.pl\/pl\/wp-json\/wp\/v2\/media\/17781"}],"wp:attachment":[{"href":"https:\/\/mcb.uksw.edu.pl\/pl\/wp-json\/wp\/v2\/media?parent=4791"}],"curies":[{"name":"wp","href":"https:\/\/api.w.org\/{rel}","templated":true}]}}