{"id":4790,"date":"2022-11-02T15:05:55","date_gmt":"2022-11-02T14:05:55","guid":{"rendered":"https:\/\/jednostki.uksw.edu.pl\/mcb\/o-nas\/osrodki\/data-science\/"},"modified":"2022-11-08T19:41:06","modified_gmt":"2022-11-08T18:41:06","slug":"data-science","status":"publish","type":"page","link":"https:\/\/mcb.uksw.edu.pl\/o-nas\/osrodki\/data-science\/","title":{"rendered":"Data Science"},"content":{"rendered":"\n<h2 class=\"wp-block-heading\">KOMPETENCJE<\/h2>\n\n\n\n<p>O\u015brodek zajmuje si\u0119 realizacj\u0105 pe\u0142nego cyklu obs\u0142ugi i&nbsp;przetwarzania danych. Od proces\u00f3w akwizycji danych po\u0142\u0105czonych z&nbsp;przeprowadzaniem procedur ich strukturyzacji, poprzez stworzenie warunk\u00f3w gwarantuj\u0105cych bezpieczn\u0105 archiwizacj\u0119 oraz&nbsp;udost\u0119pnianie, do&nbsp;wdra\u017cania rozwi\u0105za\u0144 umo\u017cliwiaj\u0105cych wielopoziomowe przetwarzanie na&nbsp;potrzeby analityki oraz&nbsp;r\u00f3\u017cnych obszar\u00f3w modelowania matematycznego.<\/p>\n\n\n\n<h2 class=\"wp-block-heading\">OBSZARY BADAWCZE<\/h2>\n\n\n\n<ul class=\"wp-block-list\">\n<li>zagadnienia zarz\u0105dzania i&nbsp;bezpiecze\u0144stwa cyfrowych infrastruktur krytycznych, maj\u0105ce zwi\u0105zek z&nbsp;gospodark\u0105 danymi,<\/li>\n\n\n\n<li>zagadnienia niezawodno\u015bci i&nbsp;wiarygodno\u015bci serwis\u00f3w infrastruktur krytycznych,<\/li>\n\n\n\n<li>problematyka trwa\u0142o\u015bci, integralno\u015bci, kuracji danych oraz&nbsp;modeli komputerowych bazuj\u0105cych na&nbsp;danych.<\/li>\n<\/ul>\n\n\n\n<h2 class=\"wp-block-heading\">MO\u017bLIWO\u015aCI APLIKACYJNE<\/h2>\n\n\n\n<ol class=\"wp-block-list\">\n<li>Analityka danych i&nbsp;modelowanie w&nbsp;procesach decyzyjnych,<\/li>\n\n\n\n<li>Inteligentne sieci operacyjne:<\/li>\n<\/ol>\n\n\n\n<ul class=\"wp-block-list\">\n<li>energia<\/li>\n\n\n\n<li>transport lotniczy i&nbsp;intermodalny<\/li>\n\n\n\n<li>logistyka<\/li>\n\n\n\n<li>miasta i&nbsp;ekosystemy regionalne<\/li>\n\n\n\n<li>populacje ze&nbsp;struktur\u0105 na&nbsp;sieciach<\/li>\n\n\n\n<li>kryzysy \u015brodowiskowe<\/li>\n\n\n\n<li>diagnostyka medyczna, epidemiologia<\/li>\n\n\n\n<li>dziedzinowa analityka tekstowa<\/li>\n<\/ul>\n","protected":false},"excerpt":{"rendered":"<p>KOMPETENCJE O\u015brodek zajmuje si\u0119 realizacj\u0105 pe\u0142nego cyklu obs\u0142ugi i&nbsp;przetwarzania danych. Od proces\u00f3w akwizycji danych po\u0142\u0105czonych z&nbsp;przeprowadzaniem procedur ich strukturyzacji, poprzez stworzenie warunk\u00f3w gwarantuj\u0105cych bezpieczn\u0105 archiwizacj\u0119 oraz&nbsp;udost\u0119pnianie, do&nbsp;wdra\u017cania rozwi\u0105za\u0144 umo\u017cliwiaj\u0105cych wielopoziomowe przetwarzanie na&nbsp;potrzeby analityki oraz&nbsp;r\u00f3\u017cnych obszar\u00f3w modelowania matematycznego. OBSZARY BADAWCZE MO\u017bLIWO\u015aCI APLIKACYJNE<\/p>\n","protected":false},"author":1,"featured_media":17779,"parent":4786,"menu_order":6,"comment_status":"closed","ping_status":"closed","template":"page-templates\/template-sub-page.php","meta":{"_acf_changed":false,"inline_featured_image":false,"footnotes":"","_links_to":"","_links_to_target":""},"class_list":["post-4790","page","type-page","status-publish","has-post-thumbnail","hentry"],"acf":[],"_links":{"self":[{"href":"https:\/\/mcb.uksw.edu.pl\/pl\/wp-json\/wp\/v2\/pages\/4790","targetHints":{"allow":["GET"]}}],"collection":[{"href":"https:\/\/mcb.uksw.edu.pl\/pl\/wp-json\/wp\/v2\/pages"}],"about":[{"href":"https:\/\/mcb.uksw.edu.pl\/pl\/wp-json\/wp\/v2\/types\/page"}],"author":[{"embeddable":true,"href":"https:\/\/mcb.uksw.edu.pl\/pl\/wp-json\/wp\/v2\/users\/1"}],"replies":[{"embeddable":true,"href":"https:\/\/mcb.uksw.edu.pl\/pl\/wp-json\/wp\/v2\/comments?post=4790"}],"version-history":[{"count":9,"href":"https:\/\/mcb.uksw.edu.pl\/pl\/wp-json\/wp\/v2\/pages\/4790\/revisions"}],"predecessor-version":[{"id":17780,"href":"https:\/\/mcb.uksw.edu.pl\/pl\/wp-json\/wp\/v2\/pages\/4790\/revisions\/17780"}],"up":[{"embeddable":true,"href":"https:\/\/mcb.uksw.edu.pl\/pl\/wp-json\/wp\/v2\/pages\/4786"}],"wp:featuredmedia":[{"embeddable":true,"href":"https:\/\/mcb.uksw.edu.pl\/pl\/wp-json\/wp\/v2\/media\/17779"}],"wp:attachment":[{"href":"https:\/\/mcb.uksw.edu.pl\/pl\/wp-json\/wp\/v2\/media?parent=4790"}],"curies":[{"name":"wp","href":"https:\/\/api.w.org\/{rel}","templated":true}]}}