{"id":4508,"date":"2022-11-02T13:20:49","date_gmt":"2022-11-02T12:20:49","guid":{"rendered":"https:\/\/jednostki.uksw.edu.pl\/mcb\/?page_id=4508"},"modified":"2023-04-19T09:43:16","modified_gmt":"2023-04-19T07:43:16","slug":"o-nas","status":"publish","type":"page","link":"https:\/\/mcb.uksw.edu.pl\/o-nas\/","title":{"rendered":"O nas"},"content":{"rendered":"\n<p>Trwaj\u0105ca globalna transformacja cyfrowa doprowadzi\u0142a w&nbsp;ostatnich latach \u2013 a&nbsp;szczeg\u00f3lnie obecnie, kiedy \u015bwiat do\u015bwiadczy\u0142 szoku przerwania ci\u0105g\u0142o\u015bci jego dotychczasowego modelu we&nbsp;wszystkich niemal wymiarach \u2013 do&nbsp;szerokiego zrozumienia, \u017ce&nbsp;jest to&nbsp;rewolucja cywilizacyjna i&nbsp;to&nbsp;najwi\u0119ksza w&nbsp;historii. Fundamentalne zmiany obejmuj\u0105 nie&nbsp;tylko&nbsp;sfer\u0119 technologii gospodarki, ale&nbsp;ogarniaj\u0105 warstw\u0119 spo\u0142eczn\u0105, wywieraj\u0105c wp\u0142yw tak&nbsp;na&nbsp;ka\u017cdego cz\u0142owieka z&nbsp;osobna jak i&nbsp;na&nbsp;ca\u0142e spo\u0142eczno\u015bci lokalne i&nbsp;narodowe, wreszcie na&nbsp;kszta\u0142t funkcjonowania \u015bwiata.<\/p>\n\n\n\n<p>S\u0105 to&nbsp;przemiany, kt\u00f3re wymagaj\u0105 szerokiego zaanga\u017cowania nauki i&nbsp;edukacji, od&nbsp;istotnych zmian w&nbsp;strukturze samego systemu nauki, usuwaj\u0105cych bariery utrudniaj\u0105ce otwart\u0105 wsp\u00f3\u0142prac\u0119 przekraczaj\u0105c\u0105 granice poszczeg\u00f3lnych dyscyplin nauki, do&nbsp;powszechnego wprowadzenia aktywnych form, zak\u0142adaj\u0105cych zaanga\u017cowanie w&nbsp;procesy tworzenia nowych warto\u015bci.<\/p>\n\n\n\n<p>Multidyscyplinarne Centrum Badawcze (MCB) zosta\u0142o utworzone w&nbsp;UKSW, by&nbsp;przede wszystkim podj\u0105\u0107 dzia\u0142ania badawcze i&nbsp;rozwojowe w&nbsp;wybranych obszarach przyczyniaj\u0105cych si\u0119 do&nbsp;powodzenia takich w\u0142a\u015bnie proces\u00f3w transformacyjnych. Dzia\u0142alno\u015b\u0107 MCB charakteryzuj\u0105 interdyscyplinarno\u015b\u0107 tematyczna i&nbsp;transdyscyplinarno\u015b\u0107 metodologiczna.<\/p>\n\n\n\n<h6 class=\"wp-block-heading\"><\/h6>\n\n\n\n<p><strong>Obecnie dzia\u0142alno\u015b\u0107 MCB&nbsp; skupia si\u0119 w&nbsp;szczeg\u00f3lno\u015bci na&nbsp;obszarach aplikacyjnych zwi\u0105zanych z:<\/strong><\/p>\n\n\n\n<ol class=\"wp-block-list\">\n<li>rozwojem i&nbsp;funkcjonowaniem operacyjnych z\u0142o\u017conych uk\u0142ad\u00f3w o&nbsp;strukturze sieciowej, o&nbsp;zastosowaniach w:\n<ul class=\"wp-block-list\">\n<li>energetyce, szczeg\u00f3lnie w&nbsp;jej sektorach bazuj\u0105cych na&nbsp;odnawialnej generacji energii i&nbsp;cyrkularno\u015bci,<\/li>\n\n\n\n<li>transporcie i&nbsp;logistyce,<\/li>\n\n\n\n<li>procesach populacyjnych;<\/li>\n<\/ul>\n<\/li>\n\n\n\n<li>rozwojem technologii i&nbsp;rozwi\u0105za\u0144 cyfrowych w&nbsp;medycynie;<\/li>\n\n\n\n<li>inteligentnym monitoringiem \u015brodowiska naturalnego i&nbsp;rozproszonych przestrzennie system\u00f3w technicznych;<\/li>\n\n\n\n<li>projektowaniem i&nbsp;syntez\u0105 nowych materia\u0142\u00f3w o&nbsp;ekstremalnych w\u0142a\u015bciwo\u015bciach;<\/li>\n\n\n\n<li>rozwojem cyfrowych platform zaawansowanej analityki danych i&nbsp;komunikacji naukowej.<\/li>\n<\/ol>\n\n\n\n<p>Zaawansowane kompetencje zespo\u0142\u00f3w badawczych oraz&nbsp;nowoczesna infrastruktura umo\u017cliwi\u0105 realizacj\u0119 w\u0142asnych program\u00f3w, s\u0142u\u017c\u0105 realizacji wsp\u00f3lnych przedsi\u0119wzi\u0119\u0107 z&nbsp;zespo\u0142ami naukowymi UKSW&nbsp; i&nbsp;innymi o\u015brodkami badawczymi, a&nbsp;tak\u017ce umo\u017cliwiaj\u0105 podejmowanie projekt\u00f3w wdro\u017ceniowych we&nbsp;wsp\u00f3\u0142pracy z&nbsp;podmiotami gospodarczymi, przemys\u0142em i&nbsp;instytucjami \u017cycia spo\u0142ecznego.<\/p>\n\n\n\n<p>Dzia\u0142alno\u015b\u0107 MCB opiera si\u0119 na\u00a0rozwijanych kompetencjach o\u015brodk\u00f3w badawczo-rozwojowych oraz\u00a0rozbudowywanej systematycznie infrastrukturze\u00a0<a href=\"https:\/\/mcb.uksw.edu.pl\/projekty\/multidyscyplinarne-centrum-badawcze\/\" data-type=\"page\" data-id=\"4797\">badawczej skupionej w\u00a0laboratoriach<\/a>.<\/p>\n\n\n\n<div style=\"height:32px\" aria-hidden=\"true\" class=\"wp-block-spacer\"><\/div>\n\n\n\r\n<div class=\"\">\r\n\r\n<div class=\"page_heading\"> <img decoding=\"async\" src=\"https:\/\/mcb.uksw.edu.pl\/wp-content\/themes\/uksw\/images\/note-2_white.svg\" alt=\"\"> Wybierz interesuj\u0105cy Ci\u0119 dzia\u0142:<\/div>\r\n<div class=\"candidate_box_sec\">\r\n<div class=\"row\">\r\n\r\n    \r\n                                \r\n                            <div class=\"col-xl-6 col-lg-6 col-md-12 col-sm-12 project\">\r\n                                <a href=\"https:\/\/mcb.uksw.edu.pl\/?post_type=page&#038;p=4786\" class=\"project_box\">\r\n                                    <div class=\"candidate_box project_box\">\r\n                                        <div class=\"candidate_box_title\">O\u015brodki<\/div>\r\n                                                                                <img decoding=\"async\" src=\"https:\/\/mcb.uksw.edu.pl\/wp-content\/themes\/uksw\/images\/arrow_more1.svg\" alt=\"\">  \r\n                                    <\/div>\r\n                                <\/a>\r\n                            <\/div>\r\n                      \r\n                        \r\n                            \r\n                                \r\n                            <div class=\"col-xl-6 col-lg-6 col-md-12 col-sm-12 project\">\r\n                                <a href=\"https:\/\/mcb.uksw.edu.pl\/?post_type=page&#038;p=4787\" class=\"project_box\">\r\n                                    <div class=\"candidate_box project_box\">\r\n                                        <div class=\"candidate_box_title\">O\u015brodki<\/div>\r\n                                                                                <div class=\"candidate_box_sub_title\">wsp\u00f3\u0142pracuj\u0105ce<\/div>\r\n                                                                                <img decoding=\"async\" src=\"https:\/\/mcb.uksw.edu.pl\/wp-content\/themes\/uksw\/images\/arrow_more1.svg\" alt=\"\">  \r\n                                    <\/div>\r\n                                <\/a>\r\n                            <\/div>\r\n                      \r\n                        \r\n                            \r\n                                \r\n                            <div class=\"col-xl-6 col-lg-6 col-md-12 col-sm-12 project\">\r\n                                <a href=\"https:\/\/mcb.uksw.edu.pl\/?post_type=page&#038;p=18003\" class=\"project_box\">\r\n                                    <div class=\"candidate_box project_box\">\r\n                                        <div class=\"candidate_box_title\">Laboratoria<\/div>\r\n                                                                                <img decoding=\"async\" src=\"https:\/\/mcb.uksw.edu.pl\/wp-content\/themes\/uksw\/images\/arrow_more1.svg\" alt=\"\">  \r\n                                    <\/div>\r\n                                <\/a>\r\n                            <\/div>\r\n                      \r\n                        \r\n                            \r\n                                \r\n                            <div class=\"col-xl-6 col-lg-6 col-md-12 col-sm-12 project\">\r\n                                <a href=\"https:\/\/mcb.uksw.edu.pl\/?post_type=page&#038;p=4788\" class=\"project_box\">\r\n                                    <div class=\"candidate_box project_box\">\r\n                                        <div class=\"candidate_box_title\">Struktura<\/div>\r\n                                                                                <img decoding=\"async\" src=\"https:\/\/mcb.uksw.edu.pl\/wp-content\/themes\/uksw\/images\/arrow_more1.svg\" alt=\"\">  \r\n                                    <\/div>\r\n                                <\/a>\r\n                            <\/div>\r\n                      \r\n                        \r\n                            \r\n                                \r\n                            <div class=\"col-xl-6 col-lg-6 col-md-12 col-sm-12 project\">\r\n                                <a href=\"https:\/\/mcb.uksw.edu.pl\/?post_type=page&#038;p=4789\" class=\"project_box\">\r\n                                    <div class=\"candidate_box project_box\">\r\n                                        <div class=\"candidate_box_title\">Publikacje<\/div>\r\n                                                                                <div class=\"candidate_box_sub_title\">naukowe<\/div>\r\n                                                                                <img decoding=\"async\" src=\"https:\/\/mcb.uksw.edu.pl\/wp-content\/themes\/uksw\/images\/arrow_more1.svg\" alt=\"\">  \r\n                                    <\/div>\r\n                                <\/a>\r\n                            <\/div>\r\n                      \r\n                        \r\n                            <\/div>\r\n<\/div>\r\n\r\n<\/div>","protected":false},"excerpt":{"rendered":"<p>Trwaj\u0105ca globalna transformacja cyfrowa doprowadzi\u0142a w&nbsp;ostatnich latach \u2013 a&nbsp;szczeg\u00f3lnie obecnie, kiedy \u015bwiat do\u015bwiadczy\u0142 szoku przerwania ci\u0105g\u0142o\u015bci jego dotychczasowego modelu we&nbsp;wszystkich niemal wymiarach \u2013 do&nbsp;szerokiego zrozumienia, \u017ce&nbsp;jest to&nbsp;rewolucja cywilizacyjna i&nbsp;to&nbsp;najwi\u0119ksza w&nbsp;historii. Fundamentalne zmiany obejmuj\u0105 nie&nbsp;tylko&nbsp;sfer\u0119 technologii gospodarki, ale&nbsp;ogarniaj\u0105 warstw\u0119 spo\u0142eczn\u0105, wywieraj\u0105c wp\u0142yw tak&nbsp;na&nbsp;ka\u017cdego cz\u0142owieka z&nbsp;osobna jak i&nbsp;na&nbsp;ca\u0142e spo\u0142eczno\u015bci lokalne i&nbsp;narodowe, wreszcie na&nbsp;kszta\u0142t funkcjonowania \u015bwiata. S\u0105 to&nbsp;przemiany, [&hellip;]<\/p>\n","protected":false},"author":1,"featured_media":17771,"parent":0,"menu_order":0,"comment_status":"closed","ping_status":"closed","template":"page-templates\/template-sub-page.php","meta":{"_acf_changed":false,"inline_featured_image":false,"footnotes":"","_links_to":"","_links_to_target":""},"class_list":["post-4508","page","type-page","status-publish","has-post-thumbnail","hentry"],"acf":[],"_links":{"self":[{"href":"https:\/\/mcb.uksw.edu.pl\/pl\/wp-json\/wp\/v2\/pages\/4508","targetHints":{"allow":["GET"]}}],"collection":[{"href":"https:\/\/mcb.uksw.edu.pl\/pl\/wp-json\/wp\/v2\/pages"}],"about":[{"href":"https:\/\/mcb.uksw.edu.pl\/pl\/wp-json\/wp\/v2\/types\/page"}],"author":[{"embeddable":true,"href":"https:\/\/mcb.uksw.edu.pl\/pl\/wp-json\/wp\/v2\/users\/1"}],"replies":[{"embeddable":true,"href":"https:\/\/mcb.uksw.edu.pl\/pl\/wp-json\/wp\/v2\/comments?post=4508"}],"version-history":[{"count":15,"href":"https:\/\/mcb.uksw.edu.pl\/pl\/wp-json\/wp\/v2\/pages\/4508\/revisions"}],"predecessor-version":[{"id":18298,"href":"https:\/\/mcb.uksw.edu.pl\/pl\/wp-json\/wp\/v2\/pages\/4508\/revisions\/18298"}],"wp:featuredmedia":[{"embeddable":true,"href":"https:\/\/mcb.uksw.edu.pl\/pl\/wp-json\/wp\/v2\/media\/17771"}],"wp:attachment":[{"href":"https:\/\/mcb.uksw.edu.pl\/pl\/wp-json\/wp\/v2\/media?parent=4508"}],"curies":[{"name":"wp","href":"https:\/\/api.w.org\/{rel}","templated":true}]}}