{"id":3714,"date":"2022-10-17T12:49:16","date_gmt":"2022-10-17T10:49:16","guid":{"rendered":"https:\/\/jednostki.uksw.edu.pl\/bon\/?page_id=3714"},"modified":"2022-11-08T20:01:39","modified_gmt":"2022-11-08T19:01:39","slug":"projekty","status":"publish","type":"page","link":"https:\/\/mcb.uksw.edu.pl\/projekty\/","title":{"rendered":"Projekty"},"content":{"rendered":"\r\n<div class=\"\">\r\n\r\n<div class=\"page_heading\"> <img decoding=\"async\" src=\"https:\/\/mcb.uksw.edu.pl\/wp-content\/themes\/uksw\/images\/note-2_white.svg\" alt=\"\"> Wybierz interesuj\u0105cy Ci\u0119 dzia\u0142:<\/div>\r\n<div class=\"candidate_box_sec\">\r\n<div class=\"row\">\r\n\r\n    \r\n                                \r\n                            <div class=\"col-xl-6 col-lg-6 col-md-12 col-sm-12 project\">\r\n                                <a href=\"https:\/\/mcb.uksw.edu.pl\/?post_type=page&#038;p=18309\" class=\"project_box\">\r\n                                    <div class=\"candidate_box project_box\">\r\n                                        <div class=\"candidate_box_title\">Wdro\u017cenie<\/div>\r\n                                                                                <div class=\"candidate_box_sub_title\">koncepcji Smart Villages w wojew\u00f3dztwie mazowieckim<\/div>\r\n                                                                                <img decoding=\"async\" src=\"https:\/\/mcb.uksw.edu.pl\/wp-content\/themes\/uksw\/images\/arrow_more1.svg\" alt=\"\">  \r\n                                    <\/div>\r\n                                <\/a>\r\n                            <\/div>\r\n                      \r\n                        \r\n                            \r\n                                \r\n                            <div class=\"col-xl-6 col-lg-6 col-md-12 col-sm-12 project\">\r\n                                <a href=\"https:\/\/mcb.uksw.edu.pl\/?post_type=page&#038;p=4797\" class=\"project_box\">\r\n                                    <div class=\"candidate_box project_box\">\r\n                                        <div class=\"candidate_box_title\">Multidyscyplinarne<\/div>\r\n                                                                                <div class=\"candidate_box_sub_title\">Centrum Badawcze<\/div>\r\n                                                                                <img decoding=\"async\" src=\"https:\/\/mcb.uksw.edu.pl\/wp-content\/themes\/uksw\/images\/arrow_more1.svg\" alt=\"\">  \r\n                                    <\/div>\r\n                                <\/a>\r\n                            <\/div>\r\n                      \r\n                        \r\n                            \r\n                                \r\n                            <div class=\"col-xl-6 col-lg-6 col-md-12 col-sm-12 project\">\r\n                                <a href=\"https:\/\/mcb.uksw.edu.pl\/?post_type=page&#038;p=4798\" class=\"project_box\">\r\n                                    <div class=\"candidate_box project_box\">\r\n                                        <div class=\"candidate_box_title\">Prognostyczne<\/div>\r\n                                                                                <div class=\"candidate_box_sub_title\">Modelowanie Epidemii COVID-19<\/div>\r\n                                                                                <img decoding=\"async\" src=\"https:\/\/mcb.uksw.edu.pl\/wp-content\/themes\/uksw\/images\/arrow_more1.svg\" alt=\"\">  \r\n                                    <\/div>\r\n                                <\/a>\r\n                            <\/div>\r\n                      \r\n                        \r\n                            \r\n                                \r\n                            <div class=\"col-xl-6 col-lg-6 col-md-12 col-sm-12 project\">\r\n                                <a href=\"https:\/\/mcb.uksw.edu.pl\/?post_type=page&#038;p=18708\" class=\"project_box\">\r\n                                    <div class=\"candidate_box project_box\">\r\n                                        <div class=\"candidate_box_title\">Nowe<\/div>\r\n                                                                                <div class=\"candidate_box_sub_title\">wysokowytrzyma\u0142e i plastyczne stopy tytanu otrzymywane na drodze mikro-domieszkowania \u2013 obliczenia z pierwszych zasad i badania eksperymentalne<\/div>\r\n                                                                                <img decoding=\"async\" src=\"https:\/\/mcb.uksw.edu.pl\/wp-content\/themes\/uksw\/images\/arrow_more1.svg\" alt=\"\">  \r\n                                    <\/div>\r\n                                <\/a>\r\n                            <\/div>\r\n                      \r\n                        \r\n                            \r\n                                \r\n                            <div class=\"col-xl-6 col-lg-6 col-md-12 col-sm-12 project\">\r\n                                <a href=\"https:\/\/mcb.uksw.edu.pl\/?post_type=page&#038;p=18302\" class=\"project_box\">\r\n                                    <div class=\"candidate_box project_box\">\r\n                                        <div class=\"candidate_box_title\">WYTWARZANIE<\/div>\r\n                                                                                <div class=\"candidate_box_sub_title\">PRZYROSTOWE &#8211; DRUK 3D i 4D<\/div>\r\n                                                                                <img decoding=\"async\" src=\"https:\/\/mcb.uksw.edu.pl\/wp-content\/themes\/uksw\/images\/arrow_more1.svg\" alt=\"\">  \r\n                                    <\/div>\r\n                                <\/a>\r\n                            <\/div>\r\n                      \r\n                        \r\n                            \r\n                                \r\n                            <div class=\"col-xl-6 col-lg-6 col-md-12 col-sm-12 project\">\r\n                                <a href=\"https:\/\/mcb.uksw.edu.pl\/?post_type=page&#038;p=4799\" class=\"project_box\">\r\n                                    <div class=\"candidate_box project_box\">\r\n                                        <div class=\"candidate_box_title\">SONAR<\/div>\r\n                                                                                <img decoding=\"async\" src=\"https:\/\/mcb.uksw.edu.pl\/wp-content\/themes\/uksw\/images\/arrow_more1.svg\" alt=\"\">  \r\n                                    <\/div>\r\n                                <\/a>\r\n                            <\/div>\r\n                      \r\n                        \r\n                            \r\n                                \r\n                            <div class=\"col-xl-6 col-lg-6 col-md-12 col-sm-12 project\">\r\n                                <a href=\"https:\/\/mcb.uksw.edu.pl\/?post_type=page&#038;p=5012\" class=\"project_box\">\r\n                                    <div class=\"candidate_box project_box\">\r\n                                        <div class=\"candidate_box_title\">Spr\u0119\u017cy\u015bcie<\/div>\r\n                                                                                <div class=\"candidate_box_sub_title\">izotropowe i metastabilne stopy tytanu o strukturze regularnej przestrzennie centrowanej<\/div>\r\n                                                                                <img decoding=\"async\" src=\"https:\/\/mcb.uksw.edu.pl\/wp-content\/themes\/uksw\/images\/arrow_more1.svg\" alt=\"\">  \r\n                                    <\/div>\r\n                                <\/a>\r\n                            <\/div>\r\n                      \r\n                        \r\n                            \r\n                                \r\n                            <div class=\"col-xl-6 col-lg-6 col-md-12 col-sm-12 project\">\r\n                                <a href=\"https:\/\/mcb.uksw.edu.pl\/?post_type=page&#038;p=18396\" class=\"project_box\">\r\n                                    <div class=\"candidate_box project_box\">\r\n                                        <div class=\"candidate_box_title\">O\u00a0wp\u0142ywie<\/div>\r\n                                                                                <div class=\"candidate_box_sub_title\">obr\u00f3bki laserowej na\u00a0wysokotemperaturowe utlenianie stop\u00f3w tytanu z\u00a0wykorzystaniem dzia\u0142ania azotu w\u00a0strefie przypowierzchniowej<\/div>\r\n                                                                                <img decoding=\"async\" src=\"https:\/\/mcb.uksw.edu.pl\/wp-content\/themes\/uksw\/images\/arrow_more1.svg\" alt=\"\">  \r\n                                    <\/div>\r\n                                <\/a>\r\n                            <\/div>\r\n                      \r\n                        \r\n                            \r\n                                \r\n                            <div class=\"col-xl-6 col-lg-6 col-md-12 col-sm-12 project\">\r\n                                <a href=\"https:\/\/mcb.uksw.edu.pl\/?post_type=page&#038;p=18402\" class=\"project_box\">\r\n                                    <div class=\"candidate_box project_box\">\r\n                                        <div class=\"candidate_box_title\">Zbadanie<\/div>\r\n                                                                                <div class=\"candidate_box_sub_title\">wp\u0142ywu dodatku azotu na przemian\u0119 martenzytyczn\u0105 i superspr\u0119\u017cysto\u015b\u0107 biomedycznych stop\u00f3w z pami\u0119ci\u0105 kszta\u0142tu na bazie Ti-Nb i Ti-Zr<\/div>\r\n                                                                                <img decoding=\"async\" src=\"https:\/\/mcb.uksw.edu.pl\/wp-content\/themes\/uksw\/images\/arrow_more1.svg\" alt=\"\">  \r\n                                    <\/div>\r\n                                <\/a>\r\n                            <\/div>\r\n                      \r\n                        \r\n                            \r\n                                \r\n                            <div class=\"col-xl-6 col-lg-6 col-md-12 col-sm-12 project\">\r\n                                <a href=\"https:\/\/mcb.uksw.edu.pl\/?post_type=page&#038;p=18406\" class=\"project_box\">\r\n                                    <div class=\"candidate_box project_box\">\r\n                                        <div class=\"candidate_box_title\">Badania,<\/div>\r\n                                                                                <div class=\"candidate_box_sub_title\">analizy i ekspertyzy materia\u0142\u00f3w polimerowych i metalicznych<\/div>\r\n                                                                                <img decoding=\"async\" src=\"https:\/\/mcb.uksw.edu.pl\/wp-content\/themes\/uksw\/images\/arrow_more1.svg\" alt=\"\">  \r\n                                    <\/div>\r\n                                <\/a>\r\n                            <\/div>\r\n                      \r\n                        \r\n                            \r\n                                \r\n                            <div class=\"col-xl-6 col-lg-6 col-md-12 col-sm-12 project\">\r\n                                <a href=\"https:\/\/mcb.uksw.edu.pl\/?post_type=page&#038;p=18408\" class=\"project_box\">\r\n                                    <div class=\"candidate_box project_box\">\r\n                                        <div class=\"candidate_box_title\">Specjalistyczne<\/div>\r\n                                                                                <div class=\"candidate_box_sub_title\">us\u0142ugi w zakresie druku 3D cz\u0119\u015bci zamiennych &#8211; badania i ekspertyzy materia\u0142owe<\/div>\r\n                                                                                <img decoding=\"async\" src=\"https:\/\/mcb.uksw.edu.pl\/wp-content\/themes\/uksw\/images\/arrow_more1.svg\" alt=\"\">  \r\n                                    <\/div>\r\n                                <\/a>\r\n                            <\/div>\r\n                      \r\n                        \r\n                            \r\n                                \r\n                            <div class=\"col-xl-6 col-lg-6 col-md-12 col-sm-12 project\">\r\n                                <a href=\"https:\/\/mcb.uksw.edu.pl\/?post_type=page&#038;p=5013\" class=\"project_box\">\r\n                                    <div class=\"candidate_box project_box\">\r\n                                        <div class=\"candidate_box_title\">Badania<\/div>\r\n                                                                                <div class=\"candidate_box_sub_title\">w\u0142a\u015bciwo\u015bci mechanicznych i stabilno\u015bci cieplnej stop\u00f3w Ti-Re<\/div>\r\n                                                                                <img decoding=\"async\" src=\"https:\/\/mcb.uksw.edu.pl\/wp-content\/themes\/uksw\/images\/arrow_more1.svg\" alt=\"\">  \r\n                                    <\/div>\r\n                                <\/a>\r\n                            <\/div>\r\n                      \r\n                        \r\n                            \r\n                                \r\n                            <div class=\"col-xl-6 col-lg-6 col-md-12 col-sm-12 project\">\r\n                                <a href=\"https:\/\/mcb.uksw.edu.pl\/?post_type=page&#038;p=5014\" class=\"project_box\">\r\n                                    <div class=\"candidate_box project_box\">\r\n                                        <div class=\"candidate_box_title\">Budowa<\/div>\r\n                                                                                <div class=\"candidate_box_sub_title\">demonstratora Platformy Cyfrowej Nauki<\/div>\r\n                                                                                <img decoding=\"async\" src=\"https:\/\/mcb.uksw.edu.pl\/wp-content\/themes\/uksw\/images\/arrow_more1.svg\" alt=\"\">  \r\n                                    <\/div>\r\n                                <\/a>\r\n                            <\/div>\r\n                      \r\n                        \r\n                            \r\n                                \r\n                            <div class=\"col-xl-6 col-lg-6 col-md-12 col-sm-12 project\">\r\n                                <a href=\"https:\/\/mcb.uksw.edu.pl\/?post_type=page&#038;p=5015\" class=\"project_box\">\r\n                                    <div class=\"candidate_box project_box\">\r\n                                        <div class=\"candidate_box_title\">System<\/div>\r\n                                                                                <div class=\"candidate_box_sub_title\">zarz\u0105dzania sieci\u0105 wodn\u0105 i szlamow\u0105 z Zak\u0142adzie Hydrotechnicznym KGHM<\/div>\r\n                                                                                <img decoding=\"async\" src=\"https:\/\/mcb.uksw.edu.pl\/wp-content\/themes\/uksw\/images\/arrow_more1.svg\" alt=\"\">  \r\n                                    <\/div>\r\n                                <\/a>\r\n                            <\/div>\r\n                      \r\n                        \r\n                            <\/div>\r\n<\/div>\r\n\r\n<\/div>","protected":false},"excerpt":{"rendered":"","protected":false},"author":7,"featured_media":17808,"parent":0,"menu_order":1,"comment_status":"closed","ping_status":"closed","template":"page-templates\/template-sub-page.php","meta":{"_acf_changed":false,"inline_featured_image":false,"footnotes":"","_links_to":"","_links_to_target":""},"class_list":["post-3714","page","type-page","status-publish","has-post-thumbnail","hentry"],"acf":[],"_links":{"self":[{"href":"https:\/\/mcb.uksw.edu.pl\/pl\/wp-json\/wp\/v2\/pages\/3714","targetHints":{"allow":["GET"]}}],"collection":[{"href":"https:\/\/mcb.uksw.edu.pl\/pl\/wp-json\/wp\/v2\/pages"}],"about":[{"href":"https:\/\/mcb.uksw.edu.pl\/pl\/wp-json\/wp\/v2\/types\/page"}],"author":[{"embeddable":true,"href":"https:\/\/mcb.uksw.edu.pl\/pl\/wp-json\/wp\/v2\/users\/7"}],"replies":[{"embeddable":true,"href":"https:\/\/mcb.uksw.edu.pl\/pl\/wp-json\/wp\/v2\/comments?post=3714"}],"version-history":[{"count":6,"href":"https:\/\/mcb.uksw.edu.pl\/pl\/wp-json\/wp\/v2\/pages\/3714\/revisions"}],"predecessor-version":[{"id":17809,"href":"https:\/\/mcb.uksw.edu.pl\/pl\/wp-json\/wp\/v2\/pages\/3714\/revisions\/17809"}],"wp:featuredmedia":[{"embeddable":true,"href":"https:\/\/mcb.uksw.edu.pl\/pl\/wp-json\/wp\/v2\/media\/17808"}],"wp:attachment":[{"href":"https:\/\/mcb.uksw.edu.pl\/pl\/wp-json\/wp\/v2\/media?parent=3714"}],"curies":[{"name":"wp","href":"https:\/\/api.w.org\/{rel}","templated":true}]}}