{"id":3365,"date":"2022-08-05T10:08:24","date_gmt":"2022-08-05T08:08:24","guid":{"rendered":"https:\/\/jednostki.uksw.edu.pl\/wfch\/?page_id=30"},"modified":"2023-10-18T10:57:57","modified_gmt":"2023-10-18T08:57:57","slug":"kontakt","status":"publish","type":"page","link":"https:\/\/mcb.uksw.edu.pl\/kontakt\/","title":{"rendered":"Kontakt"},"content":{"rendered":"\n<h2 class=\"wp-block-heading\">FORMULARZ KONTAKTOWY<\/h2>\n\n\n\n<p><span style=\"color:red\"><strong>*<\/strong><\/span> Pola oznaczone symbolem gwiazdki wymagaj\u0105 uzupe\u0142nienia.<\/p>\n\n\n\r\n<div class=\"\">\r\n\r\n\r\n<div class=\"contact_grey\">\r\n\r\n\n<div class=\"wpcf7 no-js\" id=\"wpcf7-f17676-o1\" lang=\"pl-PL\" dir=\"ltr\" data-wpcf7-id=\"17676\">\n<div class=\"screen-reader-response\"><p role=\"status\" aria-live=\"polite\" aria-atomic=\"true\"><\/p> <ul><\/ul><\/div>\n<form action=\"\/pl\/wp-json\/wp\/v2\/pages\/3365#wpcf7-f17676-o1\" method=\"post\" class=\"wpcf7-form init\" aria-label=\"Formularz kontaktowy\" novalidate=\"novalidate\" data-status=\"init\">\n<div style=\"display: none;\">\n<input type=\"hidden\" name=\"_wpcf7\" value=\"17676\" \/>\n<input type=\"hidden\" name=\"_wpcf7_version\" value=\"6.0.6\" \/>\n<input type=\"hidden\" name=\"_wpcf7_locale\" value=\"pl_PL\" \/>\n<input type=\"hidden\" name=\"_wpcf7_unit_tag\" value=\"wpcf7-f17676-o1\" \/>\n<input type=\"hidden\" name=\"_wpcf7_container_post\" value=\"0\" \/>\n<input type=\"hidden\" name=\"_wpcf7_posted_data_hash\" value=\"\" \/>\n<input type=\"hidden\" name=\"_wpcf7_recaptcha_response\" value=\"\" \/>\n<\/div>\n<div class=\"row\">\n <div class=\"col-xxl-3 col-xl-3 col-lg-3 col-md-12 col-sm-12\">\n<div class=\"mb-4\">\n<label for=\"your-name\" class=\"sr-only\">Wpisz swoje imi\u0119 i nazwisko<\/label>\n<span class=\"wpcf7-form-control-wrap\" data-name=\"your-name\"><input size=\"40\" maxlength=\"400\" class=\"wpcf7-form-control wpcf7-text wpcf7-validates-as-required form-control\" id=\"your-name\" aria-required=\"true\" aria-invalid=\"false\" placeholder=\"Imi\u0119 i nazwisko\" value=\"\" type=\"text\" name=\"your-name\" \/><\/span>\n<\/div>\n<\/div>\n\n <div class=\"col-xxl-3 col-xl-3 col-lg-3 col-md-12 col-sm-12\">\n<div class=\"mb-4\">\n<label for=\"email\" class=\"sr-only\">Wpisz adres mailowy<\/label>\n   <span class=\"wpcf7-form-control-wrap\" data-name=\"your-email\"><input size=\"40\" maxlength=\"400\" class=\"wpcf7-form-control wpcf7-email wpcf7-validates-as-required wpcf7-text wpcf7-validates-as-email form-control\" id=\"email\" aria-required=\"true\" aria-invalid=\"false\" placeholder=\"Adres e-mail\" value=\"\" type=\"email\" name=\"your-email\" \/><\/span>  \n<\/div><\/div>\n\n <div class=\"col-xxl-3 col-xl-3 col-lg-3 col-md-12 col-sm-12\">\n<div class=\"mb-4\">\n<label for=\"inst-name\" class=\"sr-only\">Wpisz nazw\u0119 swojej instytucji<\/label>\n<span class=\"wpcf7-form-control-wrap\" data-name=\"institute-name\"><input size=\"40\" maxlength=\"400\" class=\"wpcf7-form-control wpcf7-text wpcf7-validates-as-required form-control\" id=\"inst-name\" aria-required=\"true\" aria-invalid=\"false\" placeholder=\"Nazwa instytucji\" value=\"\" type=\"text\" name=\"institute-name\" \/><\/span>\n<\/div><\/div>\n\n <div class=\"col-xxl-3 col-xl-3 col-lg-3 col-md-12 col-sm-12\">\n<div class=\"mb-4\">\n<label for=\"phone\" class=\"sr-only\">Wpisz numer telefonu<\/label>\n<span class=\"wpcf7-form-control-wrap\" data-name=\"phone-number\"><input size=\"40\" maxlength=\"400\" class=\"wpcf7-form-control wpcf7-tel wpcf7-text wpcf7-validates-as-tel form-control\" id=\"phone\" aria-invalid=\"false\" placeholder=\"Numer telefonu\" value=\"\" type=\"tel\" name=\"phone-number\" \/><\/span>\n\n<\/div><\/div>\n\n <div class=\"col-xl-12 col-lg-12 col-md-12 col-sm-12 col-xs-12\">\n<div class=\"mb-4\">\n<label for=\"message\" class=\"hidden\">Wpisz wiadomo\u015b\u0107<\/label>\n <span class=\"wpcf7-form-control-wrap\" data-name=\"your-message\"><textarea cols=\"40\" rows=\"10\" maxlength=\"2000\" class=\"wpcf7-form-control wpcf7-textarea wpcf7-validates-as-required form-control contact_grey_textarea\" id=\"message\" aria-required=\"true\" aria-invalid=\"false\" placeholder=\"Tre\u015b\u0107 wiadomo\u015bci\" name=\"your-message\"><\/textarea><\/span> \n<\/div>\n<\/div>\n\n<div class=\"mb-4\">\n<div class=\"form-check\">\n<span class=\"wpcf7-form-control-wrap\" data-name=\"checkbox-666\"><span class=\"wpcf7-form-control wpcf7-checkbox wpcf7-validates-as-required\" id=\"cb\"><span class=\"wpcf7-list-item first last\"><label><input type=\"checkbox\" name=\"checkbox-666[]\" value=\"Wyra\u017cam zgod\u0119 na przetwarzanie moich danych osobowych w celu udzielenia odpowiedzi na przes\u0142ane zapytanie.\" \/><span class=\"wpcf7-list-item-label\">Wyra\u017cam zgod\u0119 na przetwarzanie moich danych osobowych w celu udzielenia odpowiedzi na przes\u0142ane zapytanie.<\/span><\/label><\/span><\/span><\/span>\n<\/div><\/div>\n\n\n<\/div>\n\n<button class=\"but_send\" title=\"Wy\u015blij\" type=\"submit\">Wy\u015blij<\/button>\n\n<\/div><div class=\"wpcf7-response-output\" aria-hidden=\"true\"><\/div>\n<\/form>\n<\/div>\n\r\n<\/div>\r\n\r\n\r\n<\/div>","protected":false},"excerpt":{"rendered":"<p>FORMULARZ KONTAKTOWY * Pola oznaczone symbolem gwiazdki wymagaj\u0105 uzupe\u0142nienia.<\/p>\n","protected":false},"author":7,"featured_media":17864,"parent":0,"menu_order":0,"comment_status":"closed","ping_status":"closed","template":"page-templates\/template-standerd-page.php","meta":{"_acf_changed":false,"inline_featured_image":false,"footnotes":"","_links_to":"","_links_to_target":""},"class_list":["post-3365","page","type-page","status-publish","has-post-thumbnail","hentry"],"acf":[],"_links":{"self":[{"href":"https:\/\/mcb.uksw.edu.pl\/pl\/wp-json\/wp\/v2\/pages\/3365","targetHints":{"allow":["GET"]}}],"collection":[{"href":"https:\/\/mcb.uksw.edu.pl\/pl\/wp-json\/wp\/v2\/pages"}],"about":[{"href":"https:\/\/mcb.uksw.edu.pl\/pl\/wp-json\/wp\/v2\/types\/page"}],"author":[{"embeddable":true,"href":"https:\/\/mcb.uksw.edu.pl\/pl\/wp-json\/wp\/v2\/users\/7"}],"replies":[{"embeddable":true,"href":"https:\/\/mcb.uksw.edu.pl\/pl\/wp-json\/wp\/v2\/comments?post=3365"}],"version-history":[{"count":27,"href":"https:\/\/mcb.uksw.edu.pl\/pl\/wp-json\/wp\/v2\/pages\/3365\/revisions"}],"predecessor-version":[{"id":18321,"href":"https:\/\/mcb.uksw.edu.pl\/pl\/wp-json\/wp\/v2\/pages\/3365\/revisions\/18321"}],"wp:featuredmedia":[{"embeddable":true,"href":"https:\/\/mcb.uksw.edu.pl\/pl\/wp-json\/wp\/v2\/media\/17864"}],"wp:attachment":[{"href":"https:\/\/mcb.uksw.edu.pl\/pl\/wp-json\/wp\/v2\/media?parent=3365"}],"curies":[{"name":"wp","href":"https:\/\/api.w.org\/{rel}","templated":true}]}}