{"id":18708,"date":"2026-02-27T14:28:35","date_gmt":"2026-02-27T13:28:35","guid":{"rendered":"https:\/\/mcb.uksw.edu.pl\/?page_id=18708"},"modified":"2026-03-02T10:37:43","modified_gmt":"2026-03-02T09:37:43","slug":"opus","status":"publish","type":"page","link":"https:\/\/mcb.uksw.edu.pl\/projekty\/opus\/","title":{"rendered":"Nowe wysokowytrzyma\u0142e i plastyczne stopy tytanu otrzymywane na drodze mikro-domieszkowania \u2013 obliczenia z pierwszych zasad i badania eksperymentalne"},"content":{"rendered":"\n<h2 class=\"wp-block-heading\">OPIS PROJEKTU<\/h2>\n\n\n\n<p><strong>Typ projektu:<\/strong>&nbsp;prace badawcze<\/p>\n\n\n\n<p><strong>Autor projektu kieruj\u0105cy badaniami:<\/strong>&nbsp;dr&nbsp;in\u017c.&nbsp;Piotr Kwa\u015bniak<\/p>\n\n\n\n<p><strong>Warto\u015b\u0107 projektu:<\/strong>&nbsp;1&nbsp;092&nbsp;400,00 z\u0142<\/p>\n\n\n\n<p><strong>Partnerzy bada\u0144:<\/strong><\/p>\n\n\n\n<p>Lider \u2013 Uniwersytet Kardyna\u0142a Stefana Wyszy\u0144skiego<\/p>\n\n\n\n<p><strong>Okres realizacji:<\/strong>&nbsp;36 miesi\u0119cy \u2013 od&nbsp;listopada 2024<\/p>\n\n\n\n<p><strong>Projekt realizowany w&nbsp;ramach:&nbsp;<\/strong><em>NCN OPUS&nbsp;<\/em><\/p>\n\n\n\n<p><strong>Streszczenie popularnonaukowe:<\/strong> W za\u0142\u0105czniku.<\/p>\n\n\n\n<div class=\"wp-block-file\"><a id=\"wp-block-file--media-709cbefd-faa0-402f-830e-0c2a14fa637e\" href=\"https:\/\/mcb.uksw.edu.pl\/wp-content\/uploads\/sites\/21\/2026\/02\/pop_PL.pdf\">Opis &#8211; PL<\/a><a href=\"https:\/\/mcb.uksw.edu.pl\/wp-content\/uploads\/sites\/21\/2026\/02\/pop_PL.pdf\" class=\"wp-block-file__button wp-element-button\" download aria-describedby=\"wp-block-file--media-709cbefd-faa0-402f-830e-0c2a14fa637e\">Pobierz<\/a><\/div>\n\n\n\n<p><\/p>\n\n\n\n<div class=\"wp-block-file\"><a id=\"wp-block-file--media-927d6289-3732-4a0b-9fa7-6a5c0e1baf0b\" href=\"https:\/\/mcb.uksw.edu.pl\/wp-content\/uploads\/sites\/21\/2026\/02\/pop_eng.pdf\">Opis &#8211; ENG<\/a><a href=\"https:\/\/mcb.uksw.edu.pl\/wp-content\/uploads\/sites\/21\/2026\/02\/pop_eng.pdf\" class=\"wp-block-file__button wp-element-button\" download aria-describedby=\"wp-block-file--media-927d6289-3732-4a0b-9fa7-6a5c0e1baf0b\">Pobierz<\/a><\/div>\n\n\n\n<p><\/p>\n","protected":false},"excerpt":{"rendered":"<p>OPIS PROJEKTU Typ projektu:&nbsp;prace badawcze Autor projektu kieruj\u0105cy badaniami:&nbsp;dr&nbsp;in\u017c.&nbsp;Piotr Kwa\u015bniak Warto\u015b\u0107 projektu:&nbsp;1&nbsp;092&nbsp;400,00 z\u0142 Partnerzy bada\u0144: Lider \u2013 Uniwersytet Kardyna\u0142a Stefana Wyszy\u0144skiego Okres realizacji:&nbsp;36 miesi\u0119cy \u2013 od&nbsp;listopada 2024 Projekt realizowany w&nbsp;ramach:&nbsp;NCN OPUS&nbsp; Streszczenie popularnonaukowe: W za\u0142\u0105czniku.<\/p>\n","protected":false},"author":597,"featured_media":17816,"parent":3714,"menu_order":15,"comment_status":"closed","ping_status":"closed","template":"page-templates\/template-sub-page.php","meta":{"_acf_changed":false,"inline_featured_image":false,"footnotes":"","_links_to":"","_links_to_target":""},"class_list":["post-18708","page","type-page","status-publish","has-post-thumbnail","hentry"],"acf":[],"_links":{"self":[{"href":"https:\/\/mcb.uksw.edu.pl\/pl\/wp-json\/wp\/v2\/pages\/18708","targetHints":{"allow":["GET"]}}],"collection":[{"href":"https:\/\/mcb.uksw.edu.pl\/pl\/wp-json\/wp\/v2\/pages"}],"about":[{"href":"https:\/\/mcb.uksw.edu.pl\/pl\/wp-json\/wp\/v2\/types\/page"}],"author":[{"embeddable":true,"href":"https:\/\/mcb.uksw.edu.pl\/pl\/wp-json\/wp\/v2\/users\/597"}],"replies":[{"embeddable":true,"href":"https:\/\/mcb.uksw.edu.pl\/pl\/wp-json\/wp\/v2\/comments?post=18708"}],"version-history":[{"count":5,"href":"https:\/\/mcb.uksw.edu.pl\/pl\/wp-json\/wp\/v2\/pages\/18708\/revisions"}],"predecessor-version":[{"id":18715,"href":"https:\/\/mcb.uksw.edu.pl\/pl\/wp-json\/wp\/v2\/pages\/18708\/revisions\/18715"}],"up":[{"embeddable":true,"href":"https:\/\/mcb.uksw.edu.pl\/pl\/wp-json\/wp\/v2\/pages\/3714"}],"wp:featuredmedia":[{"embeddable":true,"href":"https:\/\/mcb.uksw.edu.pl\/pl\/wp-json\/wp\/v2\/media\/17816"}],"wp:attachment":[{"href":"https:\/\/mcb.uksw.edu.pl\/pl\/wp-json\/wp\/v2\/media?parent=18708"}],"curies":[{"name":"wp","href":"https:\/\/api.w.org\/{rel}","templated":true}]}}