{"id":18406,"date":"2024-02-16T11:20:20","date_gmt":"2024-02-16T10:20:20","guid":{"rendered":"https:\/\/mcb.uksw.edu.pl\/?page_id=18406"},"modified":"2024-02-16T11:20:23","modified_gmt":"2024-02-16T10:20:23","slug":"badania-analizy-i-ekspertyzy-materialow-polimerowych-i-metalicznych","status":"publish","type":"page","link":"https:\/\/mcb.uksw.edu.pl\/projekty\/badania-analizy-i-ekspertyzy-materialow-polimerowych-i-metalicznych\/","title":{"rendered":"Badania, analizy i ekspertyzy materia\u0142\u00f3w polimerowych i metalicznych"},"content":{"rendered":"\n<h2 class=\"wp-block-heading\">OPIS PROJEKTU<\/h2>\n\n\n\n<p><strong>Typ projektu:<\/strong>\u00a0us\u0142ugi badawcze<\/p>\n\n\n\n<p><strong>Warto\u015b\u0107 projektu:<\/strong>\u00a0615 000 z\u0142<\/p>\n\n\n\n<p><strong>Okres realizacji:<\/strong>\u00a02023-2027<\/p>\n\n\n\n<p><strong>Projekt realizowany w&nbsp;ramach:<\/strong><\/p>\n\n\n\n<p>Umowa ramowa z CBR Orlen S.A.<\/p>\n\n\n\n<h2 class=\"wp-block-heading\">ZAKRES PRAC<\/h2>\n\n\n\n<p>Badania materia\u0142owe maj\u0105ce na celu weryfikacj\u0119 jako\u015bci materia\u0142\u00f3w opracowywanych w ramach prac badawczych realizowanych w Biurze Innowacji i Rozwoju Nowych Technologii. Istotnym celem jest opracowywanie nowych materia\u0142\u00f3w polimerowych dla technologii addytywnych i rozw\u00f3j badanych obecnie filament\u00f3w dedykowanych drukowi 3D z termoplastycznego poliuretanu. Zlecane badania w ramach umowy ramowej umo\u017cliwi\u0105 szybkie wytwarzanie kolejnych partii pr\u00f3bek filament\u00f3w z przekazanych surowc\u00f3w oraz ocen\u0119 jako\u015bciow\u0105 otrzymywanych pr\u00f3bek.<\/p>\n\n\n\n<p>Szczeg\u00f3\u0142owy zakres pracy:<\/p>\n\n\n\n<p>\u2022 Wytworzenie filamentu do druku 3D<\/p>\n\n\n\n<p>\u2022 Badania filament\u00f3w do druku 3D<\/p>\n\n\n\n<p>\u2022 Badania przy pomocy Skaningowego Mikroskopu Elektronowego<\/p>\n\n\n\n<p>\u2022 Tomografia materia\u0142\u00f3w<\/p>\n\n\n\n<p>\u2022 Statyczna pr\u00f3ba rozci\u0105gania<\/p>\n\n\n\n<p>\u2022 Badanie odporno\u015bci na \u015bciskanie<\/p>\n\n\n\n<p>\u2022 Obliczenia numeryczne<\/p>\n","protected":false},"excerpt":{"rendered":"<p>OPIS PROJEKTU Typ projektu:\u00a0us\u0142ugi badawcze Warto\u015b\u0107 projektu:\u00a0615 000 z\u0142 Okres realizacji:\u00a02023-2027 Projekt realizowany w&nbsp;ramach: Umowa ramowa z CBR Orlen S.A. ZAKRES PRAC Badania materia\u0142owe maj\u0105ce na celu weryfikacj\u0119 jako\u015bci materia\u0142\u00f3w opracowywanych w ramach prac badawczych realizowanych w Biurze Innowacji i Rozwoju Nowych Technologii. Istotnym celem jest opracowywanie nowych materia\u0142\u00f3w polimerowych dla technologii addytywnych i rozw\u00f3j [&hellip;]<\/p>\n","protected":false},"author":23,"featured_media":17818,"parent":3714,"menu_order":26,"comment_status":"closed","ping_status":"closed","template":"page-templates\/template-sub-page.php","meta":{"_acf_changed":false,"inline_featured_image":false,"footnotes":"","_links_to":"","_links_to_target":""},"class_list":["post-18406","page","type-page","status-publish","has-post-thumbnail","hentry"],"acf":[],"_links":{"self":[{"href":"https:\/\/mcb.uksw.edu.pl\/pl\/wp-json\/wp\/v2\/pages\/18406","targetHints":{"allow":["GET"]}}],"collection":[{"href":"https:\/\/mcb.uksw.edu.pl\/pl\/wp-json\/wp\/v2\/pages"}],"about":[{"href":"https:\/\/mcb.uksw.edu.pl\/pl\/wp-json\/wp\/v2\/types\/page"}],"author":[{"embeddable":true,"href":"https:\/\/mcb.uksw.edu.pl\/pl\/wp-json\/wp\/v2\/users\/23"}],"replies":[{"embeddable":true,"href":"https:\/\/mcb.uksw.edu.pl\/pl\/wp-json\/wp\/v2\/comments?post=18406"}],"version-history":[{"count":1,"href":"https:\/\/mcb.uksw.edu.pl\/pl\/wp-json\/wp\/v2\/pages\/18406\/revisions"}],"predecessor-version":[{"id":18407,"href":"https:\/\/mcb.uksw.edu.pl\/pl\/wp-json\/wp\/v2\/pages\/18406\/revisions\/18407"}],"up":[{"embeddable":true,"href":"https:\/\/mcb.uksw.edu.pl\/pl\/wp-json\/wp\/v2\/pages\/3714"}],"wp:featuredmedia":[{"embeddable":true,"href":"https:\/\/mcb.uksw.edu.pl\/pl\/wp-json\/wp\/v2\/media\/17818"}],"wp:attachment":[{"href":"https:\/\/mcb.uksw.edu.pl\/pl\/wp-json\/wp\/v2\/media?parent=18406"}],"curies":[{"name":"wp","href":"https:\/\/api.w.org\/{rel}","templated":true}]}}