{"id":18402,"date":"2024-02-16T10:54:02","date_gmt":"2024-02-16T09:54:02","guid":{"rendered":"https:\/\/mcb.uksw.edu.pl\/?page_id=18402"},"modified":"2024-02-16T10:58:43","modified_gmt":"2024-02-16T09:58:43","slug":"zbadanie-wplywu-dodatku-azotu-na-przemiane-martenzytyczna-i-supersprezystosc-biomedycznych-stopow-z-pamiecia-ksztaltu-na-bazie-ti-nb-i-ti-zr","status":"publish","type":"page","link":"https:\/\/mcb.uksw.edu.pl\/projekty\/zbadanie-wplywu-dodatku-azotu-na-przemiane-martenzytyczna-i-supersprezystosc-biomedycznych-stopow-z-pamiecia-ksztaltu-na-bazie-ti-nb-i-ti-zr\/","title":{"rendered":"Zbadanie wp\u0142ywu dodatku azotu na przemian\u0119 martenzytyczn\u0105 i superspr\u0119\u017cysto\u015b\u0107 biomedycznych stop\u00f3w z pami\u0119ci\u0105 kszta\u0142tu na bazie Ti-Nb i Ti-Zr"},"content":{"rendered":"\n<h2 class=\"wp-block-heading\">OPIS PROJEKTU<\/h2>\n\n\n\n<p><strong>Typ projektu:<\/strong>&nbsp;prace badawcze<\/p>\n\n\n\n<p><strong>Autor projektu kieruj\u0105cy badaniami:<\/strong>&nbsp;dr in\u017c. Karol Golasi\u0144ski<\/p>\n\n\n\n<p><strong>Warto\u015b\u0107 projektu:<\/strong>&nbsp;809 051 z\u0142<\/p>\n\n\n\n<p><strong>Okres realizacji:<\/strong>&nbsp;2023-2026<\/p>\n\n\n\n<p><strong>Projekt realizowany w&nbsp;ramach:<\/strong><\/p>\n\n\n\n<p><em>NCN SONATINA-7 <\/em><\/p>\n\n\n\n<h2 class=\"wp-block-heading\">STRESZCZENIE PROJEKTU<\/h2>\n\n\n\n<p>Tytan i jego stopy s\u0105 bardzo atrakcyjn\u0105 grup\u0105 materia\u0142\u00f3w, kt\u00f3ra znajduje zastosowania w wielu ga\u0142\u0119ziach przemys\u0142u, w szczeg\u00f3lno\u015bci w sektorze ochrony zdrowia. Materia\u0142y na bazie tytanu, kt\u00f3re s\u0105 aktualnie stosowane do produkcji implant\u00f3w, charakteryzuj\u0105 si\u0119 pewnymi ograniczeniami m.in. niekompatybilno\u015bci\u0105 mechaniczn\u0105 (du\u017co wy\u017cszym modu\u0142em spr\u0119\u017cysto\u015bci w por\u00f3wnaniu do ko\u015bci ludzkiej), powodowaniem reakcji alergicznych (z uwagi na zawarto\u015b\u0107 niekt\u00f3rych pierwiastk\u00f3w stopowych np. niklu), czy problemami przy procesach obr\u00f3bki plastycznej.<\/p>\n\n\n\n<p>Niniejszy projekt dotyczy kompleksowego i wieloskalowego zbadania roli dodatku azotu w biomedycznych, bezniklowych stopach z pami\u0119ci\u0105 kszta\u0142tu na bazie Ti-Nb i Ti-Zr. W zale\u017cno\u015bci od zawarto\u015bci azotu stopy te charakteryzuj\u0105 si\u0119 efektem pami\u0119ci kszta\u0142tu, czyli po odkszta\u0142ceniu przy odpowiedniej temperaturze oraz nast\u0119pnym nagrzaniu do nowej, wy\u017cszej temperatury odzyskaj\u0105 pierwotny kszta\u0142t lub superspr\u0119\u017cysto\u015bci\u0105, czyli odwracalnym odkszta\u0142ceniem rz\u0119du kilku procent, kt\u00f3re jest du\u017co wi\u0119ksze ni\u017c w przypadku konwencjonalnych metali. Ponadto stopy te posiadaj\u0105 wysok\u0105 biozgodno\u015bci\u0105 z uwagi na brak niklu, kt\u00f3ry mo\u017ce powodowa\u0107 reakcje alergiczne jak w przypadku powszechnie stosowanych stop\u00f3w z pami\u0119ci\u0105 kszta\u0142tu na bazie Ti-Ni. Literatura przedmiotu opisuje, \u017ce dodatek azotu ogranicza indukowan\u0105 napr\u0119\u017ceniem przemian\u0119 fazow\u0105 w stopach Ti-Nb-N, jednak ten mechanizm deformacji jest niekonwencjonalny i nadal pozostaje niejasny. Oznacza to, \u017ce w zale\u017cno\u015bci od potrzeb stopy Ti-Nb-N mog\u0105 przejawia\u0107 charakterystyki pami\u0119ci kszta\u0142tu, superspr\u0119\u017cysto\u015bci z p\u0119tl\u0105 histerezy, czy nieliniowej superspr\u0119\u017cysto\u015bci po\u0142\u0105czonej z wysok\u0105 wytrzyma\u0142o\u015bci\u0105. Ponadto stopy te posiadaj\u0105 bardzo dobre parametry t\u0142oczne przy obr\u00f3bce plastycznej na zimno. Sprawia to, \u017ce stopy Ti-Nb-N maj\u0105 du\u017cy potencja\u0142 aplikacyjny jako biomateria\u0142y nowej generacji przy wytwarzaniu np. stent\u00f3w, \u0142uk\u00f3w ortodontycznych oraz implant\u00f3w chirurgicznych lub dentystycznych. Jednocze\u015bnie jak donosz\u0105 najnowsze publikacje naukowe dodatek azotu pozwala na podobne modyfikacje charakterystyk mechanicznych w innych systemach stop\u00f3w, w tym na bazie Ti-Zr. Nowe stopy Ti-18Zr-3Nb-2Mo-3Sn-N, posiadaj\u0105 modu\u0142 spr\u0119\u017cysto\u015bci oko\u0142o 40 GPa, kt\u00f3ry jest bardzo bliski modu\u0142owi spr\u0119\u017cysto\u015bci ko\u015bci ludzkiej. Perspektywiczne zastosowanie tych stop\u00f3w mo\u017ce znacz\u0105co poprawi\u0107 zgodno\u015b\u0107 po\u0142\u0105czenia ko\u015b\u0107-implant. Uszkodzenie tego po\u0142\u0105czenia jest z jednym z efekt\u00f3w niepo\u017c\u0105danych przy eksploatacji aktualnie stosowanych materia\u0142\u00f3w na implanty, kt\u00f3re posiadaj\u0105 wysoki modu\u0142 spr\u0119\u017cysto\u015bci (powy\u017cej 100 GPa). W ramach projektu zostanie zbadany w r\u00f3\u017cnych skalach wp\u0142yw zawarto\u015bci azotu na aktywno\u015b\u0107 przemiany martenzytycznej, efekt pami\u0119ci kszta\u0142tu i superspr\u0119\u017cysto\u015b\u0107 stop\u00f3w Ti-Nb-N oraz Ti-Zr-Nb-Mo-Sn-N przy u\u017cyciu podej\u015bcia teoretycznego i technik eksperymentalnych. Wytworzenie stop\u00f3w zostanie zrealizowane w Japonii, na Uniwersytecie w Tsukubie w ramach wsp\u00f3\u0142pracy z jednym z wiod\u0105cych laboratori\u00f3w badawczych stop\u00f3w tytanu na \u015bwiecie. Zastosowane zostan\u0105 obliczenia ab initio, wybrane narz\u0119dzia do charakteryzacji mikrostruktury i sk\u0142adu fazowego oraz pr\u00f3by rozci\u0105gania monitorowane metodami pomiar\u00f3w polowych, aby odpowiedzie\u0107 na nast\u0119puj\u0105ce pytania.<\/p>\n","protected":false},"excerpt":{"rendered":"<p>OPIS PROJEKTU Typ projektu:&nbsp;prace badawcze Autor projektu kieruj\u0105cy badaniami:&nbsp;dr in\u017c. Karol Golasi\u0144ski Warto\u015b\u0107 projektu:&nbsp;809 051 z\u0142 Okres realizacji:&nbsp;2023-2026 Projekt realizowany w&nbsp;ramach: NCN SONATINA-7 STRESZCZENIE PROJEKTU Tytan i jego stopy s\u0105 bardzo atrakcyjn\u0105 grup\u0105 materia\u0142\u00f3w, kt\u00f3ra znajduje zastosowania w wielu ga\u0142\u0119ziach przemys\u0142u, w szczeg\u00f3lno\u015bci w sektorze ochrony zdrowia. Materia\u0142y na bazie tytanu, kt\u00f3re s\u0105 aktualnie stosowane [&hellip;]<\/p>\n","protected":false},"author":23,"featured_media":17818,"parent":3714,"menu_order":26,"comment_status":"closed","ping_status":"closed","template":"page-templates\/template-sub-page.php","meta":{"_acf_changed":false,"inline_featured_image":false,"footnotes":"","_links_to":"","_links_to_target":""},"class_list":["post-18402","page","type-page","status-publish","has-post-thumbnail","hentry"],"acf":[],"_links":{"self":[{"href":"https:\/\/mcb.uksw.edu.pl\/pl\/wp-json\/wp\/v2\/pages\/18402","targetHints":{"allow":["GET"]}}],"collection":[{"href":"https:\/\/mcb.uksw.edu.pl\/pl\/wp-json\/wp\/v2\/pages"}],"about":[{"href":"https:\/\/mcb.uksw.edu.pl\/pl\/wp-json\/wp\/v2\/types\/page"}],"author":[{"embeddable":true,"href":"https:\/\/mcb.uksw.edu.pl\/pl\/wp-json\/wp\/v2\/users\/23"}],"replies":[{"embeddable":true,"href":"https:\/\/mcb.uksw.edu.pl\/pl\/wp-json\/wp\/v2\/comments?post=18402"}],"version-history":[{"count":3,"href":"https:\/\/mcb.uksw.edu.pl\/pl\/wp-json\/wp\/v2\/pages\/18402\/revisions"}],"predecessor-version":[{"id":18405,"href":"https:\/\/mcb.uksw.edu.pl\/pl\/wp-json\/wp\/v2\/pages\/18402\/revisions\/18405"}],"up":[{"embeddable":true,"href":"https:\/\/mcb.uksw.edu.pl\/pl\/wp-json\/wp\/v2\/pages\/3714"}],"wp:featuredmedia":[{"embeddable":true,"href":"https:\/\/mcb.uksw.edu.pl\/pl\/wp-json\/wp\/v2\/media\/17818"}],"wp:attachment":[{"href":"https:\/\/mcb.uksw.edu.pl\/pl\/wp-json\/wp\/v2\/media?parent=18402"}],"curies":[{"name":"wp","href":"https:\/\/api.w.org\/{rel}","templated":true}]}}