{"id":18031,"date":"2023-03-13T19:00:06","date_gmt":"2023-03-13T18:00:06","guid":{"rendered":"https:\/\/mcb.uksw.edu.pl\/?page_id=18031"},"modified":"2023-03-13T19:55:00","modified_gmt":"2023-03-13T18:55:00","slug":"laboratorium-rtv-i-badan-medioznawczych","status":"publish","type":"page","link":"https:\/\/mcb.uksw.edu.pl\/o-nas\/laboratoria\/laboratorium-rtv-i-badan-medioznawczych\/","title":{"rendered":"Laboratorium RTV i Bada\u0144 Medioznawczych"},"content":{"rendered":"\n<h2 class=\"wp-block-heading\">Opis<\/h2>\n\n\n\n<p>Laboratorium b\u0119dzie rejestrowa\u0107 przekazy z telewizji, radia, streamingu online i Internetu, a tak\u017ce gier, wirtualnej rzeczywisto\u015bci i no\u015bnik\u00f3w fizycznych. Automatyczne lub r\u0119czne, przez ekspert\u00f3w tre\u015bci b\u0119d\u0105 badane pod k\u0105tem samego przekazu oraz jego odbioru.<\/p>\n\n\n\n<h2 class=\"wp-block-heading\">Us\u0142ugi<\/h2>\n\n\n\n<ul class=\"wp-block-list\">\n<li>nas\u0142uchu i rejestracji wybranych program\u00f3w w radiu i telewizji oraz ich przechowywania;<\/li>\n\n\n\n<li>badania por\u00f3wnawczego przekaz\u00f3w w radiu, telewizji i Internecie np. mo\u017cemy dokona\u0107 por\u00f3wnania r\u00f3wnoleg\u0142ych serwis\u00f3w informacyjnych, jak r\u00f3wnie\u017c oceni\u0107 szybko\u015b\u0107 publikacji informacji, prowadzi\u0107 d\u0142ugotrwa\u0142\u0105 obserwacj\u0119 przekazu;<\/li>\n\n\n\n<li>analizy program\u00f3w RTV w czasie rzeczywistym np. poprzez wykorzystanie konwersji audycji na tekst (speech-to-text), wykrywanie s\u0142\u00f3w kluczowych, detekcj\u0119 charakterystycznych obraz\u00f3w, analiz\u0119 koloru;<\/li>\n\n\n\n<li>obserwacji tre\u015bci grup serwis\u00f3w internetowych lub medi\u00f3w spo\u0142eczno\u015bciowych poprzez zmian\u0119 w czasie pierwszych stron, wykrywanie artyku\u0142\u00f3w, zmian\u0119 w trendach tekstu lub emisje reklamowe;<\/li>\n\n\n\n<li>badania i rejestrowania wra\u017ce\u0144 odbiorc\u00f3w \u2013 indywidualnie lub grupowo, w grupie focusowej, w auli kinowej lub online \u2013 po\u0142\u0105czone z rejestracj\u0105 wra\u017ce\u0144 (audio, wideo, screencast, reakcje somatyczne, eyetrack, mousetrack, g\u0142osowanie) i p\u00f3\u017aniejsz\u0105 ich analiz\u0105.<\/li>\n<\/ul>\n\n\n\n<h2 class=\"wp-block-heading\">Odbiorcy<\/h2>\n\n\n\n<p>Media, Komunikacja spo\u0142eczna, Internet, Badania online, User Experience, Webmastering, Social media, Marketing, Public Relations, Monitoring medi\u00f3w<\/p>\n\n\n\r\n<div class=\"\">\r\n\r\n<div class=\"row\">\r\n\r\n  \r\n\r\n\r\n     <div class=\"col-xl-12 col-lg-6 col-md-12 col-sm-12 project\">\r\n\t\t\t<div class=\"contact_box project_box\">\r\n\t\t\t<div class=\"headingh2\">Laboratorium RTV i Bada\u0144 Medioznawczych<\/div>\r\n\t\t\t<div class=\"headingh3\">Multidyscyplinarne Centrum Badawcze UKSW<\/div><br>\r\n\r\n\r\n\t\t\t<p>&nbsp;<\/p>\n<p>ul. Marii Konopnickiej 1,<br \/>\n05-092 Dziekan\u00f3w Le\u015bny<\/p>\n<p>tel.: <a href=\"tel:+48 22 380 43 25\">+48 22 380 43 25<\/a><br \/>\nmail: <a href=\"mailto:mcb@uksw.edu.pl\">mcb@uksw.edu.pl<\/a><\/p>\n\t\t\t<\/div>\r\n    <\/div>\r\n\r\n\t\r\n\t \r\n\r\n\r\n<\/div>\r\n  \r\n<\/div>\r\n","protected":false},"excerpt":{"rendered":"<p>Opis Laboratorium b\u0119dzie rejestrowa\u0107 przekazy z telewizji, radia, streamingu online i Internetu, a tak\u017ce gier, wirtualnej rzeczywisto\u015bci i no\u015bnik\u00f3w fizycznych. Automatyczne lub r\u0119czne, przez ekspert\u00f3w tre\u015bci b\u0119d\u0105 badane pod k\u0105tem samego przekazu oraz jego odbioru. Us\u0142ugi Odbiorcy Media, Komunikacja spo\u0142eczna, Internet, Badania online, User Experience, Webmastering, Social media, Marketing, Public Relations, Monitoring medi\u00f3w<\/p>\n","protected":false},"author":12,"featured_media":17781,"parent":18003,"menu_order":14,"comment_status":"closed","ping_status":"closed","template":"page-templates\/template-sub-page.php","meta":{"_acf_changed":false,"inline_featured_image":false,"footnotes":"","_links_to":"","_links_to_target":""},"class_list":["post-18031","page","type-page","status-publish","has-post-thumbnail","hentry"],"acf":[],"_links":{"self":[{"href":"https:\/\/mcb.uksw.edu.pl\/pl\/wp-json\/wp\/v2\/pages\/18031","targetHints":{"allow":["GET"]}}],"collection":[{"href":"https:\/\/mcb.uksw.edu.pl\/pl\/wp-json\/wp\/v2\/pages"}],"about":[{"href":"https:\/\/mcb.uksw.edu.pl\/pl\/wp-json\/wp\/v2\/types\/page"}],"author":[{"embeddable":true,"href":"https:\/\/mcb.uksw.edu.pl\/pl\/wp-json\/wp\/v2\/users\/12"}],"replies":[{"embeddable":true,"href":"https:\/\/mcb.uksw.edu.pl\/pl\/wp-json\/wp\/v2\/comments?post=18031"}],"version-history":[{"count":19,"href":"https:\/\/mcb.uksw.edu.pl\/pl\/wp-json\/wp\/v2\/pages\/18031\/revisions"}],"predecessor-version":[{"id":18091,"href":"https:\/\/mcb.uksw.edu.pl\/pl\/wp-json\/wp\/v2\/pages\/18031\/revisions\/18091"}],"up":[{"embeddable":true,"href":"https:\/\/mcb.uksw.edu.pl\/pl\/wp-json\/wp\/v2\/pages\/18003"}],"wp:featuredmedia":[{"embeddable":true,"href":"https:\/\/mcb.uksw.edu.pl\/pl\/wp-json\/wp\/v2\/media\/17781"}],"wp:attachment":[{"href":"https:\/\/mcb.uksw.edu.pl\/pl\/wp-json\/wp\/v2\/media?parent=18031"}],"curies":[{"name":"wp","href":"https:\/\/api.w.org\/{rel}","templated":true}]}}