{"id":18030,"date":"2023-03-13T19:19:14","date_gmt":"2023-03-13T18:19:14","guid":{"rendered":"https:\/\/mcb.uksw.edu.pl\/?page_id=18030"},"modified":"2023-03-13T20:39:06","modified_gmt":"2023-03-13T19:39:06","slug":"laboratorium-badawcze-pomiarowo-srodowiskowe","status":"publish","type":"page","link":"https:\/\/mcb.uksw.edu.pl\/o-nas\/laboratoria\/laboratorium-badawcze-pomiarowo-srodowiskowe\/","title":{"rendered":"Laboratorium Badawcze Pomiarowo-\u015arodowiskowe"},"content":{"rendered":"\n<h2 class=\"wp-block-heading\">Opis<\/h2>\n\n\n\n<p>Laboratorium prowadzi prace pod k\u0105tem bada\u0144 monitoringowych. Zanieczyszczenia \u015brodowiska b\u0119d\u0105 wykrywane na podstawie m.in. marker\u00f3w \u015brodowiskowych i biomarker\u00f3w, ponadto prowadzona b\u0119dzie analiza pr\u00f3bek \u017cywno\u015bci, w tym analizy wody. Badania z zakresu ochrony \u015brodowiska to szeroki zakres bada\u0144 gleb, ziemi, w\u00f3d (powierzchniowych i podziemnych), \u015bciek\u00f3w, osad\u00f3w dennych oraz ro\u015blin, a tak\u017ce produkt\u00f3w chemicznych (np. nawoz\u00f3w sztucznych). Pozyskane wyniki b\u0119d\u0105 archiwizowane,&nbsp; publikowane na specjalnie za\u0142o\u017conym portalu.<\/p>\n\n\n\n<h2 class=\"wp-block-heading\">Us\u0142ugi<\/h2>\n\n\n\n<ul class=\"wp-block-list\">\n<li>Badania markery \u015brodowiskowe bezpo\u015bredniego nara\u017cenia<\/li>\n\n\n\n<li>Badania biomarker\u00f3w efekt\u00f3w \u015brodowiskowych<\/li>\n\n\n\n<li>Analiza chemiczna pr\u00f3bek \u015brodowiskowych pobranych w terenie (powietrze, woda, gleba, osad, \u015bciek, \u017cywno\u015b\u0107) i analiza pod k\u0105tem jako\u015bciowym i ilo\u015bciowym zanieczyszczenia substancjami chemicznymi<\/li>\n\n\n\n<li>Poszukiwania pozosta\u0142o\u015bci po ksenobiotykach chemicznych, g\u0142\u00f3wnie farmaceutykach<\/li>\n<\/ul>\n\n\n\n<h2 class=\"wp-block-heading\">Odbiorcy<\/h2>\n\n\n\n<p>Administracja publiczna, samorz\u0105dy, s\u0142u\u017cby, ochrona \u015brodowiska, zak\u0142ady produkcyjne, bran\u017ca spo\u017cywcza, zak\u0142ady utylizacji odpad\u00f3w, oczyszczalnie, fermy, rolnictwo<\/p>\n\n\n\r\n<div class=\"\">\r\n\r\n<div class=\"row\">\r\n\r\n  \r\n\r\n\r\n     <div class=\"col-xl-12 col-lg-6 col-md-12 col-sm-12 project\">\r\n\t\t\t<div class=\"contact_box project_box\">\r\n\t\t\t<div class=\"headingh2\">Laboratorium Badawcze Pomiarowo-\u015arodowiskowe<\/div>\r\n\t\t\t<div class=\"headingh3\">Multidyscyplinarne Centrum Badawcze UKSW<\/div><br>\r\n\r\n\r\n\t\t\t<p>&nbsp;<\/p>\n<p>ul. Marii Konopnickiej 1,<br \/>\n05-092 Dziekan\u00f3w Le\u015bny<\/p>\n<p>tel.: <a href=\"tel:+48 22 380 43 25\">+48 22 380 43 25<\/a><br \/>\nmail: <a href=\"mailto:mcb@uksw.edu.pl\">mcb@uksw.edu.pl<\/a><\/p>\n\t\t\t<\/div>\r\n    <\/div>\r\n\r\n\t\r\n\t \r\n\r\n\r\n<\/div>\r\n  \r\n<\/div>\r\n","protected":false},"excerpt":{"rendered":"<p>Opis Laboratorium prowadzi prace pod k\u0105tem bada\u0144 monitoringowych. Zanieczyszczenia \u015brodowiska b\u0119d\u0105 wykrywane na podstawie m.in. marker\u00f3w \u015brodowiskowych i biomarker\u00f3w, ponadto prowadzona b\u0119dzie analiza pr\u00f3bek \u017cywno\u015bci, w tym analizy wody. Badania z zakresu ochrony \u015brodowiska to szeroki zakres bada\u0144 gleb, ziemi, w\u00f3d (powierzchniowych i podziemnych), \u015bciek\u00f3w, osad\u00f3w dennych oraz ro\u015blin, a tak\u017ce produkt\u00f3w chemicznych (np. nawoz\u00f3w [&hellip;]<\/p>\n","protected":false},"author":12,"featured_media":17781,"parent":18003,"menu_order":12,"comment_status":"closed","ping_status":"closed","template":"page-templates\/template-sub-page.php","meta":{"_acf_changed":false,"inline_featured_image":false,"footnotes":"","_links_to":"","_links_to_target":""},"class_list":["post-18030","page","type-page","status-publish","has-post-thumbnail","hentry"],"acf":[],"_links":{"self":[{"href":"https:\/\/mcb.uksw.edu.pl\/pl\/wp-json\/wp\/v2\/pages\/18030","targetHints":{"allow":["GET"]}}],"collection":[{"href":"https:\/\/mcb.uksw.edu.pl\/pl\/wp-json\/wp\/v2\/pages"}],"about":[{"href":"https:\/\/mcb.uksw.edu.pl\/pl\/wp-json\/wp\/v2\/types\/page"}],"author":[{"embeddable":true,"href":"https:\/\/mcb.uksw.edu.pl\/pl\/wp-json\/wp\/v2\/users\/12"}],"replies":[{"embeddable":true,"href":"https:\/\/mcb.uksw.edu.pl\/pl\/wp-json\/wp\/v2\/comments?post=18030"}],"version-history":[{"count":3,"href":"https:\/\/mcb.uksw.edu.pl\/pl\/wp-json\/wp\/v2\/pages\/18030\/revisions"}],"predecessor-version":[{"id":18105,"href":"https:\/\/mcb.uksw.edu.pl\/pl\/wp-json\/wp\/v2\/pages\/18030\/revisions\/18105"}],"up":[{"embeddable":true,"href":"https:\/\/mcb.uksw.edu.pl\/pl\/wp-json\/wp\/v2\/pages\/18003"}],"wp:featuredmedia":[{"embeddable":true,"href":"https:\/\/mcb.uksw.edu.pl\/pl\/wp-json\/wp\/v2\/media\/17781"}],"wp:attachment":[{"href":"https:\/\/mcb.uksw.edu.pl\/pl\/wp-json\/wp\/v2\/media?parent=18030"}],"curies":[{"name":"wp","href":"https:\/\/api.w.org\/{rel}","templated":true}]}}