{"id":18025,"date":"2023-03-13T18:58:24","date_gmt":"2023-03-13T17:58:24","guid":{"rendered":"https:\/\/mcb.uksw.edu.pl\/?page_id=18025"},"modified":"2023-03-13T20:39:35","modified_gmt":"2023-03-13T19:39:35","slug":"laboratorium-systemow-lacznosci","status":"publish","type":"page","link":"https:\/\/mcb.uksw.edu.pl\/o-nas\/laboratoria\/laboratorium-systemow-lacznosci\/","title":{"rendered":"Laboratorium System\u00f3w \u0141\u0105czno\u015bci"},"content":{"rendered":"\n<h2 class=\"wp-block-heading\">Opis<\/h2>\n\n\n\n<p>Laboratorium prowadzi badania&nbsp; w zakresie technologii wytwarzania oraz produkcji&nbsp; modu\u0142\u00f3w i sensor\u00f3w do system\u00f3w teleinformatycznych. Ponadto, prowadzone s\u0105 prace nad systemami \u0142\u0105czno\u015bci i r\u00f3\u017cnymi rodzajami anten.<\/p>\n\n\n\n<h2 class=\"wp-block-heading\">Us\u0142ugi<\/h2>\n\n\n\n<ul class=\"wp-block-list\">\n<li>Testy r\u00f3\u017cnych form nadajnik\u00f3w i odbiornik\u00f3w<\/li>\n\n\n\n<li>Testy urz\u0105dze\u0144 korzystaj\u0105cych z WiFi<\/li>\n\n\n\n<li>Testy router\u00f3w bezprzewodowych zarz\u0105dzaj\u0105cych ruchem WiFi<\/li>\n\n\n\n<li>Testy urz\u0105dze\u0144 korzystaj\u0105cych z Bluetooth<\/li>\n\n\n\n<li>Testy anten dook\u00f3lnych i kierunkowych<\/li>\n\n\n\n<li>Testy zak\u0142\u00f3ce\u0144<\/li>\n\n\n\n<li>Testy t\u0142umienia sygna\u0142u przy wzro\u015bcie odleg\u0142o\u015bci lub przeszkodach<\/li>\n\n\n\n<li>Testy komunikacji dalekiego zasi\u0119gu<\/li>\n\n\n\n<li>Testy zgodno\u015bci sprz\u0119tu z normami prawnymi<\/li>\n<\/ul>\n\n\n\n<h2 class=\"wp-block-heading\">Odbiorcy<\/h2>\n\n\n\n<p>Producenci, importerzy, dystrybutorzy, testerzy, u\u017cytkownicy sprz\u0119tu wykorzystuj\u0105cego technologie \u0142\u0105czno\u015bci, informatycy, programi\u015bci, bran\u017ca IT<\/p>\n\n\n\r\n<div class=\"\">\r\n\r\n<div class=\"row\">\r\n\r\n  \r\n\r\n\r\n     <div class=\"col-xl-12 col-lg-6 col-md-12 col-sm-12 project\">\r\n\t\t\t<div class=\"contact_box project_box\">\r\n\t\t\t<div class=\"headingh2\">Laboratorium System\u00f3w \u0141\u0105czno\u015bci<\/div>\r\n\t\t\t<div class=\"headingh3\">Multidyscyplinarne Centrum Badawcze UKSW<\/div><br>\r\n\r\n\r\n\t\t\t<p>&nbsp;<\/p>\n<p>ul. Marii Konopnickiej 1,<br \/>\n05-092 Dziekan\u00f3w Le\u015bny<\/p>\n<p>tel.: <a href=\"tel:+48 22 380 43 25\">+48 22 380 43 25<\/a><br \/>\nmail: <a href=\"mailto:mcb@uksw.edu.pl\">mcb@uksw.edu.pl<\/a><\/p>\n\t\t\t<\/div>\r\n    <\/div>\r\n\r\n\t\r\n\t \r\n\r\n\r\n<\/div>\r\n  \r\n<\/div>\r\n","protected":false},"excerpt":{"rendered":"<p>Opis Laboratorium prowadzi badania&nbsp; w zakresie technologii wytwarzania oraz produkcji&nbsp; modu\u0142\u00f3w i sensor\u00f3w do system\u00f3w teleinformatycznych. Ponadto, prowadzone s\u0105 prace nad systemami \u0142\u0105czno\u015bci i r\u00f3\u017cnymi rodzajami anten. Us\u0142ugi Odbiorcy Producenci, importerzy, dystrybutorzy, testerzy, u\u017cytkownicy sprz\u0119tu wykorzystuj\u0105cego technologie \u0142\u0105czno\u015bci, informatycy, programi\u015bci, bran\u017ca IT<\/p>\n","protected":false},"author":12,"featured_media":17781,"parent":18003,"menu_order":13,"comment_status":"closed","ping_status":"closed","template":"page-templates\/template-sub-page.php","meta":{"_acf_changed":false,"inline_featured_image":false,"footnotes":"","_links_to":"","_links_to_target":""},"class_list":["post-18025","page","type-page","status-publish","has-post-thumbnail","hentry"],"acf":[],"_links":{"self":[{"href":"https:\/\/mcb.uksw.edu.pl\/pl\/wp-json\/wp\/v2\/pages\/18025","targetHints":{"allow":["GET"]}}],"collection":[{"href":"https:\/\/mcb.uksw.edu.pl\/pl\/wp-json\/wp\/v2\/pages"}],"about":[{"href":"https:\/\/mcb.uksw.edu.pl\/pl\/wp-json\/wp\/v2\/types\/page"}],"author":[{"embeddable":true,"href":"https:\/\/mcb.uksw.edu.pl\/pl\/wp-json\/wp\/v2\/users\/12"}],"replies":[{"embeddable":true,"href":"https:\/\/mcb.uksw.edu.pl\/pl\/wp-json\/wp\/v2\/comments?post=18025"}],"version-history":[{"count":5,"href":"https:\/\/mcb.uksw.edu.pl\/pl\/wp-json\/wp\/v2\/pages\/18025\/revisions"}],"predecessor-version":[{"id":18106,"href":"https:\/\/mcb.uksw.edu.pl\/pl\/wp-json\/wp\/v2\/pages\/18025\/revisions\/18106"}],"up":[{"embeddable":true,"href":"https:\/\/mcb.uksw.edu.pl\/pl\/wp-json\/wp\/v2\/pages\/18003"}],"wp:featuredmedia":[{"embeddable":true,"href":"https:\/\/mcb.uksw.edu.pl\/pl\/wp-json\/wp\/v2\/media\/17781"}],"wp:attachment":[{"href":"https:\/\/mcb.uksw.edu.pl\/pl\/wp-json\/wp\/v2\/media?parent=18025"}],"curies":[{"name":"wp","href":"https:\/\/api.w.org\/{rel}","templated":true}]}}