{"id":18024,"date":"2023-03-13T18:58:12","date_gmt":"2023-03-13T17:58:12","guid":{"rendered":"https:\/\/mcb.uksw.edu.pl\/?page_id=18024"},"modified":"2023-03-13T20:16:07","modified_gmt":"2023-03-13T19:16:07","slug":"laboratorium-druku-3d","status":"publish","type":"page","link":"https:\/\/mcb.uksw.edu.pl\/o-nas\/laboratoria\/laboratorium-druku-3d\/","title":{"rendered":"Laboratorium Druku 3D"},"content":{"rendered":"\n<h2 class=\"wp-block-heading\">Opis<\/h2>\n\n\n\n<p>W laboratorium prowadzone s\u0105 badania zwi\u0105zane z technik\u0105 druku 3D . Obejmuj\u0105 one rozw\u00f3j urz\u0105dze\u0144 oraz materia\u0142\u00f3w do druku, poszukiwanie nowych zastosowa\u0144&nbsp; druku 3D, przygotowanie modeli oraz adaptacj\u0119 oprogramowania.<\/p>\n\n\n\n<p>Laboratorium \u015bwiadczy r\u00f3wnie\u017c us\u0142ugi druku 3D z wykorzystaniem posiadanych urz\u0105dze\u0144. Dysponowanie r\u00f3\u017cnorodn\u0105 infrastruktur\u0105 daje nam mo\u017cliwo\u015b\u0107 dopasowania technologii do potrzeb zg\u0142aszaj\u0105cych si\u0119 podmiot\u00f3w, ustalenia po\u017c\u0105danej dok\u0142adno\u015bci, wytrzyma\u0142o\u015bci, a tak\u017ce kosztoch\u0142onno\u015bci.<\/p>\n\n\n\n<h2 class=\"wp-block-heading\">Us\u0142ugi<\/h2>\n\n\n\n<p>Laboratorium oferuje m.in. nast\u0119puj\u0105ce us\u0142ugi:<\/p>\n\n\n\n<ul class=\"wp-block-list\">\n<li>pomoc w doborze odpowiedniej metody druku 3D<\/li>\n\n\n\n<li>druk 3D z tworzyw sztucznych termoplastycznych \u2013 metoda FDM\/FFF<\/li>\n\n\n\n<li>druk 3D z proszku gipsopodobnego z mo\u017cliwo\u015bci\u0105 drukowania obiekt\u00f3w kolorowych, fotorealistycznych \u2013 Metoda CJP<\/li>\n\n\n\n<li>druk 3D z \u017cywicy fotoutwardzalnej \u2013 metoda SLA<\/li>\n<\/ul>\n\n\n\n<h2 class=\"wp-block-heading\">Odbiorcy<\/h2>\n\n\n\n<p>Edukacja, architektura, muzealnictwo, antropologia, kultura, sztuka, jubilerstwo, fizyka, budownictwo, geodezja, przemys\u0142, prototypowanie, produkcja, odlewnictwo, design, in\u017cynieria, mechanika, mechatronika, robotyka, elektronika, automotive, motoryzacja, medycyna, weterynaria<\/p>\n\n\n\r\n<div class=\"\">\r\n\r\n<div class=\"row\">\r\n\r\n  \r\n\r\n\r\n     <div class=\"col-xl-12 col-lg-6 col-md-12 col-sm-12 project\">\r\n\t\t\t<div class=\"contact_box project_box\">\r\n\t\t\t<div class=\"headingh2\">Laboratorium Druku 3D<\/div>\r\n\t\t\t<div class=\"headingh3\">Multidyscyplinarne Centrum Badawcze UKSW<\/div><br>\r\n\r\n\r\n\t\t\t<p>&nbsp;<\/p>\n<p>ul. Marii Konopnickiej 1,<br \/>\n05-092 Dziekan\u00f3w Le\u015bny<\/p>\n<p>tel.: <a href=\"tel:+48 22 380 43 25\">+48 22 380 43 25<\/a><br \/>\nmail: <a href=\"mailto:mcb@uksw.edu.pl\">mcb@uksw.edu.pl<\/a><\/p>\n\t\t\t<\/div>\r\n    <\/div>\r\n\r\n\t\r\n\t \r\n\r\n\r\n<\/div>\r\n  \r\n<\/div>\r\n","protected":false},"excerpt":{"rendered":"<p>Opis W laboratorium prowadzone s\u0105 badania zwi\u0105zane z technik\u0105 druku 3D . Obejmuj\u0105 one rozw\u00f3j urz\u0105dze\u0144 oraz materia\u0142\u00f3w do druku, poszukiwanie nowych zastosowa\u0144&nbsp; druku 3D, przygotowanie modeli oraz adaptacj\u0119 oprogramowania. Laboratorium \u015bwiadczy r\u00f3wnie\u017c us\u0142ugi druku 3D z wykorzystaniem posiadanych urz\u0105dze\u0144. Dysponowanie r\u00f3\u017cnorodn\u0105 infrastruktur\u0105 daje nam mo\u017cliwo\u015b\u0107 dopasowania technologii do potrzeb zg\u0142aszaj\u0105cych si\u0119 podmiot\u00f3w, ustalenia po\u017c\u0105danej [&hellip;]<\/p>\n","protected":false},"author":12,"featured_media":17781,"parent":18003,"menu_order":11,"comment_status":"closed","ping_status":"closed","template":"page-templates\/template-sub-page.php","meta":{"_acf_changed":false,"inline_featured_image":false,"footnotes":"","_links_to":"","_links_to_target":""},"class_list":["post-18024","page","type-page","status-publish","has-post-thumbnail","hentry"],"acf":[],"_links":{"self":[{"href":"https:\/\/mcb.uksw.edu.pl\/pl\/wp-json\/wp\/v2\/pages\/18024","targetHints":{"allow":["GET"]}}],"collection":[{"href":"https:\/\/mcb.uksw.edu.pl\/pl\/wp-json\/wp\/v2\/pages"}],"about":[{"href":"https:\/\/mcb.uksw.edu.pl\/pl\/wp-json\/wp\/v2\/types\/page"}],"author":[{"embeddable":true,"href":"https:\/\/mcb.uksw.edu.pl\/pl\/wp-json\/wp\/v2\/users\/12"}],"replies":[{"embeddable":true,"href":"https:\/\/mcb.uksw.edu.pl\/pl\/wp-json\/wp\/v2\/comments?post=18024"}],"version-history":[{"count":4,"href":"https:\/\/mcb.uksw.edu.pl\/pl\/wp-json\/wp\/v2\/pages\/18024\/revisions"}],"predecessor-version":[{"id":18103,"href":"https:\/\/mcb.uksw.edu.pl\/pl\/wp-json\/wp\/v2\/pages\/18024\/revisions\/18103"}],"up":[{"embeddable":true,"href":"https:\/\/mcb.uksw.edu.pl\/pl\/wp-json\/wp\/v2\/pages\/18003"}],"wp:featuredmedia":[{"embeddable":true,"href":"https:\/\/mcb.uksw.edu.pl\/pl\/wp-json\/wp\/v2\/media\/17781"}],"wp:attachment":[{"href":"https:\/\/mcb.uksw.edu.pl\/pl\/wp-json\/wp\/v2\/media?parent=18024"}],"curies":[{"name":"wp","href":"https:\/\/api.w.org\/{rel}","templated":true}]}}