{"id":18023,"date":"2023-03-13T18:57:53","date_gmt":"2023-03-13T17:57:53","guid":{"rendered":"https:\/\/mcb.uksw.edu.pl\/?page_id=18023"},"modified":"2023-03-13T20:15:19","modified_gmt":"2023-03-13T19:15:19","slug":"laboratorium-symulatora-sferycznego-i-symulacji-wizualnej","status":"publish","type":"page","link":"https:\/\/mcb.uksw.edu.pl\/o-nas\/laboratoria\/laboratorium-symulatora-sferycznego-i-symulacji-wizualnej\/","title":{"rendered":"Laboratorium Symulatora Sferycznego i Symulacji Wizualnej"},"content":{"rendered":"\n<h2 class=\"wp-block-heading\">Opis<\/h2>\n\n\n\n<p>Laboratorium zajmuje si\u0119 rozwojem platformy wizualizacyjnej, tworzeniem dziedzinowych aplikacji oraz \u015bwiadczeniem us\u0142ug zwi\u0105zanych z przetwarzaniem danych i analiz\u0105 wizualn\u0105 tj. technikami prezentacji wizualnej, grafiki komputerowej oraz analizy obrazowej s\u0142u\u017c\u0105cej do interaktywnej pracy z tymi danymi. W ramach laboratorium po\u0142\u0105czone b\u0119d\u0105 kompetencje AR (rozszerzonej rzeczywisto\u015bci), wizualizacyjne i modelowania obliczeniowego do projektowania i przeprowadzania symulacji.<\/p>\n\n\n\n<h2 class=\"wp-block-heading\">Us\u0142ugi<\/h2>\n\n\n\n<ul class=\"wp-block-list\">\n<li>Badania ergonomii<\/li>\n\n\n\n<li>Badania psychofizyki<\/li>\n\n\n\n<li>Tworzenie \u015brodowisk testowych z wykorzystaniem AR<\/li>\n\n\n\n<li>Budowanie materia\u0142\u00f3w szkoleniowych AR<\/li>\n\n\n\n<li>Wizualizacja medyczna i analiza obrazowa<\/li>\n\n\n\n<li>Analiza wizualn\u0105 danych archeologicznych, meteorologicznych, klimatycznych, mikroskopowych i innych;<\/li>\n\n\n\n<li>Tworzenie dedykowanych aplikacji w oparciu o platform\u0119 VisNow;<\/li>\n\n\n\n<li>Tworzenie zaawansowanych wizualizacji naukowych;<\/li>\n\n\n\n<li>Tworzenie modeli struktur anatomicznych oraz atlas\u00f3w ludzkiego cia\u0142a.<\/li>\n<\/ul>\n\n\n\n<h2 class=\"wp-block-heading\">Odbiorcy<\/h2>\n\n\n\n<p>Automotive, producenci przedmiot\u00f3w u\u017cytkowych, projektanci, architekci, nauki biologiczne i medycyna, geologia, archeologia, meteorologia i klimatologia, edukacja.<\/p>\n\n\n\r\n<div class=\"\">\r\n\r\n<div class=\"row\">\r\n\r\n  \r\n\r\n\r\n     <div class=\"col-xl-12 col-lg-6 col-md-12 col-sm-12 project\">\r\n\t\t\t<div class=\"contact_box project_box\">\r\n\t\t\t<div class=\"headingh2\">Laboratorium Symulatora Sferycznego i Symulacji Wizualnej<\/div>\r\n\t\t\t<div class=\"headingh3\">Multidyscyplinarne Centrum Badawcze UKSW<\/div><br>\r\n\r\n\r\n\t\t\t<p>&nbsp;<\/p>\n<p>ul. Marii Konopnickiej 1,<br \/>\n05-092 Dziekan\u00f3w Le\u015bny<\/p>\n<p>tel.: <a href=\"tel:+48 22 380 43 25\">+48 22 380 43 25<\/a><br \/>\nmail: <a href=\"mailto:mcb@uksw.edu.pl\">mcb@uksw.edu.pl<\/a><\/p>\n\t\t\t<\/div>\r\n    <\/div>\r\n\r\n\t\r\n\t \r\n\r\n\r\n<\/div>\r\n  \r\n<\/div>\r\n","protected":false},"excerpt":{"rendered":"<p>Opis Laboratorium zajmuje si\u0119 rozwojem platformy wizualizacyjnej, tworzeniem dziedzinowych aplikacji oraz \u015bwiadczeniem us\u0142ug zwi\u0105zanych z przetwarzaniem danych i analiz\u0105 wizualn\u0105 tj. technikami prezentacji wizualnej, grafiki komputerowej oraz analizy obrazowej s\u0142u\u017c\u0105cej do interaktywnej pracy z tymi danymi. W ramach laboratorium po\u0142\u0105czone b\u0119d\u0105 kompetencje AR (rozszerzonej rzeczywisto\u015bci), wizualizacyjne i modelowania obliczeniowego do projektowania i przeprowadzania symulacji. Us\u0142ugi [&hellip;]<\/p>\n","protected":false},"author":12,"featured_media":17781,"parent":18003,"menu_order":10,"comment_status":"closed","ping_status":"closed","template":"page-templates\/template-sub-page.php","meta":{"_acf_changed":false,"inline_featured_image":false,"footnotes":"","_links_to":"","_links_to_target":""},"class_list":["post-18023","page","type-page","status-publish","has-post-thumbnail","hentry"],"acf":[],"_links":{"self":[{"href":"https:\/\/mcb.uksw.edu.pl\/pl\/wp-json\/wp\/v2\/pages\/18023","targetHints":{"allow":["GET"]}}],"collection":[{"href":"https:\/\/mcb.uksw.edu.pl\/pl\/wp-json\/wp\/v2\/pages"}],"about":[{"href":"https:\/\/mcb.uksw.edu.pl\/pl\/wp-json\/wp\/v2\/types\/page"}],"author":[{"embeddable":true,"href":"https:\/\/mcb.uksw.edu.pl\/pl\/wp-json\/wp\/v2\/users\/12"}],"replies":[{"embeddable":true,"href":"https:\/\/mcb.uksw.edu.pl\/pl\/wp-json\/wp\/v2\/comments?post=18023"}],"version-history":[{"count":4,"href":"https:\/\/mcb.uksw.edu.pl\/pl\/wp-json\/wp\/v2\/pages\/18023\/revisions"}],"predecessor-version":[{"id":18102,"href":"https:\/\/mcb.uksw.edu.pl\/pl\/wp-json\/wp\/v2\/pages\/18023\/revisions\/18102"}],"up":[{"embeddable":true,"href":"https:\/\/mcb.uksw.edu.pl\/pl\/wp-json\/wp\/v2\/pages\/18003"}],"wp:featuredmedia":[{"embeddable":true,"href":"https:\/\/mcb.uksw.edu.pl\/pl\/wp-json\/wp\/v2\/media\/17781"}],"wp:attachment":[{"href":"https:\/\/mcb.uksw.edu.pl\/pl\/wp-json\/wp\/v2\/media?parent=18023"}],"curies":[{"name":"wp","href":"https:\/\/api.w.org\/{rel}","templated":true}]}}