{"id":18022,"date":"2023-03-13T18:57:38","date_gmt":"2023-03-13T17:57:38","guid":{"rendered":"https:\/\/mcb.uksw.edu.pl\/?page_id=18022"},"modified":"2025-04-06T17:08:12","modified_gmt":"2025-04-06T15:08:12","slug":"laboratorium-vr","status":"publish","type":"page","link":"https:\/\/mcb.uksw.edu.pl\/o-nas\/laboratoria\/laboratorium-vr\/","title":{"rendered":"Laboratorium VR"},"content":{"rendered":"\n<h2 class=\"wp-block-heading\">Opis<\/h2>\n\n\n\n<p>Laboratorium b\u0119dzie tworzy\u0107 produkty obs\u0142uguj\u0105ce technologi\u0119 wirtualnej i rozszerzonej rzeczywisto\u015bci (VR i AR), przy wykorzystaniu narz\u0119dzi do tworzenia tr\u00f3jwymiarowych materia\u0142\u00f3w interaktywnych. Prowadzone badania pomog\u0105 w wykorzystaniu tych technologii w szeroko poj\u0119tym procesie dydaktycznym. Badania b\u0119d\u0105 dotyczy\u0107 biologiczno-medycznych aspekt\u00f3w zwi\u0105zanych z wykorzystaniem konkretnych rozwi\u0105za\u0144 technicznych, aspekt\u00f3w socjologicznych, prawnych oraz informatycznych. Ponadto Laboratorium b\u0119dzie obejmowa\u0142o zagadnienia zwi\u0105zane z anatomi\u0105 wirtualn\u0105 i symulacj\u0105 chirurgiczn\u0105<\/p>\n\n\n\n<h2 class=\"wp-block-heading\">Us\u0142ugi<\/h2>\n\n\n\n<ul class=\"wp-block-list\">\n<li>Tworzenie program\u00f3w wykorzystuj\u0105cych technologie VR\/AR<\/li>\n\n\n\n<li>Badania z wykorzystaniem wirtualnych modeli cia\u0142a cz\u0142owieka<\/li>\n\n\n\n<li>Opracowanie schemat\u00f3w neuro\/rehabilitacyjnych<\/li>\n\n\n\n<li>Opracowanie modeli symulator\u00f3w chirurgicznych<\/li>\n<\/ul>\n\n\n\n<h2 class=\"wp-block-heading\">Odbiorcy<\/h2>\n\n\n\n<p>Edukacja, architektura, medycyna, marketing, archeologia, historia sztuki, biologia, in\u017cynieria \u015brodowiska<\/p>\n\n\n\n<p><a href=\"https:\/\/innowacje.mcb.uksw.edu.pl\/mrbs\/3dobj\/\" target=\"_blank\" rel=\"noreferrer noopener\"><strong>Galeria modeli 3D<\/strong><\/a><\/p>\n\n\n\r\n<div class=\"\">\r\n\r\n<div class=\"row\">\r\n\r\n  \r\n\r\n\r\n     <div class=\"col-xl-12 col-lg-6 col-md-12 col-sm-12 project\">\r\n\t\t\t<div class=\"contact_box project_box\">\r\n\t\t\t<div class=\"headingh2\">Laboratorium VR<\/div>\r\n\t\t\t<div class=\"headingh3\">Multidyscyplinarne Centrum Badawcze UKSW<\/div><br>\r\n\r\n\r\n\t\t\t<p>&nbsp;<\/p>\n<p>ul. Marii Konopnickiej 1,<br \/>\n05-092 Dziekan\u00f3w Le\u015bny<\/p>\n<p>tel.: <a href=\"tel:+48 22 380 43 25\">+48 22 380 43 25<\/a><br \/>\nmail: <a href=\"mailto:mcb@uksw.edu.pl\">mcb@uksw.edu.pl<\/a><\/p>\n\t\t\t<\/div>\r\n    <\/div>\r\n\r\n\t\r\n\t \r\n\r\n\r\n<\/div>\r\n  \r\n<\/div>\r\n\n\n\n<p><\/p>\n","protected":false},"excerpt":{"rendered":"<p>Opis Laboratorium b\u0119dzie tworzy\u0107 produkty obs\u0142uguj\u0105ce technologi\u0119 wirtualnej i rozszerzonej rzeczywisto\u015bci (VR i AR), przy wykorzystaniu narz\u0119dzi do tworzenia tr\u00f3jwymiarowych materia\u0142\u00f3w interaktywnych. Prowadzone badania pomog\u0105 w wykorzystaniu tych technologii w szeroko poj\u0119tym procesie dydaktycznym. Badania b\u0119d\u0105 dotyczy\u0107 biologiczno-medycznych aspekt\u00f3w zwi\u0105zanych z wykorzystaniem konkretnych rozwi\u0105za\u0144 technicznych, aspekt\u00f3w socjologicznych, prawnych oraz informatycznych. Ponadto Laboratorium b\u0119dzie obejmowa\u0142o zagadnienia [&hellip;]<\/p>\n","protected":false},"author":12,"featured_media":17781,"parent":18003,"menu_order":9,"comment_status":"closed","ping_status":"closed","template":"page-templates\/template-sub-page.php","meta":{"_acf_changed":false,"inline_featured_image":false,"footnotes":"","_links_to":"","_links_to_target":""},"class_list":["post-18022","page","type-page","status-publish","has-post-thumbnail","hentry"],"acf":[],"_links":{"self":[{"href":"https:\/\/mcb.uksw.edu.pl\/pl\/wp-json\/wp\/v2\/pages\/18022","targetHints":{"allow":["GET"]}}],"collection":[{"href":"https:\/\/mcb.uksw.edu.pl\/pl\/wp-json\/wp\/v2\/pages"}],"about":[{"href":"https:\/\/mcb.uksw.edu.pl\/pl\/wp-json\/wp\/v2\/types\/page"}],"author":[{"embeddable":true,"href":"https:\/\/mcb.uksw.edu.pl\/pl\/wp-json\/wp\/v2\/users\/12"}],"replies":[{"embeddable":true,"href":"https:\/\/mcb.uksw.edu.pl\/pl\/wp-json\/wp\/v2\/comments?post=18022"}],"version-history":[{"count":15,"href":"https:\/\/mcb.uksw.edu.pl\/pl\/wp-json\/wp\/v2\/pages\/18022\/revisions"}],"predecessor-version":[{"id":18526,"href":"https:\/\/mcb.uksw.edu.pl\/pl\/wp-json\/wp\/v2\/pages\/18022\/revisions\/18526"}],"up":[{"embeddable":true,"href":"https:\/\/mcb.uksw.edu.pl\/pl\/wp-json\/wp\/v2\/pages\/18003"}],"wp:featuredmedia":[{"embeddable":true,"href":"https:\/\/mcb.uksw.edu.pl\/pl\/wp-json\/wp\/v2\/media\/17781"}],"wp:attachment":[{"href":"https:\/\/mcb.uksw.edu.pl\/pl\/wp-json\/wp\/v2\/media?parent=18022"}],"curies":[{"name":"wp","href":"https:\/\/api.w.org\/{rel}","templated":true}]}}