{"id":18011,"date":"2023-03-13T18:55:02","date_gmt":"2023-03-13T17:55:02","guid":{"rendered":"https:\/\/mcb.uksw.edu.pl\/?page_id=18011"},"modified":"2023-03-13T20:13:17","modified_gmt":"2023-03-13T19:13:17","slug":"laboratorium-bezpiecznego-przechowywania-i-przetwarzania-danych","status":"publish","type":"page","link":"https:\/\/mcb.uksw.edu.pl\/o-nas\/laboratoria\/laboratorium-bezpiecznego-przechowywania-i-przetwarzania-danych\/","title":{"rendered":"Laboratorium Bezpiecznego Przechowywania i Przetwarzania Danych"},"content":{"rendered":"\n<h2 class=\"wp-block-heading\">Opis<\/h2>\n\n\n\n<p>Przedmiotem prac b\u0119dzie opracowanie protoko\u0142\u00f3w zapisu, przetwarzania i przechowywania danych generowanych przez i z wykorzystaniem r\u00f3\u017cnych \u017ar\u00f3de\u0142 danych. Wynik prac badawczych ma doprowadzi\u0107 do powstania innowacyjnego na rynku \u015bwiatowym krytposystemu wraz z opracowaniem nowych procedur dzia\u0142ania. Laboratorium b\u0119dzie dostarcza\u0107 nowych rozwi\u0105za\u0144 w zakresie bezpiecznego sk\u0142adowania i przesy\u0142ania danych.<\/p>\n\n\n\n<h2 class=\"wp-block-heading\">Us\u0142ugi<\/h2>\n\n\n\n<ul class=\"wp-block-list\">\n<li>Teoretyczne i praktyczne opracowywanie protoko\u0142\u00f3w<\/li>\n\n\n\n<li>Tworzenie architekur referencyjnych<\/li>\n\n\n\n<li>Testowanie szyfrowania<\/li>\n<\/ul>\n\n\n\n<h2 class=\"wp-block-heading\">Odbiorcy<\/h2>\n\n\n\n<p>Sektor sensoryki zdalnej, sektor telemedyczny, sektor IT<\/p>\n\n\n\r\n<div class=\"\">\r\n\r\n<div class=\"row\">\r\n\r\n  \r\n\r\n\r\n     <div class=\"col-xl-12 col-lg-6 col-md-12 col-sm-12 project\">\r\n\t\t\t<div class=\"contact_box project_box\">\r\n\t\t\t<div class=\"headingh2\">Laboratorium Bezpiecznego Przechowywania i Przetwarzania Danych<\/div>\r\n\t\t\t<div class=\"headingh3\">Multidyscyplinarne Centrum Badawcze UKSW<\/div><br>\r\n\r\n\r\n\t\t\t<p>&nbsp;<\/p>\n<p>ul. Marii Konopnickiej 1,<br \/>\n05-092 Dziekan\u00f3w Le\u015bny<\/p>\n<p>tel.: <a href=\"tel:+48 22 380 43 25\">+48 22 380 43 25<\/a><br \/>\nmail: <a href=\"mailto:mcb@uksw.edu.pl\">mcb@uksw.edu.pl<\/a><\/p>\n\t\t\t<\/div>\r\n    <\/div>\r\n\r\n\t\r\n\t \r\n\r\n\r\n<\/div>\r\n  \r\n<\/div>\r\n","protected":false},"excerpt":{"rendered":"<p>Opis Przedmiotem prac b\u0119dzie opracowanie protoko\u0142\u00f3w zapisu, przetwarzania i przechowywania danych generowanych przez i z wykorzystaniem r\u00f3\u017cnych \u017ar\u00f3de\u0142 danych. Wynik prac badawczych ma doprowadzi\u0107 do powstania innowacyjnego na rynku \u015bwiatowym krytposystemu wraz z opracowaniem nowych procedur dzia\u0142ania. Laboratorium b\u0119dzie dostarcza\u0107 nowych rozwi\u0105za\u0144 w zakresie bezpiecznego sk\u0142adowania i przesy\u0142ania danych. Us\u0142ugi Odbiorcy Sektor sensoryki zdalnej, sektor [&hellip;]<\/p>\n","protected":false},"author":12,"featured_media":17781,"parent":18003,"menu_order":7,"comment_status":"closed","ping_status":"closed","template":"page-templates\/template-sub-page.php","meta":{"_acf_changed":false,"inline_featured_image":false,"footnotes":"","_links_to":"","_links_to_target":""},"class_list":["post-18011","page","type-page","status-publish","has-post-thumbnail","hentry"],"acf":[],"_links":{"self":[{"href":"https:\/\/mcb.uksw.edu.pl\/pl\/wp-json\/wp\/v2\/pages\/18011","targetHints":{"allow":["GET"]}}],"collection":[{"href":"https:\/\/mcb.uksw.edu.pl\/pl\/wp-json\/wp\/v2\/pages"}],"about":[{"href":"https:\/\/mcb.uksw.edu.pl\/pl\/wp-json\/wp\/v2\/types\/page"}],"author":[{"embeddable":true,"href":"https:\/\/mcb.uksw.edu.pl\/pl\/wp-json\/wp\/v2\/users\/12"}],"replies":[{"embeddable":true,"href":"https:\/\/mcb.uksw.edu.pl\/pl\/wp-json\/wp\/v2\/comments?post=18011"}],"version-history":[{"count":4,"href":"https:\/\/mcb.uksw.edu.pl\/pl\/wp-json\/wp\/v2\/pages\/18011\/revisions"}],"predecessor-version":[{"id":18099,"href":"https:\/\/mcb.uksw.edu.pl\/pl\/wp-json\/wp\/v2\/pages\/18011\/revisions\/18099"}],"up":[{"embeddable":true,"href":"https:\/\/mcb.uksw.edu.pl\/pl\/wp-json\/wp\/v2\/pages\/18003"}],"wp:featuredmedia":[{"embeddable":true,"href":"https:\/\/mcb.uksw.edu.pl\/pl\/wp-json\/wp\/v2\/media\/17781"}],"wp:attachment":[{"href":"https:\/\/mcb.uksw.edu.pl\/pl\/wp-json\/wp\/v2\/media?parent=18011"}],"curies":[{"name":"wp","href":"https:\/\/api.w.org\/{rel}","templated":true}]}}