{"id":18010,"date":"2023-03-13T18:54:55","date_gmt":"2023-03-13T17:54:55","guid":{"rendered":"https:\/\/mcb.uksw.edu.pl\/?page_id=18010"},"modified":"2023-03-13T20:04:17","modified_gmt":"2023-03-13T19:04:17","slug":"laboratorium-badan-geoinformacyjnych","status":"publish","type":"page","link":"https:\/\/mcb.uksw.edu.pl\/o-nas\/laboratoria\/laboratorium-badan-geoinformacyjnych\/","title":{"rendered":"Laboratorium Bada\u0144 Geoinformacyjnych"},"content":{"rendered":"\n<h2 class=\"wp-block-heading\">Opis<\/h2>\n\n\n\n<p>Laboratorium prowadzi badania nad przyspieszeniem i u\u0142atwieniem pozyskiwania, gromadzenia, analizy i prezentacji danych. Powi\u0105zane jest to z wizualizacj\u0105 geoinformacji, okre\u015bleniem lokalizacji w przyj\u0119tym uk\u0142adzie odniesienia. W ramach prac laboratorium b\u0119dzie definiowanie, odczytywanie i obrazowanie wszystkich zwi\u0105zk\u00f3w, kt\u00f3re zachodz\u0105 mi\u0119dzy obiektami i zjawiskami w okre\u015blonej przestrzeni, dzi\u0119ki czemu mo\u017cliwe jest okre\u015blenie lokalizacji, warunk\u00f3w, tendencji, prawid\u0142owo\u015bci oraz modelowanie.<\/p>\n\n\n\n<h2 class=\"wp-block-heading\">Us\u0142ugi<\/h2>\n\n\n\n<ul class=\"wp-block-list\">\n<li>Pozyskiwanie danych na potrzeby wybranych ga\u0142\u0119zi gospodarki narodowej<\/li>\n\n\n\n<li>Przetwarzanie pozyskanych danych<\/li>\n\n\n\n<li>Techniki i technologie wnioskowania na potrzeby zarz\u0105dzania strategicznego i operacyjnego;<\/li>\n\n\n\n<li>Techniki i technologie prezentacji i archiwizacji danych (GIS)<\/li>\n\n\n\n<li>Platformy gromadzenia, przetwarzania, analizy i prezentacji danych pozyskanych w czasie rzeczywistym (lub zbli\u017conym do rzeczywistego)<\/li>\n\n\n\n<li>Opracowania wymaga\u0144 technologicznych i funkcjonalnych pozyskiwania danych przestrzennych.<\/li>\n\n\n\n<li>Tworzenie ortofotomap w \u015bwietle widzialnym;<\/li>\n\n\n\n<li>Tworzenie ortofotomap w bliskiej podczerwieni;<\/li>\n\n\n\n<li>Obr\u00f3bka lub tworzenie numerycznych modeli terenu i pokrycia terenu;<\/li>\n\n\n\n<li>Inwentaryzacja drzewostan\u00f3w i ro\u015blinno\u015bci;<\/li>\n\n\n\n<li>Wykonywanie analiz urbanistycznych i architektonicznych;<\/li>\n\n\n\n<li>Przygotowanie materia\u0142u do symulacji sytuacji kryzysowych;<\/li>\n<\/ul>\n\n\n\n<h2 class=\"wp-block-heading\">Odbiorcy:<\/h2>\n\n\n\n<p>Geodezji, budownictwo, le\u015bnictwo, g\u00f3rnictwo, kolejnictwo, ubezpieczenia, energetyka, rolnictwo, bezpiecze\u0144stwo fizyczne, administracji publiczna i s\u0142u\u017cby, fotografia i telewizja.<\/p>\n\n\n\r\n<div class=\"\">\r\n\r\n<div class=\"row\">\r\n\r\n  \r\n\r\n\r\n     <div class=\"col-xl-12 col-lg-6 col-md-12 col-sm-12 project\">\r\n\t\t\t<div class=\"contact_box project_box\">\r\n\t\t\t<div class=\"headingh2\">Laboratorium Bada\u0144 Geoinformacyjnych<\/div>\r\n\t\t\t<div class=\"headingh3\">Multidyscyplinarne Centrum Badawcze UKSW<\/div><br>\r\n\r\n\r\n\t\t\t<p>&nbsp;<\/p>\n<p>ul. Marii Konopnickiej 1,<br \/>\n05-092 Dziekan\u00f3w Le\u015bny<\/p>\n<p>tel.: <a href=\"tel:+48 22 380 43 25\">+48 22 380 43 25<\/a><br \/>\nmail: <a href=\"mailto:mcb@uksw.edu.pl\">mcb@uksw.edu.pl<\/a><\/p>\n\t\t\t<\/div>\r\n    <\/div>\r\n\r\n\t\r\n\t \r\n\r\n\r\n<\/div>\r\n  \r\n<\/div>\r\n","protected":false},"excerpt":{"rendered":"<p>Opis Laboratorium prowadzi badania nad przyspieszeniem i u\u0142atwieniem pozyskiwania, gromadzenia, analizy i prezentacji danych. Powi\u0105zane jest to z wizualizacj\u0105 geoinformacji, okre\u015bleniem lokalizacji w przyj\u0119tym uk\u0142adzie odniesienia. W ramach prac laboratorium b\u0119dzie definiowanie, odczytywanie i obrazowanie wszystkich zwi\u0105zk\u00f3w, kt\u00f3re zachodz\u0105 mi\u0119dzy obiektami i zjawiskami w okre\u015blonej przestrzeni, dzi\u0119ki czemu mo\u017cliwe jest okre\u015blenie lokalizacji, warunk\u00f3w, tendencji, prawid\u0142owo\u015bci [&hellip;]<\/p>\n","protected":false},"author":12,"featured_media":17781,"parent":18003,"menu_order":6,"comment_status":"closed","ping_status":"closed","template":"page-templates\/template-sub-page.php","meta":{"_acf_changed":false,"inline_featured_image":false,"footnotes":"","_links_to":"","_links_to_target":""},"class_list":["post-18010","page","type-page","status-publish","has-post-thumbnail","hentry"],"acf":[],"_links":{"self":[{"href":"https:\/\/mcb.uksw.edu.pl\/pl\/wp-json\/wp\/v2\/pages\/18010","targetHints":{"allow":["GET"]}}],"collection":[{"href":"https:\/\/mcb.uksw.edu.pl\/pl\/wp-json\/wp\/v2\/pages"}],"about":[{"href":"https:\/\/mcb.uksw.edu.pl\/pl\/wp-json\/wp\/v2\/types\/page"}],"author":[{"embeddable":true,"href":"https:\/\/mcb.uksw.edu.pl\/pl\/wp-json\/wp\/v2\/users\/12"}],"replies":[{"embeddable":true,"href":"https:\/\/mcb.uksw.edu.pl\/pl\/wp-json\/wp\/v2\/comments?post=18010"}],"version-history":[{"count":4,"href":"https:\/\/mcb.uksw.edu.pl\/pl\/wp-json\/wp\/v2\/pages\/18010\/revisions"}],"predecessor-version":[{"id":18097,"href":"https:\/\/mcb.uksw.edu.pl\/pl\/wp-json\/wp\/v2\/pages\/18010\/revisions\/18097"}],"up":[{"embeddable":true,"href":"https:\/\/mcb.uksw.edu.pl\/pl\/wp-json\/wp\/v2\/pages\/18003"}],"wp:featuredmedia":[{"embeddable":true,"href":"https:\/\/mcb.uksw.edu.pl\/pl\/wp-json\/wp\/v2\/media\/17781"}],"wp:attachment":[{"href":"https:\/\/mcb.uksw.edu.pl\/pl\/wp-json\/wp\/v2\/media?parent=18010"}],"curies":[{"name":"wp","href":"https:\/\/api.w.org\/{rel}","templated":true}]}}