{"id":18009,"date":"2023-03-13T18:54:49","date_gmt":"2023-03-13T17:54:49","guid":{"rendered":"https:\/\/mcb.uksw.edu.pl\/?page_id=18009"},"modified":"2023-03-13T20:02:20","modified_gmt":"2023-03-13T19:02:20","slug":"laboratorium-przetwarzania-czasowo-krytycznego","status":"publish","type":"page","link":"https:\/\/mcb.uksw.edu.pl\/o-nas\/laboratoria\/laboratorium-przetwarzania-czasowo-krytycznego\/","title":{"rendered":"Laboratorium Przetwarzania Czasowo Krytycznego"},"content":{"rendered":"\n<h2 class=\"wp-block-heading\">Opis<\/h2>\n\n\n\n<p>Laboratorium koncentruje swoje dzia\u0142ania wok\u00f3\u0142 przetwarzania danych zwi\u0105zanych z systemami energetycznymi pa\u0144stwa i z zarz\u0105dzaniem ryzykiem w biznesie. Realizuje zadania na potrzeby administracji publicznej, zgodnie z ustaw\u0105 o zarz\u0105dzaniu kryzysowym oraz firm z zakresu zarz\u0105dzania kryzysowego oraz utrzymania ci\u0105g\u0142o\u015bci dzia\u0142ania organizacji. Ponadto laboratorium mo\u017ce pe\u0142ni\u0107 funkcj\u0119 trena\u017cera do warsztat\u00f3w z zakresu zarz\u0105dzania kryzysowego oraz b\u0119dzie mog\u0142o by\u0107 wykorzystywana do prowadzenia bada\u0144 i symulacji w obszarze Disaster Recovery.<\/p>\n\n\n\n<h2 class=\"wp-block-heading\">Us\u0142ugi<\/h2>\n\n\n\n<ul class=\"wp-block-list\">\n<li>Identyfikacja zagro\u017ce\u0144 i analiza ryzyka ich wyst\u0105pienia<\/li>\n\n\n\n<li>Systemowe rozwi\u0105zania w zakresie zapewnienia bezpiecze\u0144stwa pa\u0144stwa i jego obywateli,<\/li>\n\n\n\n<li>Wsparcie s\u0142u\u017cb, inspekcji i stra\u017cy,<\/li>\n\n\n\n<li>Dzia\u0142alno\u015b\u0107 administracji publicznej ze szczeg\u00f3lnym zwr\u00f3ceniem uwagi na funkcjonowanie systemu zarz\u0105dzania kryzysowego<\/li>\n\n\n\n<li>Systemy Zintegrowanego Zarz\u0105dzania organizacj\u0105 biznesow\u0105<\/li>\n\n\n\n<li>Tworzenie i wdra\u017canie zasad i dobrych praktyk zwi\u0105zanych z zapewnieniem organizacji biznesowej bezpiecze\u0144stwa: zarz\u0105dzania ryzykiem, zapewnieniem ci\u0105g\u0142o\u015bci dzia\u0142ania, zarz\u0105dzania kryzysowego,<\/li>\n\n\n\n<li>Wykonywania zada\u0144 zwi\u0105zanych z ochron\u0105 infrastruktury krytycznej<\/li>\n<\/ul>\n\n\n\n<h2 class=\"wp-block-heading\">Odbiorcy<\/h2>\n\n\n\n<p>Administracja publiczna, s\u0142u\u017cby, stra\u017ce, inspekcje, organizacje pozarz\u0105dowe dzia\u0142aj\u0105ce na tym polu, organizacje posiadaj\u0105ce Systemy Zintegrowanego Zarz\u0105dzania, zarz\u0105dzaj\u0105cy infrastruktur\u0105 krytyczn\u0105.<\/p>\n\n\n\r\n<div class=\"\">\r\n\r\n<div class=\"row\">\r\n\r\n  \r\n\r\n\r\n     <div class=\"col-xl-12 col-lg-6 col-md-12 col-sm-12 project\">\r\n\t\t\t<div class=\"contact_box project_box\">\r\n\t\t\t<div class=\"headingh2\">Laboratorium Przetwarzania Czasowo Krytycznego<\/div>\r\n\t\t\t<div class=\"headingh3\">Multidyscyplinarne Centrum Badawcze UKSW<\/div><br>\r\n\r\n\r\n\t\t\t<p>&nbsp;<\/p>\n<p>ul. Marii Konopnickiej 1,<br \/>\n05-092 Dziekan\u00f3w Le\u015bny<\/p>\n<p>tel.: <a href=\"tel:+48 22 380 43 25\">+48 22 380 43 25<\/a><br \/>\nmail: <a href=\"mailto:mcb@uksw.edu.pl\">mcb@uksw.edu.pl<\/a><\/p>\n\t\t\t<\/div>\r\n    <\/div>\r\n\r\n\t\r\n\t \r\n\r\n\r\n<\/div>\r\n  \r\n<\/div>\r\n","protected":false},"excerpt":{"rendered":"<p>Opis Laboratorium koncentruje swoje dzia\u0142ania wok\u00f3\u0142 przetwarzania danych zwi\u0105zanych z systemami energetycznymi pa\u0144stwa i z zarz\u0105dzaniem ryzykiem w biznesie. Realizuje zadania na potrzeby administracji publicznej, zgodnie z ustaw\u0105 o zarz\u0105dzaniu kryzysowym oraz firm z zakresu zarz\u0105dzania kryzysowego oraz utrzymania ci\u0105g\u0142o\u015bci dzia\u0142ania organizacji. Ponadto laboratorium mo\u017ce pe\u0142ni\u0107 funkcj\u0119 trena\u017cera do warsztat\u00f3w z zakresu zarz\u0105dzania kryzysowego oraz [&hellip;]<\/p>\n","protected":false},"author":12,"featured_media":17781,"parent":18003,"menu_order":4,"comment_status":"closed","ping_status":"closed","template":"page-templates\/template-sub-page.php","meta":{"_acf_changed":false,"inline_featured_image":false,"footnotes":"","_links_to":"","_links_to_target":""},"class_list":["post-18009","page","type-page","status-publish","has-post-thumbnail","hentry"],"acf":[],"_links":{"self":[{"href":"https:\/\/mcb.uksw.edu.pl\/pl\/wp-json\/wp\/v2\/pages\/18009","targetHints":{"allow":["GET"]}}],"collection":[{"href":"https:\/\/mcb.uksw.edu.pl\/pl\/wp-json\/wp\/v2\/pages"}],"about":[{"href":"https:\/\/mcb.uksw.edu.pl\/pl\/wp-json\/wp\/v2\/types\/page"}],"author":[{"embeddable":true,"href":"https:\/\/mcb.uksw.edu.pl\/pl\/wp-json\/wp\/v2\/users\/12"}],"replies":[{"embeddable":true,"href":"https:\/\/mcb.uksw.edu.pl\/pl\/wp-json\/wp\/v2\/comments?post=18009"}],"version-history":[{"count":4,"href":"https:\/\/mcb.uksw.edu.pl\/pl\/wp-json\/wp\/v2\/pages\/18009\/revisions"}],"predecessor-version":[{"id":18096,"href":"https:\/\/mcb.uksw.edu.pl\/pl\/wp-json\/wp\/v2\/pages\/18009\/revisions\/18096"}],"up":[{"embeddable":true,"href":"https:\/\/mcb.uksw.edu.pl\/pl\/wp-json\/wp\/v2\/pages\/18003"}],"wp:featuredmedia":[{"embeddable":true,"href":"https:\/\/mcb.uksw.edu.pl\/pl\/wp-json\/wp\/v2\/media\/17781"}],"wp:attachment":[{"href":"https:\/\/mcb.uksw.edu.pl\/pl\/wp-json\/wp\/v2\/media?parent=18009"}],"curies":[{"name":"wp","href":"https:\/\/api.w.org\/{rel}","templated":true}]}}