{"id":18008,"date":"2023-03-13T18:54:42","date_gmt":"2023-03-13T17:54:42","guid":{"rendered":"https:\/\/mcb.uksw.edu.pl\/?page_id=18008"},"modified":"2023-03-13T20:00:24","modified_gmt":"2023-03-13T19:00:24","slug":"laboratorium-cyberbezpieczenstwa","status":"publish","type":"page","link":"https:\/\/mcb.uksw.edu.pl\/o-nas\/laboratoria\/laboratorium-cyberbezpieczenstwa\/","title":{"rendered":"Laboratorium Cyberbezpiecze\u0144stwa"},"content":{"rendered":"\n<h2 class=\"wp-block-heading\">Opis<\/h2>\n\n\n\n<p>Laboratorium prowadzi badania zwi\u0105zane z szeroko poj\u0119t\u0105 tematyk\u0105 cyberbezpiecze\u0144stwa. Bazuje na pracy specjalist\u00f3w z zakresu technicznych i informatycznych zabezpiecze\u0144, a tak\u017ce socjolog\u00f3w, prawnik\u00f3w i psycholog\u00f3w. Dzia\u0142ania prowadz\u0105ce do zwi\u0119kszenia bezpiecze\u0144stwa to: badanie podatno\u015bci na socjotechniki w cyberprzestrzeni, zwi\u0119kszenie cyberbezpiecze\u0144stwa personalnego oraz tworzenie rozwi\u0105za\u0144 w metodologiach secure by design, built-in-security oraz built-in-privacy.<\/p>\n\n\n\n<h2 class=\"wp-block-heading\">Us\u0142ugi<\/h2>\n\n\n\n<ul class=\"wp-block-list\">\n<li>Analizy ryzyka, analiza potrzeb w dziedzinie bezpiecze\u0144stwa<\/li>\n\n\n\n<li>Dopasowanie modeli szkoleniowych<\/li>\n\n\n\n<li>Budowanie kompetecji<\/li>\n\n\n\n<li>Analiza rozwi\u0105za\u0144 prawnych<\/li>\n\n\n\n<li>Identyfikacja zagro\u017ce\u0144<\/li>\n\n\n\n<li>Cyberbezpiecze\u0144stwo infrastruktury i system\u00f3w ICT,<\/li>\n\n\n\n<li>Ochrona prywatno\u015bci we wsp\u00f3\u0142czesnym spo\u0142ecze\u0144stwie cyfrowym,<\/li>\n\n\n\n<li>Budowa \u015bwiadomo\u015bci w dziedzinie bezpiecze\u0144stwa<\/li>\n<\/ul>\n\n\n\n<h2 class=\"wp-block-heading\">Odbiorcy<\/h2>\n\n\n\n<p>Przedsi\u0119biorstwa produkcyjne, firmy us\u0142ugowe ze sprzeda\u017c\u0105 on-line, firmy przetwarzaj\u0105ce du\u017ce ilo\u015bci danych oraz firmy przetwarzaj\u0105ce dane chronione, administracja publiczna, firmy informatyczne, edukacja.<\/p>\n\n\n\r\n<div class=\"\">\r\n\r\n<div class=\"row\">\r\n\r\n  \r\n\r\n\r\n     <div class=\"col-xl-12 col-lg-6 col-md-12 col-sm-12 project\">\r\n\t\t\t<div class=\"contact_box project_box\">\r\n\t\t\t<div class=\"headingh2\">Laboratorium Cyberbezpiecze\u0144stwa<\/div>\r\n\t\t\t<div class=\"headingh3\">Multidyscyplinarne Centrum Badawcze UKSW<\/div><br>\r\n\r\n\r\n\t\t\t<p>&nbsp;<\/p>\n<p>ul. Marii Konopnickiej 1,<br \/>\n05-092 Dziekan\u00f3w Le\u015bny<\/p>\n<p>tel.: <a href=\"tel:+48 22 380 43 25\">+48 22 380 43 25<\/a><br \/>\nmail: <a href=\"mailto:mcb@uksw.edu.pl\">mcb@uksw.edu.pl<\/a><\/p>\n\t\t\t<\/div>\r\n    <\/div>\r\n\r\n\t\r\n\t \r\n\r\n\r\n<\/div>\r\n  \r\n<\/div>\r\n","protected":false},"excerpt":{"rendered":"<p>Opis Laboratorium prowadzi badania zwi\u0105zane z szeroko poj\u0119t\u0105 tematyk\u0105 cyberbezpiecze\u0144stwa. Bazuje na pracy specjalist\u00f3w z zakresu technicznych i informatycznych zabezpiecze\u0144, a tak\u017ce socjolog\u00f3w, prawnik\u00f3w i psycholog\u00f3w. Dzia\u0142ania prowadz\u0105ce do zwi\u0119kszenia bezpiecze\u0144stwa to: badanie podatno\u015bci na socjotechniki w cyberprzestrzeni, zwi\u0119kszenie cyberbezpiecze\u0144stwa personalnego oraz tworzenie rozwi\u0105za\u0144 w metodologiach secure by design, built-in-security oraz built-in-privacy. Us\u0142ugi Odbiorcy Przedsi\u0119biorstwa [&hellip;]<\/p>\n","protected":false},"author":12,"featured_media":17781,"parent":18003,"menu_order":3,"comment_status":"closed","ping_status":"closed","template":"page-templates\/template-sub-page.php","meta":{"_acf_changed":false,"inline_featured_image":false,"footnotes":"","_links_to":"","_links_to_target":""},"class_list":["post-18008","page","type-page","status-publish","has-post-thumbnail","hentry"],"acf":[],"_links":{"self":[{"href":"https:\/\/mcb.uksw.edu.pl\/pl\/wp-json\/wp\/v2\/pages\/18008","targetHints":{"allow":["GET"]}}],"collection":[{"href":"https:\/\/mcb.uksw.edu.pl\/pl\/wp-json\/wp\/v2\/pages"}],"about":[{"href":"https:\/\/mcb.uksw.edu.pl\/pl\/wp-json\/wp\/v2\/types\/page"}],"author":[{"embeddable":true,"href":"https:\/\/mcb.uksw.edu.pl\/pl\/wp-json\/wp\/v2\/users\/12"}],"replies":[{"embeddable":true,"href":"https:\/\/mcb.uksw.edu.pl\/pl\/wp-json\/wp\/v2\/comments?post=18008"}],"version-history":[{"count":5,"href":"https:\/\/mcb.uksw.edu.pl\/pl\/wp-json\/wp\/v2\/pages\/18008\/revisions"}],"predecessor-version":[{"id":18132,"href":"https:\/\/mcb.uksw.edu.pl\/pl\/wp-json\/wp\/v2\/pages\/18008\/revisions\/18132"}],"up":[{"embeddable":true,"href":"https:\/\/mcb.uksw.edu.pl\/pl\/wp-json\/wp\/v2\/pages\/18003"}],"wp:featuredmedia":[{"embeddable":true,"href":"https:\/\/mcb.uksw.edu.pl\/pl\/wp-json\/wp\/v2\/media\/17781"}],"wp:attachment":[{"href":"https:\/\/mcb.uksw.edu.pl\/pl\/wp-json\/wp\/v2\/media?parent=18008"}],"curies":[{"name":"wp","href":"https:\/\/api.w.org\/{rel}","templated":true}]}}