{"id":18007,"date":"2023-03-13T18:54:23","date_gmt":"2023-03-13T17:54:23","guid":{"rendered":"https:\/\/mcb.uksw.edu.pl\/?page_id=18007"},"modified":"2023-03-13T19:57:54","modified_gmt":"2023-03-13T18:57:54","slug":"laboratorium-metod-numerycznych-i-analiz","status":"publish","type":"page","link":"https:\/\/mcb.uksw.edu.pl\/o-nas\/laboratoria\/laboratorium-metod-numerycznych-i-analiz\/","title":{"rendered":"Laboratorium Metod Numerycznych i Analiz"},"content":{"rendered":"\n<h2 class=\"wp-block-heading\">Opis<\/h2>\n\n\n\n<p>Laboratorium zajmuje si\u0119 realizacj\u0105 pe\u0142nego cyklu obs\u0142ugi i przetwarzania danych. Od proces\u00f3w akwizycji danych po\u0142\u0105czone wraz z napraw\u0105 i strukturyzacj\u0105, poprzez stworzenie warunk\u00f3w gwarantuj\u0105cych bezpieczn\u0105 archiwizacj\u0119 oraz udost\u0119pnianie, do implementacji rozwi\u0105za\u0144 umo\u017cliwiaj\u0105cych wielopoziomowe przetwarzanie na potrzeby analityki oraz r\u00f3\u017cnych obszar\u00f3w modelowania matematycznego.<\/p>\n\n\n\n<h2 class=\"wp-block-heading\">Us\u0142ugi<\/h2>\n\n\n\n<ul class=\"wp-block-list\">\n<li>Prognozowanie i modelowanie danych finansowych<\/li>\n\n\n\n<li>Analizy ryzyka, zarz\u0105dzanie jako\u015bci\u0105,<\/li>\n\n\n\n<li>Analizy medi\u00f3w spo\u0142eczno\u015bciowych i nastroj\u00f3w spo\u0142ecznych<\/li>\n\n\n\n<li>Planowanie popytu<\/li>\n\n\n\n<li>Zarz\u0105dzanie zdrowiem publicznym<\/li>\n\n\n\n<li>Analizy marketingowe<\/li>\n\n\n\n<li>Wizualizacja, wektoryzacja danych, zapytania przestrzenne<\/li>\n<\/ul>\n\n\n\n<h2 class=\"wp-block-heading\">Odbiorcy<\/h2>\n\n\n\n<p>Finanse, bankowo\u015b\u0107, ubezpieczenia, administracja publiczna, przemys\u0142, handel detaliczny i FMCG (Fast-Moving Consumer Goods), HoReCa (Hotel, Restaurant, Catering\/Caf\u00e9), IT, telekomunikacja, CRO (Contract Research Organization), rynek medyczny i farmaceutyczny, turystyka, new media i social media, marketing i sprzeda\u017c, edukacja, energetyka, bezpiecze\u0144stwo.<\/p>\n\n\n\r\n<div class=\"\">\r\n\r\n<div class=\"row\">\r\n\r\n  \r\n\r\n\r\n     <div class=\"col-xl-12 col-lg-6 col-md-12 col-sm-12 project\">\r\n\t\t\t<div class=\"contact_box project_box\">\r\n\t\t\t<div class=\"headingh2\">Laboratorium Metod Numerycznych i Analiz<\/div>\r\n\t\t\t<div class=\"headingh3\">Multidyscyplinarne Centrum Badawcze UKSW<\/div><br>\r\n\r\n\r\n\t\t\t<p>&nbsp;<\/p>\n<p>ul. Marii Konopnickiej 1,<br \/>\n05-092 Dziekan\u00f3w Le\u015bny<\/p>\n<p>tel.: <a href=\"tel:+48 22 380 43 25\">+48 22 380 43 25<\/a><br \/>\nmail: <a href=\"mailto:mcb@uksw.edu.pl\">mcb@uksw.edu.pl<\/a><\/p>\n\t\t\t<\/div>\r\n    <\/div>\r\n\r\n\t\r\n\t \r\n\r\n\r\n<\/div>\r\n  \r\n<\/div>\r\n","protected":false},"excerpt":{"rendered":"<p>Opis Laboratorium zajmuje si\u0119 realizacj\u0105 pe\u0142nego cyklu obs\u0142ugi i przetwarzania danych. Od proces\u00f3w akwizycji danych po\u0142\u0105czone wraz z napraw\u0105 i strukturyzacj\u0105, poprzez stworzenie warunk\u00f3w gwarantuj\u0105cych bezpieczn\u0105 archiwizacj\u0119 oraz udost\u0119pnianie, do implementacji rozwi\u0105za\u0144 umo\u017cliwiaj\u0105cych wielopoziomowe przetwarzanie na potrzeby analityki oraz r\u00f3\u017cnych obszar\u00f3w modelowania matematycznego. Us\u0142ugi Odbiorcy Finanse, bankowo\u015b\u0107, ubezpieczenia, administracja publiczna, przemys\u0142, handel detaliczny i FMCG [&hellip;]<\/p>\n","protected":false},"author":12,"featured_media":17781,"parent":18003,"menu_order":2,"comment_status":"closed","ping_status":"closed","template":"page-templates\/template-sub-page.php","meta":{"_acf_changed":false,"inline_featured_image":false,"footnotes":"","_links_to":"","_links_to_target":""},"class_list":["post-18007","page","type-page","status-publish","has-post-thumbnail","hentry"],"acf":[],"_links":{"self":[{"href":"https:\/\/mcb.uksw.edu.pl\/pl\/wp-json\/wp\/v2\/pages\/18007","targetHints":{"allow":["GET"]}}],"collection":[{"href":"https:\/\/mcb.uksw.edu.pl\/pl\/wp-json\/wp\/v2\/pages"}],"about":[{"href":"https:\/\/mcb.uksw.edu.pl\/pl\/wp-json\/wp\/v2\/types\/page"}],"author":[{"embeddable":true,"href":"https:\/\/mcb.uksw.edu.pl\/pl\/wp-json\/wp\/v2\/users\/12"}],"replies":[{"embeddable":true,"href":"https:\/\/mcb.uksw.edu.pl\/pl\/wp-json\/wp\/v2\/comments?post=18007"}],"version-history":[{"count":4,"href":"https:\/\/mcb.uksw.edu.pl\/pl\/wp-json\/wp\/v2\/pages\/18007\/revisions"}],"predecessor-version":[{"id":18094,"href":"https:\/\/mcb.uksw.edu.pl\/pl\/wp-json\/wp\/v2\/pages\/18007\/revisions\/18094"}],"up":[{"embeddable":true,"href":"https:\/\/mcb.uksw.edu.pl\/pl\/wp-json\/wp\/v2\/pages\/18003"}],"wp:featuredmedia":[{"embeddable":true,"href":"https:\/\/mcb.uksw.edu.pl\/pl\/wp-json\/wp\/v2\/media\/17781"}],"wp:attachment":[{"href":"https:\/\/mcb.uksw.edu.pl\/pl\/wp-json\/wp\/v2\/media?parent=18007"}],"curies":[{"name":"wp","href":"https:\/\/api.w.org\/{rel}","templated":true}]}}