{"id":17976,"date":"2022-11-29T14:03:02","date_gmt":"2022-11-29T13:03:02","guid":{"rendered":"https:\/\/jednostki.uksw.edu.pl\/mcb\/?page_id=17976"},"modified":"2022-11-29T14:04:31","modified_gmt":"2022-11-29T13:04:31","slug":"polityka-prywatnosci","status":"publish","type":"page","link":"https:\/\/mcb.uksw.edu.pl\/polityka-prywatnosci\/","title":{"rendered":"Polityka prywatno\u015bci"},"content":{"rendered":"\n<p>Niniejszy dokument stanowi opis regulacji i&nbsp;postanowie\u0144 zwi\u0105zanych z&nbsp;korzystaniem z&nbsp;serwisu internetowego Centrum Cyfrowej Nauki i&nbsp;Technologii Uniwersytetu Kardyna\u0142a Stefana Wyszy\u0144skiego w&nbsp;Warszawie. Informuje on w&nbsp;jaki spos\u00f3b przetwarzane s\u0105 dane osobowe U\u017cytkownik\u00f3w naszego serwisu internetowego oraz&nbsp;uwzgl\u0119dnia nast\u0119puj\u0105ce kwestie: kto jest administratorem danych osobowych U\u017cytkownik\u00f3w, jakie dane s\u0105 przetwarzane oraz&nbsp;w&nbsp;jakim celu i&nbsp;na&nbsp;jakiej podstawie jest to&nbsp;dokonywane, jak d\u0142ugo te dane s\u0105 przetwarzane, komu&nbsp;udost\u0119pniane s\u0105 zebrane dane oraz&nbsp;jakie prawa przys\u0142uguj\u0105 Pa\u0144stwu jako naszym U\u017cytkownikom i&nbsp;tym samym podmiotom danych osobowych.<\/p>\n\n\n\n<p>Centrum Cyfrowej Nauki i&nbsp;Technologii Uniwersytetu Kardyna\u0142a Stefana Wyszy\u0144skiego w&nbsp;Warszawie, b\u0119d\u0105ce jednostk\u0105 og\u00f3lnouczelnian\u0105, szanuje prawo do&nbsp;prywatno\u015bci U\u017cytkownik\u00f3w serwisu internetowego CNT i&nbsp;gwarantuje im prawo selekcji udost\u0119pnianych informacji, kt\u00f3re ich dotycz\u0105. Centrum Cyfrowej Nauki i&nbsp;Technologii gwarantuje r\u00f3wnie\u017c, \u017ce&nbsp;dane osobowe U\u017cytkownik\u00f3w serwisu internetowego CNT s\u0105 przetwarzane zgodnie z&nbsp;obowi\u0105zuj\u0105cymi normami Unii Europejskiej i&nbsp;przepisami prawa polskiego.<\/p>\n\n\n\n<p>G\u0142\u00f3wnym celem publikacji niniejszego dokumentu jest zapewnienie Pa\u0144stwu poczucia bezpiecze\u0144stwa podczas korzystania z&nbsp;naszego Serwisu, gdy\u017c&nbsp;Pa\u0144stwa prywatno\u015b\u0107 i&nbsp;ochrona danych osobowych s\u0105 dla nas kluczowym elementem, wp\u0142ywaj\u0105cym na&nbsp;jako\u015b\u0107 do\u015bwiadcze\u0144 zwi\u0105zanych z&nbsp;jego odwiedzaniem. Staranne zapoznanie si\u0119 z&nbsp;dokumentem okre\u015blaj\u0105cym polityk\u0119 prywatno\u015bci CNT pozwoli Pa\u0144stwu na&nbsp;zaczerpni\u0119cie wiedzy zwi\u0105zanej ze&nbsp;sposobem dzia\u0142ania Serwisu jak i&nbsp;sposobem w&nbsp;jaki przetwarzane s\u0105 Pa\u0144stwa dane.<\/p>\n\n\n\n<p>Centrum Cyfrowej Nauki i&nbsp;Technologii Uniwersytetu Kardyna\u0142a Stefana Wyszy\u0144skiego w&nbsp;Warszawie dok\u0142ada wszelkich stara\u0144, by&nbsp;wszystkie za\u0142o\u017cenia zawarte w&nbsp;niniejszym dokumencie by\u0142y traktowane z&nbsp;zachowaniem pe\u0142nej odpowiedzialno\u015bci i&nbsp;nale\u017cytych \u015brodk\u00f3w ostro\u017cno\u015bci.<\/p>\n\n\n\n<p>Nasza Polityka prywatno\u015bci informuje o&nbsp;sposobie wykorzystywania nale\u017c\u0105cych do&nbsp;U\u017cytkownik\u00f3w danych osobowych, wzgl\u0119dem kt\u00f3rych&nbsp;spe\u0142niamy wszystkie wymogi Rozporz\u0105dzenia Parlamentu Europejskiego i&nbsp;Rady (UE) 2016\/679 z&nbsp;dnia 27 kwietnia 2016 r. w&nbsp;sprawie ochrony os\u00f3b fizycznych w&nbsp;zwi\u0105zku z&nbsp;przetwarzaniem danych osobowych i&nbsp;w&nbsp;sprawie swobodnego przep\u0142ywu takich danych oraz&nbsp;uchylenia dyrektywy 95\/46\/WE (og\u00f3lne rozporz\u0105dzenie o&nbsp;ochronie danych \u2013 dalej jako: \u201eRODO\u201d).<\/p>\n\n\n\n<h2 class=\"wp-block-heading\">Administrator danych osobowych<\/h2>\n\n\n\n<p>Administratorem Pa\u0144stwa danych osobowych w&nbsp;rozumieniu RODO, jest Uniwersytet Kardyna\u0142a Stefana Wyszy\u0144skiego w&nbsp;Warszawie (dalej jako: UKSW) z&nbsp;siedzib\u0105 w&nbsp;Warszawie (01-815), przy ul.&nbsp;Dewajtis 5. UKSW decyduje o&nbsp;celach i&nbsp;sposobach przetwarzania Pa\u0144stwa danych osobowych (jak Pa\u0144stwa dane b\u0119d\u0105 wykorzystywane).<\/p>\n\n\n\n<p>W&nbsp;zwi\u0105zku ze&nbsp;sprawami dotycz\u0105cymi ochrony danych osobowych (mi\u0119dzy innymi: naruszenie bezpiecze\u0144stwa prowadz\u0105ce do&nbsp;przypadkowego lub niezgodnego z&nbsp;prawem zniszczenia danych osobowych, utracenie danych osobowych, zmodyfikowanie danych osobowych, nieuprawnione ujawnienie danych osobowych lub nieuprawniony dost\u0119p do&nbsp;danych osobowych przesy\u0142anych, przechowywanych lub przetwarzanych w&nbsp;inny spos\u00f3b), istnieje r\u00f3wnie\u017c mo\u017cliwo\u015b\u0107 kontaktu z&nbsp;Administratorem za&nbsp;po\u015brednictwem nast\u0119puj\u0105cego adresu e-mail:&nbsp;<a href=\"mailto:odo@cnt.edu.pl\">odo@cnt.edu.pl<\/a>&nbsp;lub wyznaczonym przez&nbsp;Administratora Inspektorem Ochrony Danych w&nbsp;Uniwersytecie Kardyna\u0142a Stefana Wyszy\u0144skiego w&nbsp;Warszawie (IOD \u2013 nr&nbsp;tel.&nbsp;22\/5619034; e-mail:&nbsp;<a href=\"mailto:iod@uksw.edu.pl\">iod@uksw.edu.pl<\/a>).<\/p>\n\n\n\n<p>Wszelkie naruszenia zwi\u0105zane z&nbsp;ochron\u0105 danych osobowych, mo\u017cna tak\u017ce zg\u0142asza\u0107 za&nbsp;po\u015brednictwem specjalnego formularza kontaktowego, znajduj\u0105cego si\u0119 na&nbsp;stronie internetowej:&nbsp;<a href=\"https:\/\/uksw.edu.pl\/pl\/odo-naruszenia\" target=\"_blank\" rel=\"noreferrer noopener\">https:\/\/uksw.edu.pl\/pl\/odo-naruszenia<\/a><\/p>\n\n\n\n<h2 class=\"wp-block-heading\">Cele i\u00a0podstawy prawne przetwarzania danych<\/h2>\n\n\n\n<p>Pa\u0144stwa dane osobowe mog\u0105 by\u0107 przetwarzane przez&nbsp;Administratora na&nbsp;podstawie art. 6 ust. 1 lit. c RODO, w&nbsp;celach zwi\u0105zanych z&nbsp;realizacj\u0105 obowi\u0105zk\u00f3w prawnych, wynikaj\u0105cych z&nbsp;dzia\u0142alno\u015bci Uniwersytetu (Prawo o&nbsp;szkolnictwie wy\u017cszym i&nbsp;nauce oraz&nbsp;wydanych na&nbsp;jej podstawie akt\u00f3w wykonawczych oraz&nbsp;Statutu Uniwersytetu i&nbsp;wydanych na&nbsp;jego podstawie przepis\u00f3w wewn\u0105trzuczelnianych); art. 6 ust. 1 lit. b RODO \u2013 w&nbsp;obszarze realizacji zawartych um\u00f3w, gdzie stron\u0105 jest osoba, kt\u00f3rej&nbsp;dane dotycz\u0105, lub do&nbsp;podj\u0119cia dzia\u0142a\u0144 na&nbsp;\u017c\u0105danie osoby, kt\u00f3rej&nbsp;dane dotycz\u0105 przed&nbsp;zawarciem umowy; art. 6 ust. 1 lit. e RODO (np.&nbsp;w&nbsp;celu prowadzenia monitoringu wizyjnego), gdzie przetwarzanie jest niezb\u0119dne do&nbsp;wykonania zadania realizowanego w&nbsp;interesie publicznym; art. 6 ust. 1 lit. f RODO, gdzie w&nbsp;zakresie dzia\u0142ania w&nbsp;mediach spo\u0142eczno\u015bciowych administrator przetwarza dane osobowe w&nbsp;celu: prowadzenia profil\u00f3w\/kana\u0142\u00f3w w&nbsp;mediach spo\u0142eczno\u015bciowych, kontaktu z&nbsp;u\u017cytkownikami, informowania o&nbsp;aktywno\u015bci administratora; art. 6 ust. 1 lit. a, gdzie osoba, kt\u00f3rej&nbsp;dane dotycz\u0105 wyrazi\u0142a zgod\u0119 na&nbsp;przetwarzanie swoich danych osobowych w&nbsp;jednym lub wi\u0119kszej liczbie okre\u015blonych cel\u00f3w.<\/p>\n\n\n\n<h2 class=\"wp-block-heading\">Przekazywanie danych osobowych<\/h2>\n\n\n\n<p>Dost\u0119p do&nbsp;danych osobowych U\u017cytkownika posiadaj\u0105 wy\u0142\u0105cznie upowa\u017cnieni przez&nbsp;Administratora pracownicy w&nbsp;niezb\u0119dnym zakresie. Dane mog\u0105 zosta\u0107 przekazane podmiotom wy\u0142\u0105cznie podmiotom umiejscowionym w&nbsp;ramach Europejskiego Obszaru Gospodarczego i&nbsp;przez&nbsp;to&nbsp;podlegaj\u0105cym surowym przepisom unijnym o&nbsp;ochronie danych, lub takim, kt\u00f3re wi\u0105\u017ce odpowiedni standard bezpiecze\u0144stwa \u2013 przetwarzaj\u0105cym je na&nbsp;nasze zlecenie na&nbsp;podstawie um\u00f3w zawartych z&nbsp;Administratorem, lecz&nbsp;tylko&nbsp;w&nbsp;celu i&nbsp;zakresie wymaganym dla realizacji ww. cel\u00f3w (w&nbsp;tym: m.in.&nbsp;podmiotom \u015bwiadcz\u0105cym na&nbsp;nasz\u0105 rzecz us\u0142ugi informatyczne lub inne us\u0142ugi zapewniaj\u0105ce prawid\u0142owe funkcjonowanie Serwisu. Podmioty te, przetwarzaj\u0105 dane wy\u0142\u0105cznie wed\u0142ug dyrektyw przekazanych przez&nbsp;Administratora. Dane U\u017cytkownika nie&nbsp;s\u0105 przekazywane do&nbsp;kraj\u00f3w trzecich.<\/p>\n\n\n\n<h2 class=\"wp-block-heading\">Okres przechowywania danych osobowych<\/h2>\n\n\n\n<p>Pa\u0144stwa dane osobowe s\u0105 przetwarzane wy\u0142\u0105cznie przez&nbsp;okres niezb\u0119dny, wynikaj\u0105cy z&nbsp;odpowiednich przepis\u00f3w prawa i&nbsp;umo\u017cliwiaj\u0105cy realizacj\u0119 celu, o&nbsp;kt\u00f3rym&nbsp;mowa w&nbsp;ust. 2 lub do&nbsp;zg\u0142oszenia skutecznego sprzeciwu wzgl\u0119dem przetwarzania danych osobowych \u2013 w&nbsp;szczeg\u00f3lno\u015bci do&nbsp;momentu przedawnienia ewentualnych roszcze\u0144 lub wyga\u015bni\u0119cia obowi\u0105zku archiwizacji, w&nbsp;tym obowi\u0105zku dotycz\u0105cego przechowywania dokument\u00f3w ksi\u0119gowych.<\/p>\n\n\n\n<p>Okres przetwarzania danych osobowych mo\u017ce zosta\u0107 przed\u0142u\u017cony zgodnie z&nbsp;odpowiednimi przepisami prawa, je\u015bli ich przetwarzanie jest niezb\u0119dne do&nbsp;dochodzenia lub wyja\u015bniania roszcze\u0144. Po&nbsp;tym okresie, dane osobowe b\u0119d\u0105 usuwane lub zanonimizowane.<\/p>\n\n\n\n<p>W&nbsp;razie przetwarzania danych osobowych w&nbsp;oparciu o&nbsp;zgod\u0119 wyra\u017con\u0105 przez&nbsp;U\u017cytkownika, dane te b\u0119d\u0105 przechowywane do&nbsp;momentu jej wycofania. Wycofanie zg\u00f3d wyra\u017conych w&nbsp;serwisie CNT jest mo\u017cliwe w&nbsp;ka\u017cdej chwili.<\/p>\n\n\n\n<h2 class=\"wp-block-heading\">Prawo dost\u0119pu do\u00a0danych<\/h2>\n\n\n\n<p>Przys\u0142uguje Pa\u0144stwu prawo do&nbsp;uzyskania informacji uj\u0119tych w&nbsp;art. 15 RODO. W&nbsp;przypadku w\u0105tpliwo\u015bci dotycz\u0105cych to\u017csamo\u015bci osoby fizycznej sk\u0142adaj\u0105cej wniosek o&nbsp;udost\u0119pnienie danych osobowych, Administrator mo\u017ce za\u017c\u0105da\u0107 dodatkowych informacji, wymaganych w&nbsp;celu potwierdzenia to\u017csamo\u015bci osoby, kt\u00f3rej&nbsp;dotycz\u0105 przetwarzane dane (zgodnie z&nbsp;art. 12 ust. 6 RODO).<\/p>\n\n\n\n<h2 class=\"wp-block-heading\">Prawo wniesienia skargi do\u00a0organu nadzorczego ochrony danych osobowych<\/h2>\n\n\n\n<p>W&nbsp;momencie gdy&nbsp;uzasadnione jest, \u017ce&nbsp;Pa\u0144stwa dane osobowe przetwarzane s\u0105 przez&nbsp;administratora niezgodnie z&nbsp;RODO, posiadaj\u0105 Pa\u0144stwo prawo wniesienia skargi do&nbsp;organu nadzorczego ochrony danych osobowych, jakim jest w&nbsp;Polsce Prezes Urz\u0119du Ochrony Danych Osobowych.<\/p>\n\n\n\n<h2 class=\"wp-block-heading\">Pozosta\u0142e prawa przys\u0142uguj\u0105ce U\u017cytkownikowi jako podmiotowi danych osobowych<\/h2>\n\n\n\n<p>W&nbsp;zwi\u0105zku z&nbsp;przetwarzaniem Pa\u0144stwa danych osobowych przez&nbsp;Centrum Cyfrowej Nauki i&nbsp;Technologii Uniwersytetu Kardyna\u0142a Stefana Wyszy\u0144skiego w&nbsp;Warszawie, przys\u0142uguje Pa\u0144stwu prawo do:<\/p>\n\n\n\n<ul class=\"wp-block-list\">\n<li>\u017c\u0105dania aktualizacji\/sprostowania Pa\u0144stwa danych (zgodnie z&nbsp;art. 16 RODO);<\/li>\n\n\n\n<li>ograniczenia przetwarzania danych (zgodnie z&nbsp;art. 18 RODO);<\/li>\n\n\n\n<li>przenoszenia danych osobowych (zgodnie z&nbsp;art. 20 RODO);<\/li>\n\n\n\n<li>usuni\u0119cia danych (prawo do&nbsp;bycia zapomnianym \u2013 zgodnie z&nbsp;art. 17 RODO);<\/li>\n\n\n\n<li>wniesienia sprzeciwu wobec przetwarzania danych osobowych (zgodnie z&nbsp;art. 21 RODO);<\/li>\n\n\n\n<li>wycofania zgody na&nbsp;przetwarzanie danych osobowych w&nbsp;dowolnym momencie, w&nbsp;przypadku, gdy&nbsp;odbywa si\u0119 ono na&nbsp;podstawie art. 6 ust. 1 pkt a) RODO.<\/li>\n<\/ul>\n\n\n\n<h2 class=\"wp-block-heading\">Prawo do\u00a0wprowadzania zmian w\u00a0Polityce prywatno\u015bci<\/h2>\n\n\n\n<p>Zastrzegamy sobie prawo do&nbsp;wprowadzania zmian w&nbsp;Polityce prywatno\u015bci w&nbsp;dowolnym czasie \u2013 w&nbsp;celu zapewnienia, i\u017c niniejszy dokument stale spe\u0142nia aktualne wymogi uj\u0119te w&nbsp;przepisach prawa. Powy\u017csze ma r\u00f3wnie\u017c zastosowanie w&nbsp;momencie, gdy&nbsp;polityka prywatno\u015bci wymaga zmian, by&nbsp;obj\u0105\u0107 ni\u0105 nowe lub zmodyfikowane us\u0142ugi Serwisu.<\/p>\n","protected":false},"excerpt":{"rendered":"<p>Niniejszy dokument stanowi opis regulacji i&nbsp;postanowie\u0144 zwi\u0105zanych z&nbsp;korzystaniem z&nbsp;serwisu internetowego Centrum Cyfrowej Nauki i&nbsp;Technologii Uniwersytetu Kardyna\u0142a Stefana Wyszy\u0144skiego w&nbsp;Warszawie. Informuje on w&nbsp;jaki spos\u00f3b przetwarzane s\u0105 dane osobowe U\u017cytkownik\u00f3w naszego serwisu internetowego oraz&nbsp;uwzgl\u0119dnia nast\u0119puj\u0105ce kwestie: kto jest administratorem danych osobowych U\u017cytkownik\u00f3w, jakie dane s\u0105 przetwarzane oraz&nbsp;w&nbsp;jakim celu i&nbsp;na&nbsp;jakiej podstawie jest to&nbsp;dokonywane, jak d\u0142ugo te dane s\u0105 [&hellip;]<\/p>\n","protected":false},"author":1,"featured_media":0,"parent":0,"menu_order":0,"comment_status":"closed","ping_status":"closed","template":"page-templates\/template-standerd-page.php","meta":{"_acf_changed":false,"inline_featured_image":false,"footnotes":"","_links_to":"","_links_to_target":""},"class_list":["post-17976","page","type-page","status-publish","hentry"],"acf":[],"_links":{"self":[{"href":"https:\/\/mcb.uksw.edu.pl\/pl\/wp-json\/wp\/v2\/pages\/17976","targetHints":{"allow":["GET"]}}],"collection":[{"href":"https:\/\/mcb.uksw.edu.pl\/pl\/wp-json\/wp\/v2\/pages"}],"about":[{"href":"https:\/\/mcb.uksw.edu.pl\/pl\/wp-json\/wp\/v2\/types\/page"}],"author":[{"embeddable":true,"href":"https:\/\/mcb.uksw.edu.pl\/pl\/wp-json\/wp\/v2\/users\/1"}],"replies":[{"embeddable":true,"href":"https:\/\/mcb.uksw.edu.pl\/pl\/wp-json\/wp\/v2\/comments?post=17976"}],"version-history":[{"count":3,"href":"https:\/\/mcb.uksw.edu.pl\/pl\/wp-json\/wp\/v2\/pages\/17976\/revisions"}],"predecessor-version":[{"id":17981,"href":"https:\/\/mcb.uksw.edu.pl\/pl\/wp-json\/wp\/v2\/pages\/17976\/revisions\/17981"}],"wp:attachment":[{"href":"https:\/\/mcb.uksw.edu.pl\/pl\/wp-json\/wp\/v2\/media?parent=17976"}],"curies":[{"name":"wp","href":"https:\/\/api.w.org\/{rel}","templated":true}]}}